{"id":8794,"date":"2025-10-02T21:50:46","date_gmt":"2025-10-02T19:50:46","guid":{"rendered":"https:\/\/www.ngdcare.nl\/?post_type=product&#038;p=8794"},"modified":"2025-10-02T22:03:28","modified_gmt":"2025-10-02T20:03:28","slug":"essence-de-lintestin-chakras-3-et-6-kopie-2","status":"publish","type":"product","link":"https:\/\/www.ngdcare.nl\/fr\/product\/remedes-floraux-fr\/essence-de-lintestin-chakras-3-et-6-kopie-2\/","title":{"rendered":"Essence de l\u2019intestin \u2013 Chakras 3 et 6"},"content":{"rendered":"<p data-start=\"458\" data-end=\"660\"><strong data-start=\"458\" data-end=\"473\">Gut Feeling<\/strong> est une essence florale soigneusement compos\u00e9e qui relie le <strong data-start=\"529\" data-end=\"591\">troisi\u00e8me chakra (force personnelle, d\u00e9cision et direction)<\/strong> et le <strong data-start=\"599\" data-end=\"637\">sixi\u00e8me chakra (intuition et perspicacit\u00e9).<\/strong><\/p>\n<p data-start=\"662\" data-end=\"1040\">Ce rem\u00e8de s\u2019adresse aux personnes qui ont de la difficult\u00e9 \u00e0 faire des choix, qui ne sont pas s\u00fbres d\u2019elles ou qui sont trop \u00ab dans la t\u00eate \u00bb. Le troisi\u00e8me chakra repr\u00e9sente la volont\u00e9 et la direction, tandis que le sixi\u00e8me chakra est li\u00e9 \u00e0 la perception intuitive et \u00e0 la connaissance int\u00e9rieure. Lorsque ces centres deviennent d\u00e9s\u00e9quilibr\u00e9s, cela peut conduire \u00e0 la confusion, \u00e0 l\u2019ind\u00e9cision ou \u00e0 un contr\u00f4le excessif.  <\/p>\n<p data-start=\"1042\" data-end=\"1187\">L\u2019intuition aide \u00e0 harmoniser la pens\u00e9e, le sentiment et l\u2019action les uns avec les autres \u2013 de sorte que les choix peuvent \u00eatre faits \u00e0 partir d\u2019une boussole int\u00e9rieure pure.<\/p>\n<p data-start=\"1189\" data-end=\"1477\"><strong data-start=\"1189\" data-end=\"1206\">Pour les enfants<\/strong><br data-start=\"1206\" data-end=\"1209\">Les enfants qui sont sensibles aux stimuli ou qui ont des difficult\u00e9s \u00e0 avoir confiance en eux peuvent b\u00e9n\u00e9ficier de ce rem\u00e8de. Cela les aide \u00e0 mieux faire confiance \u00e0 leurs propres sentiments, \u00e0 \u00eatre moins guid\u00e9s par la peur ou la peur de l\u2019\u00e9chec, et \u00e0 suivre leur intuition de mani\u00e8re ludique. <\/p>\n<p data-start=\"1479\" data-end=\"1524\"><strong data-start=\"1479\" data-end=\"1522\">Application chez l\u2019adulte et l\u2019enfant :<\/strong><\/p>\n<ul data-start=\"1525\" data-end=\"1732\">\n<li data-start=\"1525\" data-end=\"1551\">\n<p data-start=\"1527\" data-end=\"1551\">En cas de stress et d\u2019inqui\u00e9tude<\/p>\n<\/li>\n<li data-start=\"1552\" data-end=\"1589\">\n<p data-start=\"1554\" data-end=\"1589\">En cas de peur de l\u2019\u00e9chec ou de l\u2019ind\u00e9cision<\/p>\n<\/li>\n<li data-start=\"1590\" data-end=\"1637\">\n<p data-start=\"1592\" data-end=\"1637\">En cas de blocages dans la confiance en soi ou l\u2019intuition<\/p>\n<\/li>\n<li data-start=\"1638\" data-end=\"1680\">\n<p data-start=\"1640\" data-end=\"1680\">En cas de surstimulation et de sensibilit\u00e9 \u00e9lev\u00e9e<\/p>\n<\/li>\n<li data-start=\"1681\" data-end=\"1732\">\n<p data-start=\"1683\" data-end=\"1732\">Comme soutien contre le burn-out et l\u2019\u00e9puisement \u00e9motionnel<\/p>\n<\/li>\n<\/ul>\n<p data-start=\"1734\" data-end=\"1767\"><strong data-start=\"1734\" data-end=\"1765\">Contient les fleurs suivantes :<\/strong><\/p>\n<ul data-start=\"1768\" data-end=\"2441\">\n<li data-start=\"1768\" data-end=\"1816\">\n<p data-start=\"1770\" data-end=\"1816\"><strong data-start=\"1770\" data-end=\"1783\">Leadwort<\/strong> \u2013 action et direction intuitives<\/p>\n<\/li>\n<li data-start=\"1817\" data-end=\"1864\">\n<p data-start=\"1819\" data-end=\"1864\"><strong data-start=\"1819\" data-end=\"1835\">Persil de vache<\/strong> \u2013 expression de soi d\u00e9tendue<\/p>\n<\/li>\n<li data-start=\"1865\" data-end=\"1939\">\n<p data-start=\"1867\" data-end=\"1939\"><strong data-start=\"1867\" data-end=\"1884\">L\u2019arbuste aux papillons<\/strong> \u2013 la force int\u00e9rieure, la lib\u00e9ration des vieilles croyances<\/p>\n<\/li>\n<li data-start=\"1940\" data-end=\"1995\">\n<p data-start=\"1942\" data-end=\"1995\"><strong data-start=\"1942\" data-end=\"1957\">Pomme sauvage<\/strong> \u2013 nettoyage de l\u2019image de soi limitante<\/p>\n<\/li>\n<li data-start=\"1996\" data-end=\"2060\">\n<p data-start=\"1998\" data-end=\"2060\"><strong data-start=\"1998\" data-end=\"2019\">\u00c9toile de Bethl\u00e9em<\/strong> \u2013 r\u00e9tablissement apr\u00e8s un choc, un traumatisme ou un \u00e9puisement professionnel<\/p>\n<\/li>\n<li data-start=\"2061\" data-end=\"2110\">\n<p data-start=\"2063\" data-end=\"2110\"><strong data-start=\"2063\" data-end=\"2078\">Souci des marais<\/strong> \u2013 activation du troisi\u00e8me \u0153il<\/p>\n<\/li>\n<li data-start=\"2111\" data-end=\"2163\">\n<p data-start=\"2113\" data-end=\"2163\"><strong data-start=\"2113\" data-end=\"2125\">L\u2019enfant<\/strong> \u2013 confiance dans les impulsions intuitives<\/p>\n<\/li>\n<li data-start=\"2164\" data-end=\"2214\">\n<p data-start=\"2166\" data-end=\"2214\"><strong data-start=\"2166\" data-end=\"2176\">Ism\u00e8ne<\/strong> \u2013 sensibilit\u00e9, connaissance int\u00e9rieure<\/p>\n<\/li>\n<li data-start=\"2215\" data-end=\"2264\">\n<p data-start=\"2217\" data-end=\"2264\"><strong data-start=\"2217\" data-end=\"2230\">Hortensia<\/strong> \u2013 \u00e9quilibre entre la t\u00eate et la sensation<\/p>\n<\/li>\n<li data-start=\"2265\" data-end=\"2325\">\n<p data-start=\"2267\" data-end=\"2325\"><strong data-start=\"2267\" data-end=\"2281\">Immortelle<\/strong> \u2013 m\u00e9moire de l\u2019\u00e2me, approfondissement spirituel<\/p>\n<\/li>\n<li data-start=\"2326\" data-end=\"2377\">\n<p data-start=\"2328\" data-end=\"2377\"><strong data-start=\"2328\" data-end=\"2338\">\u00c9quilibre<\/strong> \u2013 harmonise la volont\u00e9, la pens\u00e9e et le sentiment<\/p>\n<\/li>\n<li data-start=\"2378\" data-end=\"2441\">\n<p data-start=\"2380\" data-end=\"2441\"><strong data-start=\"2380\" data-end=\"2404\">Kruidje Roerje Me Niet<\/strong> \u2013 protection contre la surstimulation<\/p>\n<\/li>\n<\/ul>\n","protected":false},"excerpt":{"rendered":"<p>Essence florale qui \u00e9quilibre le pouvoir personnel et l\u2019intuition. Soutient les adultes et les enfants en cas de stress, d\u2019ind\u00e9cision et de surstimulation. <\/p>\n","protected":false},"featured_media":5501,"comment_status":"open","ping_status":"closed","template":"","meta":[],"product_brand":[],"product_cat":[4708],"product_tag":[1717,1718,1721,1724,1722,1719,1694,1716,1723,1725,1720],"merken":[2756],"class_list":{"0":"post-8794","1":"product","2":"type-product","3":"status-publish","4":"has-post-thumbnail","6":"product_cat-remedes-floraux-fr","7":"product_tag-chakra-3-fr","8":"product_tag-chakra-6-fr","9":"product_tag-essence-florale-confiance-en-soi","10":"product_tag-force-interieure","11":"product_tag-intuition-de-lepanouissement","12":"product_tag-lumiere-solaire","13":"product_tag-remedes-etoiles","14":"product_tag-soins-ngd","15":"product_tag-soutien-spirituel","16":"product_tag-surstimulation","17":"product_tag-troisieme-oeil","18":"merken-ngdcare","19":"infinite-scroll-item","20":"sales-flash-overlay","21":"woocommerce-text-align-center","22":"woocommerce-image-align-center","23":"do-quantity-buttons","25":"first","26":"instock","27":"taxable","28":"shipping-taxable","29":"purchasable","30":"product-type-simple"},"_links":{"self":[{"href":"https:\/\/www.ngdcare.nl\/fr\/wp-json\/wp\/v2\/product\/8794","targetHints":{"allow":["GET"]}}],"collection":[{"href":"https:\/\/www.ngdcare.nl\/fr\/wp-json\/wp\/v2\/product"}],"about":[{"href":"https:\/\/www.ngdcare.nl\/fr\/wp-json\/wp\/v2\/types\/product"}],"replies":[{"embeddable":true,"href":"https:\/\/www.ngdcare.nl\/fr\/wp-json\/wp\/v2\/comments?post=8794"}],"wp:featuredmedia":[{"embeddable":true,"href":"https:\/\/www.ngdcare.nl\/fr\/wp-json\/wp\/v2\/media\/5501"}],"wp:attachment":[{"href":"https:\/\/www.ngdcare.nl\/fr\/wp-json\/wp\/v2\/media?parent=8794"}],"wp:term":[{"taxonomy":"product_brand","embeddable":true,"href":"https:\/\/www.ngdcare.nl\/fr\/wp-json\/wp\/v2\/product_brand?post=8794"},{"taxonomy":"product_cat","embeddable":true,"href":"https:\/\/www.ngdcare.nl\/fr\/wp-json\/wp\/v2\/product_cat?post=8794"},{"taxonomy":"product_tag","embeddable":true,"href":"https:\/\/www.ngdcare.nl\/fr\/wp-json\/wp\/v2\/product_tag?post=8794"},{"taxonomy":"merken","embeddable":true,"href":"https:\/\/www.ngdcare.nl\/fr\/wp-json\/wp\/v2\/merken?post=8794"}],"curies":[{"name":"wp","href":"https:\/\/api.w.org\/{rel}","templated":true}]}}