{"id":8827,"date":"2025-10-02T22:38:44","date_gmt":"2025-10-02T20:38:44","guid":{"rendered":"https:\/\/www.ngdcare.nl\/?post_type=product&#038;p=8827"},"modified":"2025-10-02T22:47:36","modified_gmt":"2025-10-02T20:47:36","slug":"baume-pour-la-peau-au-jojoba-a-lozone-baume-pour-la-peau-kopie","status":"publish","type":"product","link":"https:\/\/www.ngdcare.nl\/fr\/product\/produits-a-base-dozone\/baume-pour-la-peau-au-jojoba-a-lozone-baume-pour-la-peau-kopie\/","title":{"rendered":"Baume pour la peau au jojoba \u00e0 l\u2019ozone \u2013 Baume pour la peau"},"content":{"rendered":"<p data-start=\"491\" data-end=\"760\"><strong data-start=\"491\" data-end=\"529\">Baume pour la peau de jojoba \u00e0 l\u2019ozone \u2013 Le baume<\/strong> pour la peau combine les propri\u00e9t\u00e9s soignantes du jojoba avec le pouvoir de l\u2019ozone. En raison du caract\u00e8re naturel de cire du jojoba, une ozonation plus lourde cr\u00e9e un baume semi-solide qui forme une fine couche semi-occlusive sur la peau. <\/p>\n<p data-start=\"762\" data-end=\"1003\">Cette couche soutient la barri\u00e8re cutan\u00e9e naturelle, maintient la peau souple et garantit que le baume continue \u00e0 fonctionner en place pendant une longue p\u00e9riode. Le baume est <strong data-start=\"902\" data-end=\"920\">non collant<\/strong>, totalement <strong data-start=\"931\" data-end=\"945\">sans parfum<\/strong> et convient donc aux peaux les plus sensibles. <\/p>\n<p data-start=\"1005\" data-end=\"1262\">Le baume pour la peau est particuli\u00e8rement adapt\u00e9 pour le soin des zones cutan\u00e9es locales, s\u00e8ches ou rugueuses, telles que les coudes, les talons, les l\u00e8vres ou les plis cutan\u00e9s. Il peut \u00e9galement \u00eatre utilis\u00e9 comme soin suppl\u00e9mentaire pour les peaux sensibles qui ont besoin d\u2019une protection et d\u2019un \u00e9quilibre suppl\u00e9mentaires. <\/p>\n<p data-start=\"1264\" data-end=\"1281\"><strong data-start=\"1264\" data-end=\"1279\">Application:<\/strong><\/p>\n<ul data-start=\"1282\" data-end=\"1538\">\n<li data-start=\"1282\" data-end=\"1361\">\n<p data-start=\"1284\" data-end=\"1361\">Pour les zones locales, s\u00e8ches ou rugueuses (coudes, talons, l\u00e8vres, plis cutan\u00e9s)<\/p>\n<\/li>\n<li data-start=\"1362\" data-end=\"1420\">\n<p data-start=\"1364\" data-end=\"1420\">Pour soutenir la barri\u00e8re cutan\u00e9e en cas de sensibilit\u00e9<\/p>\n<\/li>\n<li data-start=\"1421\" data-end=\"1474\">\n<p data-start=\"1423\" data-end=\"1474\">Protection par temps froid ou sec<\/p>\n<\/li>\n<li data-start=\"1475\" data-end=\"1538\">\n<p data-start=\"1477\" data-end=\"1538\">Convient pour une utilisation quotidienne sur les adultes et les enfants<\/p>\n<\/li>\n<\/ul>\n","protected":false},"excerpt":{"rendered":"<p data-start=\"325\" data-end=\"448\">Baume naturel pour la peau \u00e0 base d\u2019huile de jojoba ozon\u00e9e. Prot\u00e8ge, soigne et hydrate les peaux s\u00e8ches ou rugueuses. <\/p>\n<p data-start=\"6720\" data-end=\"7093\">\n","protected":false},"featured_media":5432,"comment_status":"open","ping_status":"closed","template":"","meta":[],"product_brand":[],"product_cat":[4723],"product_tag":[4725,1485,1475],"merken":[2756],"class_list":{"0":"post-8827","1":"product","2":"type-product","3":"status-publish","4":"has-post-thumbnail","6":"product_cat-produits-a-base-dozone","7":"product_tag-baume-pour-la-peau","8":"product_tag-jojoba-ozone","9":"product_tag-sans-parfum","10":"merken-ngdcare","11":"infinite-scroll-item","12":"sales-flash-overlay","13":"woocommerce-text-align-center","14":"woocommerce-image-align-center","15":"do-quantity-buttons","17":"first","18":"instock","19":"taxable","20":"shipping-taxable","21":"purchasable","22":"product-type-simple"},"_links":{"self":[{"href":"https:\/\/www.ngdcare.nl\/fr\/wp-json\/wp\/v2\/product\/8827","targetHints":{"allow":["GET"]}}],"collection":[{"href":"https:\/\/www.ngdcare.nl\/fr\/wp-json\/wp\/v2\/product"}],"about":[{"href":"https:\/\/www.ngdcare.nl\/fr\/wp-json\/wp\/v2\/types\/product"}],"replies":[{"embeddable":true,"href":"https:\/\/www.ngdcare.nl\/fr\/wp-json\/wp\/v2\/comments?post=8827"}],"wp:featuredmedia":[{"embeddable":true,"href":"https:\/\/www.ngdcare.nl\/fr\/wp-json\/wp\/v2\/media\/5432"}],"wp:attachment":[{"href":"https:\/\/www.ngdcare.nl\/fr\/wp-json\/wp\/v2\/media?parent=8827"}],"wp:term":[{"taxonomy":"product_brand","embeddable":true,"href":"https:\/\/www.ngdcare.nl\/fr\/wp-json\/wp\/v2\/product_brand?post=8827"},{"taxonomy":"product_cat","embeddable":true,"href":"https:\/\/www.ngdcare.nl\/fr\/wp-json\/wp\/v2\/product_cat?post=8827"},{"taxonomy":"product_tag","embeddable":true,"href":"https:\/\/www.ngdcare.nl\/fr\/wp-json\/wp\/v2\/product_tag?post=8827"},{"taxonomy":"merken","embeddable":true,"href":"https:\/\/www.ngdcare.nl\/fr\/wp-json\/wp\/v2\/merken?post=8827"}],"curies":[{"name":"wp","href":"https:\/\/api.w.org\/{rel}","templated":true}]}}