{"id":8842,"date":"2025-10-02T22:49:39","date_gmt":"2025-10-02T20:49:39","guid":{"rendered":"https:\/\/www.ngdcare.nl\/?post_type=product&#038;p=8842"},"modified":"2025-10-02T22:55:55","modified_gmt":"2025-10-02T20:55:55","slug":"gel-pour-la-peau-a-lozone-et-a-la-glycerine-gel-pour-la-peau-kopie","status":"publish","type":"product","link":"https:\/\/www.ngdcare.nl\/fr\/product\/produits-a-base-dozone\/gel-pour-la-peau-a-lozone-et-a-la-glycerine-gel-pour-la-peau-kopie\/","title":{"rendered":"Gel pour la peau \u00e0 l\u2019ozone et \u00e0 la glyc\u00e9rine \u2013 Gel pour la peau"},"content":{"rendered":"<p data-start=\"442\" data-end=\"700\"><strong data-start=\"442\" data-end=\"479\">Gel pour la peau \u00e0 l\u2019ozone et \u00e0 la glyc\u00e9rine \u2013 Le gel pour la peau<\/strong> est un gel concentr\u00e9 \u00e0 base de glyc\u00e9rine ozon\u00e9e de qualit\u00e9 sup\u00e9rieure \u00e0 100 %. Gr\u00e2ce \u00e0 sa viscosit\u00e9 \u00e9lev\u00e9e, le gel reste fermement en place dans la zone appliqu\u00e9e, ce qui le rend id\u00e9al pour les petites zones cutan\u00e9es localis\u00e9es. <\/p>\n<p data-start=\"702\" data-end=\"966\">La formule sans parfum n\u2019est pas grasse, s\u2019\u00e9tale facilement et procure une sensation de peau agr\u00e9able avec un temps de contact plus long qu\u2019une solution aqueuse. Par rapport \u00e0 l\u2019huile d\u2019olive ozon\u00e9e, le parfum de ce gel est plus subtil et agr\u00e9able. <\/p>\n<p data-start=\"968\" data-end=\"1200\">Le Skin Gel a <strong data-start=\"989\" data-end=\"1015\">l\u2019indice de peroxyde le plus \u00e9lev\u00e9<\/strong> de tous les produits \u00e0 l\u2019ozone de la gamme. Cela signifie que le gel est riche en compos\u00e9s d\u2019oxyg\u00e8ne stables, qui soutiennent intens\u00e9ment la peau et renforcent sa fonction de barri\u00e8re naturelle. <\/p>\n<p data-start=\"1202\" data-end=\"1219\"><strong data-start=\"1202\" data-end=\"1217\">Application:<\/strong><\/p>\n<ul data-start=\"1220\" data-end=\"1509\">\n<li data-start=\"1220\" data-end=\"1302\">\n<p data-start=\"1222\" data-end=\"1302\">Pour les taches locales, rugueuses ou \u00e9paissies (par exemple les coudes, les genoux, les talons)<\/p>\n<\/li>\n<li data-start=\"1303\" data-end=\"1376\">\n<p data-start=\"1305\" data-end=\"1376\">Pour prendre soin de la peau dans les petites zones qui n\u00e9cessitent une attention particuli\u00e8re<\/p>\n<\/li>\n<li data-start=\"1377\" data-end=\"1445\">\n<p data-start=\"1379\" data-end=\"1445\">Pour les zones cutan\u00e9es sensibles qui b\u00e9n\u00e9ficient d\u2019un temps de contact plus long<\/p>\n<\/li>\n<li data-start=\"1446\" data-end=\"1509\">\n<p data-start=\"1448\" data-end=\"1509\">Convient pour une utilisation quotidienne sur les adultes et les enfants<\/p>\n<\/li>\n<\/ul>\n<hr data-start=\"1511\" data-end=\"1514\">\n<h3 data-start=\"1516\" data-end=\"1533\"><strong data-start=\"1520\" data-end=\"1531\">Balles<\/strong><\/h3>\n<ul data-start=\"1534\" data-end=\"1773\">\n<li data-start=\"1534\" data-end=\"1587\">\n<p data-start=\"1536\" data-end=\"1587\">Gel cutan\u00e9 \u00e0 haute viscosit\u00e9 avec glyc\u00e9rine ozon\u00e9e<\/p>\n<\/li>\n<li data-start=\"1588\" data-end=\"1641\">\n<p data-start=\"1590\" data-end=\"1641\">Reste bien en place, id\u00e9al pour les petites surfaces<\/p>\n<\/li>\n<li data-start=\"1642\" data-end=\"1686\">\n<p data-start=\"1644\" data-end=\"1686\">Parfum subtil, sans parfum et non gras<\/p>\n<\/li>\n<li data-start=\"1687\" data-end=\"1729\">\n<p data-start=\"1689\" data-end=\"1729\">Indice de peroxyde de la ligne d\u2019ozone le plus \u00e9lev\u00e9<\/p>\n<\/li>\n<li data-start=\"1730\" data-end=\"1773\">\n<p data-start=\"1732\" data-end=\"1773\">Soutient la barri\u00e8re cutan\u00e9e naturelle<\/p>\n<\/li>\n<\/ul>\n<p data-start=\"4723\" data-end=\"5116\">\n","protected":false},"excerpt":{"rendered":"<p>Gel cutan\u00e9 \u00e0 haute viscosit\u00e9 \u00e0 base de glyc\u00e9rine ozon\u00e9e. Id\u00e9al pour les zones locales, s\u00e8ches ou accident\u00e9es. Bienfaisant, sans parfum et purement naturel.  <\/p>\n","protected":false},"featured_media":18240,"comment_status":"open","ping_status":"closed","template":"","meta":[],"product_brand":[],"product_cat":[4723],"product_tag":[909,908,1498,1470,1475],"merken":[],"class_list":{"0":"post-8842","1":"product","2":"type-product","3":"status-publish","4":"has-post-thumbnail","6":"product_cat-produits-a-base-dozone","7":"product_tag-chat","8":"product_tag-chien","9":"product_tag-gel-pour-la-peau","10":"product_tag-glycerine-ozonee","11":"product_tag-sans-parfum","12":"infinite-scroll-item","13":"sales-flash-overlay","14":"woocommerce-text-align-center","15":"woocommerce-image-align-center","16":"do-quantity-buttons","18":"first","19":"outofstock","20":"taxable","21":"shipping-taxable","22":"purchasable","23":"product-type-variable"},"_links":{"self":[{"href":"https:\/\/www.ngdcare.nl\/fr\/wp-json\/wp\/v2\/product\/8842","targetHints":{"allow":["GET"]}}],"collection":[{"href":"https:\/\/www.ngdcare.nl\/fr\/wp-json\/wp\/v2\/product"}],"about":[{"href":"https:\/\/www.ngdcare.nl\/fr\/wp-json\/wp\/v2\/types\/product"}],"replies":[{"embeddable":true,"href":"https:\/\/www.ngdcare.nl\/fr\/wp-json\/wp\/v2\/comments?post=8842"}],"wp:featuredmedia":[{"embeddable":true,"href":"https:\/\/www.ngdcare.nl\/fr\/wp-json\/wp\/v2\/media\/18240"}],"wp:attachment":[{"href":"https:\/\/www.ngdcare.nl\/fr\/wp-json\/wp\/v2\/media?parent=8842"}],"wp:term":[{"taxonomy":"product_brand","embeddable":true,"href":"https:\/\/www.ngdcare.nl\/fr\/wp-json\/wp\/v2\/product_brand?post=8842"},{"taxonomy":"product_cat","embeddable":true,"href":"https:\/\/www.ngdcare.nl\/fr\/wp-json\/wp\/v2\/product_cat?post=8842"},{"taxonomy":"product_tag","embeddable":true,"href":"https:\/\/www.ngdcare.nl\/fr\/wp-json\/wp\/v2\/product_tag?post=8842"},{"taxonomy":"merken","embeddable":true,"href":"https:\/\/www.ngdcare.nl\/fr\/wp-json\/wp\/v2\/merken?post=8842"}],"curies":[{"name":"wp","href":"https:\/\/api.w.org\/{rel}","templated":true}]}}