{"id":8902,"date":"2025-10-02T23:04:25","date_gmt":"2025-10-02T21:04:25","guid":{"rendered":"https:\/\/www.ngdcare.nl\/?post_type=product&#038;p=8902"},"modified":"2025-10-02T23:10:27","modified_gmt":"2025-10-02T21:10:27","slug":"gouttes-pour-les-yeux-et-les-oreilles-en-argent-colloidal-gouttes-dargent-colloidal-kopie","status":"publish","type":"product","link":"https:\/\/www.ngdcare.nl\/fr\/product\/sante-humaine\/produits-colloidaux\/gouttes-pour-les-yeux-et-les-oreilles-en-argent-colloidal-gouttes-dargent-colloidal-kopie\/","title":{"rendered":"Gouttes pour les yeux et les oreilles en argent collo\u00efdal \u2013 gouttes d\u2019argent collo\u00efdal"},"content":{"rendered":"<p data-start=\"480\" data-end=\"776\">Les <strong data-start=\"483\" data-end=\"537\">gouttes pour les yeux et les oreilles en argent collo\u00efdal de NGD Care<\/strong> contiennent <strong data-start=\"547\" data-end=\"606\">de l\u2019argent collo\u00efdal pur \u00e0 une concentration de 10 PPM<\/strong>, dissous dans de l\u2019eau distill\u00e9e purifi\u00e9e. Gr\u00e2ce \u00e0 l\u2019utilisation de particules de nanoargent, ces gouttelettes sont particuli\u00e8rement adapt\u00e9es aux zones sensibles telles que les yeux et les oreilles. <\/p>\n<p data-start=\"778\" data-end=\"1023\">Les gouttes sont d\u00e9velopp\u00e9es pour <strong data-start=\"811\" data-end=\"832\">un usage externe<\/strong> et fournissent un soutien naturel pour la peau sensible et les muqueuses. L\u2019argent collo\u00efdal aide \u00e0 soutenir le microclimat local et a un effet purifiant, sans additifs irritants. <\/p>\n<p data-start=\"1025\" data-end=\"1198\">Le produit est <strong data-start=\"1040\" data-end=\"1100\">100&nbsp;% sans alcool, sans conservateurs et sans parfums<\/strong>, et peut donc \u00eatre utilis\u00e9 en toute s\u00e9curit\u00e9 chez les enfants et les personnes ayant la peau sensible ou les muqueuses.<\/p>\n<p data-start=\"1200\" data-end=\"1385\">La pipette pratique permet de doser facilement et pr\u00e9cis\u00e9ment : quelques gouttes dans l\u2019\u0153il, l\u2019oreille ou sur la peau. L\u2019effet est l\u00e9ger et localis\u00e9, sans effets secondaires ni interactions connus. <\/p>\n<p data-start=\"1387\" data-end=\"1404\"><strong data-start=\"1387\" data-end=\"1402\">Application:<\/strong><\/p>\n<ul data-start=\"1405\" data-end=\"1615\">\n<li data-start=\"1405\" data-end=\"1454\">\n<p data-start=\"1407\" data-end=\"1454\">Pour le soin des yeux et des oreilles sensibles<\/p>\n<\/li>\n<li data-start=\"1455\" data-end=\"1510\">\n<p data-start=\"1457\" data-end=\"1510\">En cas de l\u00e9g\u00e8re irritation ou de s\u00e9cheresse des muqueuses<\/p>\n<\/li>\n<li data-start=\"1511\" data-end=\"1573\">\n<p data-start=\"1513\" data-end=\"1573\">Pour le soutien des zones cutan\u00e9es qui n\u00e9cessitent une attention particuli\u00e8re<\/p>\n<\/li>\n<li data-start=\"1574\" data-end=\"1615\">\n<p data-start=\"1576\" data-end=\"1615\">Convient aux adultes et aux enfants<\/p>\n<\/li>\n<\/ul>\n","protected":false},"excerpt":{"rendered":"<p style=\"font-weight: 400;\">Gouttes d\u2019argent collo\u00efdal pur (10 PPM) pour le soin naturel des yeux, des oreilles et de la peau. Doux, sans alcool et adapt\u00e9 aux muqueuses sensibles. <\/p>\n","protected":false},"featured_media":4742,"comment_status":"open","ping_status":"closed","template":"","meta":{"wds_primary_product_brand":0,"wds_primary_product_cat":0,"wds_primary_merken":0},"product_brand":[],"product_cat":[4739],"product_tag":[909,908,1268,1191,1232,1228,1196,1271,1270,1269],"merken":[2756],"class_list":{"0":"post-8902","1":"product","2":"type-product","3":"status-publish","4":"has-post-thumbnail","6":"product_cat-produits-colloidaux","7":"product_tag-chat","8":"product_tag-chien","9":"product_tag-colloidal-fr","10":"product_tag-colloidal","11":"product_tag-infection","12":"product_tag-nano-argent","13":"product_tag-ngd-soins-colloidal","14":"product_tag-soins-des-oreilles","15":"product_tag-soins-des-yeux","16":"product_tag-usage-externe","17":"merken-ngdcare","18":"infinite-scroll-item","19":"sales-flash-overlay","20":"woocommerce-text-align-center","21":"woocommerce-image-align-center","22":"do-quantity-buttons","24":"first","25":"instock","26":"taxable","27":"shipping-taxable","28":"purchasable","29":"product-type-simple"},"_links":{"self":[{"href":"https:\/\/www.ngdcare.nl\/fr\/wp-json\/wp\/v2\/product\/8902","targetHints":{"allow":["GET"]}}],"collection":[{"href":"https:\/\/www.ngdcare.nl\/fr\/wp-json\/wp\/v2\/product"}],"about":[{"href":"https:\/\/www.ngdcare.nl\/fr\/wp-json\/wp\/v2\/types\/product"}],"replies":[{"embeddable":true,"href":"https:\/\/www.ngdcare.nl\/fr\/wp-json\/wp\/v2\/comments?post=8902"}],"wp:featuredmedia":[{"embeddable":true,"href":"https:\/\/www.ngdcare.nl\/fr\/wp-json\/wp\/v2\/media\/4742"}],"wp:attachment":[{"href":"https:\/\/www.ngdcare.nl\/fr\/wp-json\/wp\/v2\/media?parent=8902"}],"wp:term":[{"taxonomy":"product_brand","embeddable":true,"href":"https:\/\/www.ngdcare.nl\/fr\/wp-json\/wp\/v2\/product_brand?post=8902"},{"taxonomy":"product_cat","embeddable":true,"href":"https:\/\/www.ngdcare.nl\/fr\/wp-json\/wp\/v2\/product_cat?post=8902"},{"taxonomy":"product_tag","embeddable":true,"href":"https:\/\/www.ngdcare.nl\/fr\/wp-json\/wp\/v2\/product_tag?post=8902"},{"taxonomy":"merken","embeddable":true,"href":"https:\/\/www.ngdcare.nl\/fr\/wp-json\/wp\/v2\/merken?post=8902"}],"curies":[{"name":"wp","href":"https:\/\/api.w.org\/{rel}","templated":true}]}}