{"id":8913,"date":"2025-10-02T23:10:24","date_gmt":"2025-10-02T21:10:24","guid":{"rendered":"https:\/\/www.ngdcare.nl\/?post_type=product&#038;p=8913"},"modified":"2025-10-02T23:20:11","modified_gmt":"2025-10-02T21:20:11","slug":"spray-colloidal-argent-zinc-spray-colloidal-argent-zinc-kopie","status":"publish","type":"product","link":"https:\/\/www.ngdcare.nl\/fr\/product\/sante-humaine\/produits-colloidaux\/spray-colloidal-argent-zinc-spray-colloidal-argent-zinc-kopie\/","title":{"rendered":"Spray collo\u00efdal argent-zinc \u2013 spray collo\u00efdal argent zinc"},"content":{"rendered":"<p data-start=\"436\" data-end=\"800\"><strong data-start=\"439\" data-end=\"484\">Le spray collo\u00efdal argent-zinc de NGD Care<\/strong> combine deux min\u00e9raux puissants dans leur forme la plus pure : <strong data-start=\"542\" data-end=\"572\">l\u2019argent collo\u00efdal (10 PPM)<\/strong> et <strong data-start=\"576\" data-end=\"604\">le zinc collo\u00efdal (15 PPM),<\/strong> dissous dans de l\u2019eau distill\u00e9e purifi\u00e9e. Gr\u00e2ce \u00e0 l\u2019utilisation de nanoparticules, l\u2019argent et le zinc sont r\u00e9partis de mani\u00e8re optimale et peuvent contribuer en douceur et efficacement \u00e0 une surface cutan\u00e9e saine. <\/p>\n<p data-start=\"802\" data-end=\"1033\">L\u2019argent collo\u00efdal et le zinc collo\u00efdal sont traditionnellement utilis\u00e9s pour soutenir la peau. Ce spray est d\u00e9velopp\u00e9 pour <strong data-start=\"935\" data-end=\"956\">un usage externe<\/strong> et offre des soins naturels pour les peaux sensibles ou irrit\u00e9es. <\/p>\n<p data-start=\"1035\" data-end=\"1219\">Le spray ne contient pas d\u2019alcool, de parfums, de conservateurs ou d\u2019additifs synth\u00e9tiques. Cela rend le produit adapt\u00e9 aux adultes et aux enfants, m\u00eame aux peaux sensibles. <\/p>\n<p data-start=\"1221\" data-end=\"1420\">Le flacon pulv\u00e9risateur pratique permet d\u2019atteindre facilement les grandes surfaces cutan\u00e9es ou les endroits difficiles d\u2019acc\u00e8s. Un ajout s\u00fbr et doux \u00e0 une routine de soins de la peau naturelle. <\/p>\n<p data-start=\"1422\" data-end=\"1439\"><strong data-start=\"1422\" data-end=\"1437\">Application:<\/strong><\/p>\n<ul data-start=\"1440\" data-end=\"1690\">\n<li data-start=\"1440\" data-end=\"1490\">\n<p data-start=\"1442\" data-end=\"1490\">Pour les rougeurs, les irritations ou les zones sensibles de la peau<\/p>\n<\/li>\n<li data-start=\"1491\" data-end=\"1546\">\n<p data-start=\"1493\" data-end=\"1546\">Pour soulager les d\u00e9mangeaisons ou une l\u00e9g\u00e8re g\u00eane cutan\u00e9e<\/p>\n<\/li>\n<li data-start=\"1547\" data-end=\"1605\">\n<p data-start=\"1549\" data-end=\"1605\">Pour le soin des petites plaies ou des abrasions<\/p>\n<\/li>\n<li data-start=\"1606\" data-end=\"1648\">\n<p data-start=\"1608\" data-end=\"1648\">Pour un usage quotidien, \u00e9galement \u00e0 titre pr\u00e9ventif<\/p>\n<\/li>\n<li data-start=\"1649\" data-end=\"1690\">\n<p data-start=\"1651\" data-end=\"1690\">Convient aux adultes et aux enfants<\/p>\n<\/li>\n<\/ul>\n","protected":false},"excerpt":{"rendered":"<p data-start=\"252\" data-end=\"393\">Spray cutan\u00e9 naturel \u00e0 l\u2019argent collo\u00efdal (10 PPM) et au zinc (15 PPM). Pour un soin en douceur des zones cutan\u00e9es rouges, irrit\u00e9es ou sensibles. <\/p>\n","protected":false},"featured_media":4745,"comment_status":"open","ping_status":"closed","template":"","meta":{"wds_primary_product_brand":0,"wds_primary_product_cat":0,"wds_primary_merken":0},"product_brand":[],"product_cat":[4739],"product_tag":[1226,909,908,1191,703,1232,704,1228,1229,1196,702,1230,1163,1231,1227],"merken":[2756],"class_list":{"0":"post-8913","1":"product","2":"type-product","3":"status-publish","4":"has-post-thumbnail","6":"product_cat-produits-colloidaux","7":"product_tag-argent","8":"product_tag-chat","9":"product_tag-chien","10":"product_tag-colloidal","11":"product_tag-eczema-fr","12":"product_tag-infection","13":"product_tag-irritation-cutanee","14":"product_tag-nano-argent","15":"product_tag-nano-zinc","16":"product_tag-ngd-soins-colloidal","17":"product_tag-point-chaud","18":"product_tag-pulveriser","19":"product_tag-reparation-de-la-peau-fr","20":"product_tag-soins-des-plaies","21":"product_tag-zinc","22":"merken-ngdcare","23":"infinite-scroll-item","24":"sales-flash-overlay","25":"woocommerce-text-align-center","26":"woocommerce-image-align-center","27":"do-quantity-buttons","29":"first","30":"instock","31":"taxable","32":"shipping-taxable","33":"purchasable","34":"product-type-simple"},"_links":{"self":[{"href":"https:\/\/www.ngdcare.nl\/fr\/wp-json\/wp\/v2\/product\/8913","targetHints":{"allow":["GET"]}}],"collection":[{"href":"https:\/\/www.ngdcare.nl\/fr\/wp-json\/wp\/v2\/product"}],"about":[{"href":"https:\/\/www.ngdcare.nl\/fr\/wp-json\/wp\/v2\/types\/product"}],"replies":[{"embeddable":true,"href":"https:\/\/www.ngdcare.nl\/fr\/wp-json\/wp\/v2\/comments?post=8913"}],"wp:featuredmedia":[{"embeddable":true,"href":"https:\/\/www.ngdcare.nl\/fr\/wp-json\/wp\/v2\/media\/4745"}],"wp:attachment":[{"href":"https:\/\/www.ngdcare.nl\/fr\/wp-json\/wp\/v2\/media?parent=8913"}],"wp:term":[{"taxonomy":"product_brand","embeddable":true,"href":"https:\/\/www.ngdcare.nl\/fr\/wp-json\/wp\/v2\/product_brand?post=8913"},{"taxonomy":"product_cat","embeddable":true,"href":"https:\/\/www.ngdcare.nl\/fr\/wp-json\/wp\/v2\/product_cat?post=8913"},{"taxonomy":"product_tag","embeddable":true,"href":"https:\/\/www.ngdcare.nl\/fr\/wp-json\/wp\/v2\/product_tag?post=8913"},{"taxonomy":"merken","embeddable":true,"href":"https:\/\/www.ngdcare.nl\/fr\/wp-json\/wp\/v2\/merken?post=8913"}],"curies":[{"name":"wp","href":"https:\/\/api.w.org\/{rel}","templated":true}]}}