{"id":8924,"date":"2025-10-02T23:20:37","date_gmt":"2025-10-02T21:20:37","guid":{"rendered":"https:\/\/www.ngdcare.nl\/?post_type=product&#038;p=8924"},"modified":"2025-12-11T18:02:51","modified_gmt":"2025-12-11T17:02:51","slug":"colloidal-kopie-3","status":"publish","type":"product","link":"https:\/\/www.ngdcare.nl\/fr\/product\/sante-humaine\/produits-colloidaux\/colloidal-kopie-3\/","title":{"rendered":"Collo\u00efdal"},"content":{"rendered":"<p data-start=\"517\" data-end=\"798\"><strong data-start=\"517\" data-end=\"558\">NGD Care \u2013 Argent collo\u00efdal (10 PPM)<\/strong> est une solution pure d\u2019argent collo\u00efdal, pr\u00e9par\u00e9e avec des particules d\u2019argent ultra-petites d\u2019une moyenne de 0,65 nanom\u00e8tre. Cette nanostructure unique assure une biodisponibilit\u00e9 \u00e9lev\u00e9e et rend le produit doux et efficace \u00e0 utiliser. <\/p>\n<p data-start=\"800\" data-end=\"1049\">L\u2019argent collo\u00efdal est traditionnellement utilis\u00e9 pour soutenir la r\u00e9sistance naturelle et peut \u00eatre utilis\u00e9 \u00e0 la fois en interne et en externe. Il peut aider \u00e0 prendre soin de la peau et des muqueuses, et contribue \u00e0 un microclimat propre. <\/p>\n<p data-start=\"1051\" data-end=\"1331\">Contrairement aux ions argent, ce produit ne contient que des nanoparticules stables. Cela garantit une teinte ambr\u00e9e brillante et une qualit\u00e9 fiable. Le produit ne contient que de <strong data-start=\"1244\" data-end=\"1273\">l\u2019argent et de l\u2019eau purifi\u00e9e<\/strong> \u2013 sans conservateurs, alcool ou parfums.  <\/p>\n<p data-start=\"1333\" data-end=\"1350\"><strong data-start=\"1333\" data-end=\"1348\">Application:<\/strong><\/p>\n<ul>\n<li data-start=\"1353\" data-end=\"1418\">Pour usage externe uniquement<\/li>\n<li data-start=\"1421\" data-end=\"1469\">En externe pour les soins de la peau ou les plaies mineures<\/li>\n<li data-start=\"1472\" data-end=\"1530\">Pour prendre soin des muqueuses telles que le nez, les yeux ou les oreilles<\/li>\n<li data-start=\"1533\" data-end=\"1585\">Pour un usage quotidien chez les adultes et les enfants<\/li>\n<\/ul>\n","protected":false},"excerpt":{"rendered":"<p style=\"font-weight: 400;\">Argent collo\u00efdal pur (10 PPM) avec des nanoparticules ultra-petites. Pour un usage externe comme support naturel. <\/p>\n","protected":false},"featured_media":11074,"comment_status":"open","ping_status":"closed","template":"","meta":{"wds_primary_product_brand":0,"wds_primary_product_cat":0,"wds_primary_merken":0},"product_brand":[],"product_cat":[4739],"product_tag":[634,1268,1232,1164,1228,1196,1278],"merken":[2756],"class_list":{"0":"post-8924","1":"product","2":"type-product","3":"status-publish","4":"has-post-thumbnail","6":"product_cat-produits-colloidaux","7":"product_tag-antibacterien","8":"product_tag-colloidal-fr","9":"product_tag-infection","10":"product_tag-inflammation","11":"product_tag-nano-argent","12":"product_tag-ngd-soins-colloidal","13":"product_tag-usage-interne","14":"merken-ngdcare","15":"infinite-scroll-item","16":"sales-flash-overlay","17":"woocommerce-text-align-center","18":"woocommerce-image-align-center","19":"do-quantity-buttons","21":"first","22":"instock","23":"taxable","24":"shipping-taxable","25":"purchasable","26":"product-type-variable"},"_links":{"self":[{"href":"https:\/\/www.ngdcare.nl\/fr\/wp-json\/wp\/v2\/product\/8924","targetHints":{"allow":["GET"]}}],"collection":[{"href":"https:\/\/www.ngdcare.nl\/fr\/wp-json\/wp\/v2\/product"}],"about":[{"href":"https:\/\/www.ngdcare.nl\/fr\/wp-json\/wp\/v2\/types\/product"}],"replies":[{"embeddable":true,"href":"https:\/\/www.ngdcare.nl\/fr\/wp-json\/wp\/v2\/comments?post=8924"}],"wp:featuredmedia":[{"embeddable":true,"href":"https:\/\/www.ngdcare.nl\/fr\/wp-json\/wp\/v2\/media\/11074"}],"wp:attachment":[{"href":"https:\/\/www.ngdcare.nl\/fr\/wp-json\/wp\/v2\/media?parent=8924"}],"wp:term":[{"taxonomy":"product_brand","embeddable":true,"href":"https:\/\/www.ngdcare.nl\/fr\/wp-json\/wp\/v2\/product_brand?post=8924"},{"taxonomy":"product_cat","embeddable":true,"href":"https:\/\/www.ngdcare.nl\/fr\/wp-json\/wp\/v2\/product_cat?post=8924"},{"taxonomy":"product_tag","embeddable":true,"href":"https:\/\/www.ngdcare.nl\/fr\/wp-json\/wp\/v2\/product_tag?post=8924"},{"taxonomy":"merken","embeddable":true,"href":"https:\/\/www.ngdcare.nl\/fr\/wp-json\/wp\/v2\/merken?post=8924"}],"curies":[{"name":"wp","href":"https:\/\/api.w.org\/{rel}","templated":true}]}}