{"id":8942,"date":"2025-10-02T23:29:27","date_gmt":"2025-10-02T21:29:27","guid":{"rendered":"https:\/\/www.ngdcare.nl\/?post_type=product&#038;p=8942"},"modified":"2025-11-18T11:44:49","modified_gmt":"2025-11-18T10:44:49","slug":"pommade-a-lozone-ozoncare-kopie","status":"publish","type":"product","link":"https:\/\/www.ngdcare.nl\/fr\/product\/sante-humaine\/produits-a-base-dozone\/pommade-a-lozone-ozoncare-kopie\/","title":{"rendered":"Pommade \u00e0 l\u2019ozone \u2013 OzonCare"},"content":{"rendered":"<p data-start=\"434\" data-end=\"769\"><strong data-start=\"434\" data-end=\"468\">NGD Care \u2013 Omade \u00e0 l\u2019ozone (OzonCare)<\/strong> est une pommade cutan\u00e9e puissante et naturelle \u00e0 base d\u2019huile d\u2019olive extra vierge biologique ozon\u00e9e. L\u2019huile est enrichie en ozone gazeux (O\u2083) de mani\u00e8re contr\u00f4l\u00e9e pendant 36 heures. Cela sature l\u2019huile de compos\u00e9s d\u2019ozone stables, qui lib\u00e8rent lentement de l\u2019ozone au contact de la peau.  <\/p>\n<p data-start=\"771\" data-end=\"1051\">Cette pommade unique combine les propri\u00e9t\u00e9s nourrissantes de l\u2019huile d\u2019olive biologique \u2013 riche en antioxydants et en acides gras essentiels \u2013 avec le pouvoir de l\u2019ozone. La pommade forme une couche protectrice sur la peau, soutient la circulation sanguine naturelle et contribue \u00e0 la r\u00e9cup\u00e9ration et \u00e0 l\u2019\u00e9quilibre. <\/p>\n<p data-start=\"1053\" data-end=\"1214\">Gr\u00e2ce \u00e0 son action douce mais puissante, la pommade \u00e0 l\u2019ozone convient \u00e0 un usage quotidien chez les adultes et les enfants, et peut \u00eatre utilis\u00e9e pour divers besoins cutan\u00e9s.<\/p>\n<p data-start=\"1216\" data-end=\"1233\"><strong data-start=\"1216\" data-end=\"1231\">Application:<\/strong><\/p>\n<ul>\n<li data-start=\"1236\" data-end=\"1276\">Pour les peaux s\u00e8ches, sensibles ou rugueuses<\/li>\n<li data-start=\"1279\" data-end=\"1333\">Pour le soin des plaies mineures et des irritations cutan\u00e9es<\/li>\n<li data-start=\"1336\" data-end=\"1391\">Pour les peaux qui ont besoin d\u2019\u00eatre nourries et prot\u00e9g\u00e9es<\/li>\n<li data-start=\"1394\" data-end=\"1452\">Convient pour un usage quotidien, \u00e9galement pour les peaux sensibles<\/li>\n<\/ul>\n","protected":false},"excerpt":{"rendered":"<p style=\"font-weight: 400;\">Pommade naturelle \u00e0 l\u2019huile d\u2019olive biologique ozon\u00e9e. Favorise la r\u00e9cup\u00e9ration de la peau, adoucit et prot\u00e8ge. <\/p>\n","protected":false},"featured_media":10756,"comment_status":"open","ping_status":"closed","template":"","meta":{"wds_primary_product_brand":0,"wds_primary_product_cat":15,"wds_primary_merken":0},"product_brand":[],"product_cat":[4723],"product_tag":[650,635,634,636,703,697,698,700,705,699,704,1281,702,696,701],"merken":[2756],"class_list":{"0":"post-8942","1":"product","2":"type-product","3":"status-publish","4":"has-post-thumbnail","6":"product_cat-produits-a-base-dozone","7":"product_tag-anti-inflammatoire","8":"product_tag-anti-levure","9":"product_tag-antibacterien","10":"product_tag-antifongique","11":"product_tag-eczema-fr","12":"product_tag-huile-dolive-ozonee","13":"product_tag-huile-de-tournesol-ozonee","14":"product_tag-indice-de-protection-ip1200","15":"product_tag-inflammation-entre-les-orteils","16":"product_tag-ip-400-fr","17":"product_tag-irritation-cutanee","18":"product_tag-ngd-care-ozone","19":"product_tag-point-chaud","20":"product_tag-pommade-a-lozone","21":"product_tag-reparation-de-la-peau","22":"merken-ngdcare","23":"infinite-scroll-item","24":"sales-flash-overlay","25":"woocommerce-text-align-center","26":"woocommerce-image-align-center","27":"do-quantity-buttons","29":"first","30":"instock","31":"taxable","32":"shipping-taxable","33":"purchasable","34":"product-type-variable"},"_links":{"self":[{"href":"https:\/\/www.ngdcare.nl\/fr\/wp-json\/wp\/v2\/product\/8942","targetHints":{"allow":["GET"]}}],"collection":[{"href":"https:\/\/www.ngdcare.nl\/fr\/wp-json\/wp\/v2\/product"}],"about":[{"href":"https:\/\/www.ngdcare.nl\/fr\/wp-json\/wp\/v2\/types\/product"}],"replies":[{"embeddable":true,"href":"https:\/\/www.ngdcare.nl\/fr\/wp-json\/wp\/v2\/comments?post=8942"}],"wp:featuredmedia":[{"embeddable":true,"href":"https:\/\/www.ngdcare.nl\/fr\/wp-json\/wp\/v2\/media\/10756"}],"wp:attachment":[{"href":"https:\/\/www.ngdcare.nl\/fr\/wp-json\/wp\/v2\/media?parent=8942"}],"wp:term":[{"taxonomy":"product_brand","embeddable":true,"href":"https:\/\/www.ngdcare.nl\/fr\/wp-json\/wp\/v2\/product_brand?post=8942"},{"taxonomy":"product_cat","embeddable":true,"href":"https:\/\/www.ngdcare.nl\/fr\/wp-json\/wp\/v2\/product_cat?post=8942"},{"taxonomy":"product_tag","embeddable":true,"href":"https:\/\/www.ngdcare.nl\/fr\/wp-json\/wp\/v2\/product_tag?post=8942"},{"taxonomy":"merken","embeddable":true,"href":"https:\/\/www.ngdcare.nl\/fr\/wp-json\/wp\/v2\/merken?post=8942"}],"curies":[{"name":"wp","href":"https:\/\/api.w.org\/{rel}","templated":true}]}}