{"id":9004,"date":"2025-10-03T21:18:10","date_gmt":"2025-10-03T19:18:10","guid":{"rendered":"https:\/\/www.ngdcare.nl\/?post_type=product&#038;p=9004"},"modified":"2025-10-03T22:02:40","modified_gmt":"2025-10-03T20:02:40","slug":"the-dautomne-immune-calm-kopie","status":"publish","type":"product","link":"https:\/\/www.ngdcare.nl\/fr\/product\/superaliments-et-the\/the-fr\/the-dautomne-immune-calm-kopie\/","title":{"rendered":"Th\u00e9 d\u2019automne \u2013 Immune &amp; Calm"},"content":{"rendered":"<p data-start=\"472\" data-end=\"919\">La <strong data-start=\"475\" data-end=\"514\">Tisane d\u2019Automne NGD Care \u2013 Immune &amp; Calm<\/strong> est une tisane harmonieuse qui apporte chaleur et douceur lors de la transition vers les mois les plus froids. Ce m\u00e9lange combine la <strong data-start=\"642\" data-end=\"670\">fra\u00eecheur de l\u2019\u00e9glantier<\/strong> avec la <strong data-start=\"678\" data-end=\"719\">douceur de la fleur de tilleul et de la camomille<\/strong>, compl\u00e9t\u00e9e par la <strong data-start=\"735\" data-end=\"751\">fleur de sureau<\/strong> pour soutenir la r\u00e9sistance. Une pointe de <strong data-start=\"801\" data-end=\"811\">gingembre<\/strong> ajoute une chaleur subtile, tandis que les <strong data-start=\"847\" data-end=\"873\">morceaux de pomme s\u00e9ch\u00e9e<\/strong> offrent une finale douce et fruit\u00e9e.  <\/p>\n<p data-start=\"921\" data-end=\"1172\">Le th\u00e9 s\u2019inspire de la <strong data-start=\"952\" data-end=\"969\">saison automnale<\/strong> et aide le corps et l\u2019esprit \u00e0 s\u2019adapter en douceur aux changements de temp\u00e9rature et aux journ\u00e9es plus courtes. Le m\u00e9lange est doux et doux, ce qui le rend adapt\u00e9 \u00e0 un usage quotidien et \u00e0 tous les \u00e2ges. <\/p>\n<p data-start=\"1174\" data-end=\"1207\"><strong data-start=\"1174\" data-end=\"1205\">Propri\u00e9t\u00e9s de l\u2019assemblage :<\/strong><\/p>\n<ul>\n<li data-start=\"1210\" data-end=\"1309\"><strong data-start=\"1210\" data-end=\"1240\">Composition synergique :<\/strong> \u00e9quilibre entre r\u00e9sistance, voies respiratoires, digestion et relaxation<\/li>\n<li data-start=\"1312\" data-end=\"1368\"><strong data-start=\"1312\" data-end=\"1329\">Go\u00fbt doux :<\/strong> fruit\u00e9, floral et l\u00e9g\u00e8rement r\u00e9chauffant<\/li>\n<li data-start=\"1371\" data-end=\"1437\"><strong data-start=\"1371\" data-end=\"1392\">Saisonnier :<\/strong> soutient la transition vers des jours plus froids<\/li>\n<li data-start=\"1440\" data-end=\"1506\"><strong data-start=\"1440\" data-end=\"1467\">Moment de plaisir quotidien :<\/strong> pur, 100&nbsp;% naturel et d\u00e9caf\u00e9in\u00e9<\/li>\n<li data-start=\"1509\" data-end=\"1572\"><strong data-start=\"1509\" data-end=\"1535\">Visuellement attrayant :<\/strong> des couleurs chaudes et automnales dans la t\u00eate<\/li>\n<\/ul>\n<p data-start=\"1574\" data-end=\"1694\">Le th\u00e9 d\u2019automne est livr\u00e9 dans un <strong data-start=\"1610\" data-end=\"1656\">sachet refermable de 50 grammes d\u2019herbes en vrac<\/strong>, bon pour environ 25 \u00e0 30 tasses de th\u00e9.<\/p>\n","protected":false},"excerpt":{"rendered":"<p class=\"p1\">Tisane nourrissante \u00e0 l\u2019\u00e9glantier, \u00e0 la fleur de tilleul et \u00e0 la camomille. Un doux m\u00e9lange automnal pour la r\u00e9sistance, la d\u00e9tente et l\u2019\u00e9quilibre. <\/p>\n","protected":false},"featured_media":17677,"comment_status":"open","ping_status":"closed","template":"","meta":[],"product_brand":[],"product_cat":[4758],"product_tag":[2559],"merken":[],"class_list":{"0":"post-9004","1":"product","2":"type-product","3":"status-publish","4":"has-post-thumbnail","6":"product_cat-the-fr","7":"product_tag-the-dautomne-the-de-resistance-tisane-dautomne-the-respiratoire-the-adapte-aux-enfants-the-respectueux-des-animaux-the-de","8":"infinite-scroll-item","9":"sales-flash-overlay","10":"woocommerce-text-align-center","11":"woocommerce-image-align-center","12":"do-quantity-buttons","14":"first","15":"instock","16":"taxable","17":"shipping-taxable","18":"purchasable","19":"product-type-simple"},"_links":{"self":[{"href":"https:\/\/www.ngdcare.nl\/fr\/wp-json\/wp\/v2\/product\/9004","targetHints":{"allow":["GET"]}}],"collection":[{"href":"https:\/\/www.ngdcare.nl\/fr\/wp-json\/wp\/v2\/product"}],"about":[{"href":"https:\/\/www.ngdcare.nl\/fr\/wp-json\/wp\/v2\/types\/product"}],"replies":[{"embeddable":true,"href":"https:\/\/www.ngdcare.nl\/fr\/wp-json\/wp\/v2\/comments?post=9004"}],"wp:featuredmedia":[{"embeddable":true,"href":"https:\/\/www.ngdcare.nl\/fr\/wp-json\/wp\/v2\/media\/17677"}],"wp:attachment":[{"href":"https:\/\/www.ngdcare.nl\/fr\/wp-json\/wp\/v2\/media?parent=9004"}],"wp:term":[{"taxonomy":"product_brand","embeddable":true,"href":"https:\/\/www.ngdcare.nl\/fr\/wp-json\/wp\/v2\/product_brand?post=9004"},{"taxonomy":"product_cat","embeddable":true,"href":"https:\/\/www.ngdcare.nl\/fr\/wp-json\/wp\/v2\/product_cat?post=9004"},{"taxonomy":"product_tag","embeddable":true,"href":"https:\/\/www.ngdcare.nl\/fr\/wp-json\/wp\/v2\/product_tag?post=9004"},{"taxonomy":"merken","embeddable":true,"href":"https:\/\/www.ngdcare.nl\/fr\/wp-json\/wp\/v2\/merken?post=9004"}],"curies":[{"name":"wp","href":"https:\/\/api.w.org\/{rel}","templated":true}]}}