{"id":9036,"date":"2025-10-04T14:11:38","date_gmt":"2025-10-04T12:11:38","guid":{"rendered":"https:\/\/www.ngdcare.nl\/?post_type=product&#038;p=9036"},"modified":"2025-10-04T14:20:48","modified_gmt":"2025-10-04T12:20:48","slug":"chou-frise-kopie","status":"publish","type":"product","link":"https:\/\/www.ngdcare.nl\/fr\/product\/sante-humaine\/superaliments-et-the\/superaliments\/chou-frise-kopie\/","title":{"rendered":"Chou fris\u00e9"},"content":{"rendered":"<p data-start=\"508\" data-end=\"673\"><strong data-start=\"508\" data-end=\"537\">La poudre de chou fris\u00e9 NGD Care<\/strong> est une poudre biologique 100&nbsp;% pure fabriqu\u00e9e \u00e0 partir de feuilles de chou fris\u00e9 vert s\u00e9ch\u00e9es \u2013 l\u2019un des superaliments v\u00e9g\u00e9taux les plus complets au monde.<\/p>\n<p data-start=\"675\" data-end=\"1037\">Le chou fris\u00e9 est naturellement riche en <strong data-start=\"709\" data-end=\"757\">vitamines A, C, K et en tout le complexe B<\/strong>, et contient des <strong data-start=\"780\" data-end=\"793\">min\u00e9raux<\/strong> importants tels que le calcium, le magn\u00e9sium, le potassium, le fer et le mangan\u00e8se. De plus, il est particuli\u00e8rement riche en <strong data-start=\"882\" data-end=\"912\">chlorophylle et en antioxydants<\/strong>, qui contribuent \u00e0 la protection des cellules contre le stress oxydatif et soutiennent les processus naturels de d\u00e9toxification. <\/p>\n<p data-start=\"1039\" data-end=\"1279\">Gr\u00e2ce \u00e0 son go\u00fbt doux et l\u00e9g\u00e8rement terreux et \u00e0 sa haute densit\u00e9 nutritionnelle, cette poudre est un compl\u00e9ment parfait \u00e0 l\u2019alimentation quotidienne. Utilisez-le dans les smoothies, les jus, les soupes ou les salades comme source naturelle d\u2019\u00e9nergie, de r\u00e9sistance et de vitalit\u00e9. <\/p>\n<p data-start=\"1281\" data-end=\"1301\"><strong data-start=\"1281\" data-end=\"1299\">Propri\u00e9t\u00e9s:<\/strong><\/p>\n<ul>\n<li data-start=\"1304\" data-end=\"1356\">100&nbsp;% biologique, sans additifs ni charges<\/li>\n<li data-start=\"1359\" data-end=\"1407\">Riche en vitamines, min\u00e9raux et antioxydants<\/li>\n<li data-start=\"1410\" data-end=\"1456\">Favorise la vitalit\u00e9 et l\u2019\u00e9quilibre naturel<\/li>\n<li data-start=\"1459\" data-end=\"1507\">Go\u00fbt neutre \u2013 id\u00e9al pour un usage quotidien<\/li>\n<li data-start=\"1510\" data-end=\"1551\">Convient aux v\u00e9g\u00e9tariens et aux v\u00e9g\u00e9taliens<\/li>\n<\/ul>\n","protected":false},"excerpt":{"rendered":"<p data-start=\"316\" data-end=\"465\">Poudre de chou fris\u00e9 biologique 100&nbsp;% pure. Riche en vitamines, min\u00e9raux, chlorophylle et antioxydants. Pour une vitalit\u00e9 naturelle et un \u00e9quilibre quotidien.  <\/p>\n","protected":false},"featured_media":11304,"comment_status":"open","ping_status":"closed","template":"","meta":{"wds_primary_product_brand":0,"wds_primary_product_cat":0,"wds_primary_merken":0},"product_brand":[],"product_cat":[4771],"product_tag":[],"merken":[2756],"class_list":{"0":"post-9036","1":"product","2":"type-product","3":"status-publish","4":"has-post-thumbnail","6":"product_cat-superaliments","7":"merken-ngdcare","8":"infinite-scroll-item","9":"sales-flash-overlay","10":"woocommerce-text-align-center","11":"woocommerce-image-align-center","12":"do-quantity-buttons","14":"first","15":"instock","16":"taxable","17":"shipping-taxable","18":"purchasable","19":"product-type-simple"},"_links":{"self":[{"href":"https:\/\/www.ngdcare.nl\/fr\/wp-json\/wp\/v2\/product\/9036","targetHints":{"allow":["GET"]}}],"collection":[{"href":"https:\/\/www.ngdcare.nl\/fr\/wp-json\/wp\/v2\/product"}],"about":[{"href":"https:\/\/www.ngdcare.nl\/fr\/wp-json\/wp\/v2\/types\/product"}],"replies":[{"embeddable":true,"href":"https:\/\/www.ngdcare.nl\/fr\/wp-json\/wp\/v2\/comments?post=9036"}],"wp:featuredmedia":[{"embeddable":true,"href":"https:\/\/www.ngdcare.nl\/fr\/wp-json\/wp\/v2\/media\/11304"}],"wp:attachment":[{"href":"https:\/\/www.ngdcare.nl\/fr\/wp-json\/wp\/v2\/media?parent=9036"}],"wp:term":[{"taxonomy":"product_brand","embeddable":true,"href":"https:\/\/www.ngdcare.nl\/fr\/wp-json\/wp\/v2\/product_brand?post=9036"},{"taxonomy":"product_cat","embeddable":true,"href":"https:\/\/www.ngdcare.nl\/fr\/wp-json\/wp\/v2\/product_cat?post=9036"},{"taxonomy":"product_tag","embeddable":true,"href":"https:\/\/www.ngdcare.nl\/fr\/wp-json\/wp\/v2\/product_tag?post=9036"},{"taxonomy":"merken","embeddable":true,"href":"https:\/\/www.ngdcare.nl\/fr\/wp-json\/wp\/v2\/merken?post=9036"}],"curies":[{"name":"wp","href":"https:\/\/api.w.org\/{rel}","templated":true}]}}