{"id":9047,"date":"2025-10-04T14:22:29","date_gmt":"2025-10-04T12:22:29","guid":{"rendered":"https:\/\/www.ngdcare.nl\/?post_type=product&#038;p=9047"},"modified":"2025-10-04T14:28:10","modified_gmt":"2025-10-04T12:28:10","slug":"brocoli-kopie","status":"publish","type":"product","link":"https:\/\/www.ngdcare.nl\/fr\/product\/sante-humaine\/superaliments-et-the\/superaliments\/brocoli-kopie\/","title":{"rendered":"Brocoli"},"content":{"rendered":"<p data-start=\"590\" data-end=\"898\"><strong data-start=\"590\" data-end=\"619\">NGD Care \u2013 La poudre de brocoli<\/strong> est un enrichissement puissant et enti\u00e8rement naturel \u00e0 base de brocoli biologique. La poudre est fabriqu\u00e9e \u00e0 partir <strong data-start=\"734\" data-end=\"805\">de toutes les parties comestibles de la plante \u2013 fleurons, feuilles et tiges minces<\/strong> \u2013 afin de pr\u00e9server sa pleine valeur nutritionnelle et son large spectre de compos\u00e9s bioactifs. <\/p>\n<p data-start=\"900\" data-end=\"1282\">Le brocoli est riche en <strong data-start=\"921\" data-end=\"979\">fibres, en b\u00eata-carot\u00e8ne, en vitamines C, K et B9 (folate)<\/strong> et en <strong data-start=\"995\" data-end=\"1008\">min\u00e9raux<\/strong> importants tels que le calcium, le potassium et le magn\u00e9sium. De plus, il contient naturellement des <strong data-start=\"1076\" data-end=\"1094\">glucosinolates<\/strong>, dont le <strong data-start=\"1106\" data-end=\"1121\">sulforaphane<\/strong> \u2013 un compos\u00e9 bioactif qui a \u00e9t\u00e9 scientifiquement \u00e9tudi\u00e9 pour son r\u00f4le dans le soutien des d\u00e9fenses cellulaires et le processus naturel de d\u00e9toxification. <\/p>\n<p data-start=\"1284\" data-end=\"1504\">Avec son go\u00fbt doux et vert, cette poudre est parfaite comme compl\u00e9ment quotidien \u00e0 une alimentation saine. Utilisez-le dans les smoothies, les jus, les soupes ou les plats sal\u00e9s pour une valeur nutritionnelle suppl\u00e9mentaire et une touche subtile de l\u00e9gumes. <\/p>\n<p data-start=\"1506\" data-end=\"1526\"><strong data-start=\"1506\" data-end=\"1524\">Propri\u00e9t\u00e9s:<\/strong><\/p>\n<ul>\n<li data-start=\"1529\" data-end=\"1581\">100&nbsp;% biologique, sans additifs ni charges<\/li>\n<li data-start=\"1584\" data-end=\"1632\">Riche en vitamines, min\u00e9raux et antioxydants<\/li>\n<li data-start=\"1635\" data-end=\"1689\">Contient des glucosinolates naturels (comme le sulforaphane)<\/li>\n<li data-start=\"1692\" data-end=\"1734\">Go\u00fbt doux et facile \u00e0 utiliser<\/li>\n<li data-start=\"1737\" data-end=\"1778\">Convient aux v\u00e9g\u00e9tariens et aux v\u00e9g\u00e9taliens<\/li>\n<\/ul>\n","protected":false},"excerpt":{"rendered":"<p class=\"p1\">Poudre de brocoli biologique \u00e0 partir de plantes enti\u00e8res (fleurons, feuilles et tiges). Riche en vitamines, min\u00e9raux et glucosinolates naturels tels que le sulforaphane. <\/p>\n","protected":false},"featured_media":11236,"comment_status":"open","ping_status":"closed","template":"","meta":{"wds_primary_product_brand":0,"wds_primary_product_cat":188,"wds_primary_merken":0},"product_brand":[],"product_cat":[4771],"product_tag":[],"merken":[2756],"class_list":{"0":"post-9047","1":"product","2":"type-product","3":"status-publish","4":"has-post-thumbnail","6":"product_cat-superaliments","7":"merken-ngdcare","8":"infinite-scroll-item","9":"sales-flash-overlay","10":"woocommerce-text-align-center","11":"woocommerce-image-align-center","12":"do-quantity-buttons","14":"first","15":"instock","16":"taxable","17":"shipping-taxable","18":"purchasable","19":"product-type-simple"},"_links":{"self":[{"href":"https:\/\/www.ngdcare.nl\/fr\/wp-json\/wp\/v2\/product\/9047","targetHints":{"allow":["GET"]}}],"collection":[{"href":"https:\/\/www.ngdcare.nl\/fr\/wp-json\/wp\/v2\/product"}],"about":[{"href":"https:\/\/www.ngdcare.nl\/fr\/wp-json\/wp\/v2\/types\/product"}],"replies":[{"embeddable":true,"href":"https:\/\/www.ngdcare.nl\/fr\/wp-json\/wp\/v2\/comments?post=9047"}],"wp:featuredmedia":[{"embeddable":true,"href":"https:\/\/www.ngdcare.nl\/fr\/wp-json\/wp\/v2\/media\/11236"}],"wp:attachment":[{"href":"https:\/\/www.ngdcare.nl\/fr\/wp-json\/wp\/v2\/media?parent=9047"}],"wp:term":[{"taxonomy":"product_brand","embeddable":true,"href":"https:\/\/www.ngdcare.nl\/fr\/wp-json\/wp\/v2\/product_brand?post=9047"},{"taxonomy":"product_cat","embeddable":true,"href":"https:\/\/www.ngdcare.nl\/fr\/wp-json\/wp\/v2\/product_cat?post=9047"},{"taxonomy":"product_tag","embeddable":true,"href":"https:\/\/www.ngdcare.nl\/fr\/wp-json\/wp\/v2\/product_tag?post=9047"},{"taxonomy":"merken","embeddable":true,"href":"https:\/\/www.ngdcare.nl\/fr\/wp-json\/wp\/v2\/merken?post=9047"}],"curies":[{"name":"wp","href":"https:\/\/api.w.org\/{rel}","templated":true}]}}