{"id":9187,"date":"2025-10-20T15:33:47","date_gmt":"2025-10-20T13:33:47","guid":{"rendered":"https:\/\/www.ngdcare.nl\/product\/non%20class\u00e9\/essence-de-feu-dartifice-essence-de-fleur-de-peur-de-feu-dartifice\/"},"modified":"2026-04-12T21:30:07","modified_gmt":"2026-04-12T19:30:07","slug":"essence-de-feu-dartifice-essence-de-fleur-de-peur-de-feu-dartifice","status":"publish","type":"product","link":"https:\/\/www.ngdcare.nl\/fr\/product\/remedes-floraux\/essence-de-feu-dartifice-essence-de-fleur-de-peur-de-feu-dartifice\/","title":{"rendered":"Essence de feu d\u2019artifice \u2013 Essence de fleur de peur de feu d\u2019artifice"},"content":{"rendered":"<p data-start=\"1041\" data-end=\"1359\"><strong data-start=\"1044\" data-end=\"1085\">L\u2019essence NGD Care Firework<\/strong> est sp\u00e9cialement d\u00e9velopp\u00e9e pour soutenir les animaux stress\u00e9s et anxieux pendant les vacances. La puissante combinaison de fleurs agit sur plusieurs couches de la conscience : relaxation du syst\u00e8me nerveux, protection contre la surstimulation et r\u00e9cup\u00e9ration apr\u00e8s un choc ou un traumatisme. <\/p>\n<ul data-start=\"1361\" data-end=\"2029\">\n<li data-start=\"1361\" data-end=\"1552\">\n<p data-start=\"1363\" data-end=\"1552\"><strong data-start=\"1366\" data-end=\"1395\">Protection et s\u00e9curit\u00e9 :<\/strong> <em data-start=\"1396\" data-end=\"1437\">Gardien, Protection, Achill\u00e9e millefeuille rose<\/em> et <em data-start=\"1441\" data-end=\"1451\">Sugulite<\/em> renforcent la protection \u00e9nerg\u00e9tique et aident les animaux sensibles qui prennent rapidement le dessus sur les tensions.<\/p>\n<\/li>\n<li data-start=\"1361\" data-end=\"1552\">\n<p data-start=\"1363\" data-end=\"1552\"><strong data-start=\"1558\" data-end=\"1580\">Paix et confiance :<\/strong> <em data-start=\"1581\" data-end=\"1608\">Aspen, Mimulus, Rock Rose<\/em> et <em data-start=\"1612\" data-end=\"1619\">Hosta<\/em> calment la peur et la panique face aux bruits forts ou aux \u00e9v\u00e9nements soudains.<\/p>\n<\/li>\n<li data-start=\"1697\" data-end=\"1870\">\n<p data-start=\"1699\" data-end=\"1870\"><strong data-start=\"1702\" data-end=\"1723\">Traumatisme et r\u00e9tablissement :<\/strong> <em data-start=\"1724\" data-end=\"1769\">L\u2019\u00e9toile de Bethl\u00e9em, Kerspruim, l\u2019amour et l\u2019espoir<\/em> et <em data-start=\"1773\" data-end=\"1779\">l\u2019auto-soutien<\/em> dans le traitement des exp\u00e9riences de choc pr\u00e9c\u00e9dentes et favorisent l\u2019\u00e9quilibre \u00e9motionnel.<\/p>\n<\/li>\n<li data-start=\"1871\" data-end=\"2029\">\n<p data-start=\"1873\" data-end=\"2029\"><strong data-start=\"1876\" data-end=\"1902\">Ancrage et stabilit\u00e9&nbsp;:<\/strong> La <em data-start=\"1903\" data-end=\"1939\">bourrache, Houttuynia Cordata<\/em> et le <em data-start=\"1943\" data-end=\"1957\">persil de vache<\/em> aident les animaux \u00e0 rentrer dans leur corps et \u00e0 r\u00e9agir de mani\u00e8re d\u00e9tendue.<\/p>\n<\/li>\n<\/ul>\n","protected":false},"excerpt":{"rendered":"<p>Apaisez votre animal pendant la p\u00e9riode de pointe des feux <strong data-start=\"656\" data-end=\"697\">d\u2019artifice avec l\u2019essence de fleur d\u2019anxi\u00e9t\u00e9 de feu d\u2019artifice NGD Care \u2013 essence de feu d\u2019artifice<\/strong> \u2013 un soutien naturel pour la paix int\u00e9rieure, la s\u00e9curit\u00e9 et la confiance. Cette combinaison unique de plus de 20 fleurs \u00e9nergiques aide les animaux qui ont peur des bruits forts, des \u00e9clairs ou des tensions dans la maison. Convient pour chien, chat et autres animaux de compagnie.  <\/p>\n","protected":false},"featured_media":9618,"comment_status":"open","ping_status":"closed","template":"","meta":[],"product_brand":[],"product_cat":[1610],"product_tag":[5088,5086,5087,7844],"merken":[],"class_list":{"0":"post-9187","1":"product","2":"type-product","3":"status-publish","4":"has-post-thumbnail","6":"product_cat-remedes-floraux","7":"product_tag-floraison-des-feux-dartifice","8":"product_tag-ngd-care-remede-a-la-fleur","9":"product_tag-soutien-aux-feux-dartifice","10":"product_tag-stress-et-comportement","11":"infinite-scroll-item","12":"sales-flash-overlay","13":"woocommerce-text-align-center","14":"woocommerce-image-align-center","15":"do-quantity-buttons","17":"first","18":"instock","19":"taxable","20":"shipping-taxable","21":"purchasable","22":"product-type-simple"},"_links":{"self":[{"href":"https:\/\/www.ngdcare.nl\/fr\/wp-json\/wp\/v2\/product\/9187","targetHints":{"allow":["GET"]}}],"collection":[{"href":"https:\/\/www.ngdcare.nl\/fr\/wp-json\/wp\/v2\/product"}],"about":[{"href":"https:\/\/www.ngdcare.nl\/fr\/wp-json\/wp\/v2\/types\/product"}],"replies":[{"embeddable":true,"href":"https:\/\/www.ngdcare.nl\/fr\/wp-json\/wp\/v2\/comments?post=9187"}],"wp:featuredmedia":[{"embeddable":true,"href":"https:\/\/www.ngdcare.nl\/fr\/wp-json\/wp\/v2\/media\/9618"}],"wp:attachment":[{"href":"https:\/\/www.ngdcare.nl\/fr\/wp-json\/wp\/v2\/media?parent=9187"}],"wp:term":[{"taxonomy":"product_brand","embeddable":true,"href":"https:\/\/www.ngdcare.nl\/fr\/wp-json\/wp\/v2\/product_brand?post=9187"},{"taxonomy":"product_cat","embeddable":true,"href":"https:\/\/www.ngdcare.nl\/fr\/wp-json\/wp\/v2\/product_cat?post=9187"},{"taxonomy":"product_tag","embeddable":true,"href":"https:\/\/www.ngdcare.nl\/fr\/wp-json\/wp\/v2\/product_tag?post=9187"},{"taxonomy":"merken","embeddable":true,"href":"https:\/\/www.ngdcare.nl\/fr\/wp-json\/wp\/v2\/merken?post=9187"}],"curies":[{"name":"wp","href":"https:\/\/api.w.org\/{rel}","templated":true}]}}