{"id":9231,"date":"2025-10-20T16:06:49","date_gmt":"2025-10-20T14:06:49","guid":{"rendered":"https:\/\/www.ngdcare.nl\/product\/non%20class\u00e9\/huile-essentielle-support-de-feu-dartifice\/"},"modified":"2026-01-26T21:30:25","modified_gmt":"2026-01-26T20:30:25","slug":"huile-essentielle-support-de-feu-dartifice","status":"publish","type":"product","link":"https:\/\/www.ngdcare.nl\/fr\/product\/sante-veterinaire\/aromatherapie-fr\/huile-essentielle-support-de-feu-dartifice\/","title":{"rendered":"Soutien aux feux d\u2019artifice \u2013 Peur des feux d\u2019artifice"},"content":{"rendered":"<p data-start=\"317\" data-end=\"578\"><strong>NGD Care \u2013 Soutien aux feux d\u2019artifice<\/strong> est un m\u00e9lange d\u2019huiles essentielles soigneusement formul\u00e9 qui soutient le syst\u00e8me nerveux lors de moments aigus de stress et d\u2019une sensibilit\u00e9 accrue aux sons et stimuli, comme lors des feux d\u2019artifice, des orages ou d\u2019autres bruits ambiants inattendus.<\/p>\n<p data-start=\"580\" data-end=\"855\">La combinaison de parfums est chaleureuse, bois\u00e9e et r\u00e9confortante, sp\u00e9cialement adapt\u00e9e aux animaux qui accumulent rapidement de la tension ou ressentent un sentiment d\u2019ins\u00e9curit\u00e9. Le soutien pyrotechnique aide le corps et le syst\u00e8me nerveux \u00e0 se calmer et favorise la relaxation sans engourdir. <\/p>\n<h4 data-start=\"862\" data-end=\"892\"> <strong>Composition<\/strong><\/h4>\n<ul>\n<li data-start=\"895\" data-end=\"1072\"><strong data-start=\"895\" data-end=\"939\">C\u00e8dre et cypr\u00e8s : <\/strong>Ancrer et stabiliser, soutenir la paix int\u00e9rieure et aider \u00e0 restaurer un sentiment de s\u00e9curit\u00e9 et de limitation.<\/li>\n<li data-start=\"1076\" data-end=\"1240\"><strong data-start=\"1076\" data-end=\"1103\">Ylang Ylang &amp; Patchouli : <\/strong>Harmoniser et se d\u00e9tendre, soutenir la lib\u00e9ration des tensions dans les muscles et le syst\u00e8me nerveux et contribuer \u00e0 l\u2019\u00e9quilibre \u00e9motionnel.<\/li>\n<li data-start=\"1244\" data-end=\"1393\"><strong data-start=\"1244\" data-end=\"1266\">S\u00e9r\u00e9nit\u00e9 &amp; Copaiba : <\/strong>Profond\u00e9ment apaisant et apaisant, cela aide \u00e0 r\u00e9duire le stress et soutient une respiration calme et la relaxation.<\/li>\n<\/ul>\n<p data-start=\"1395\" data-end=\"1546\">Ensemble, ces huiles forment une synergie douce mais efficace qui soutient les animaux dans des stimuli stressants et aide \u00e0 r\u00e9duire progressivement la tension. L\u2019huile essentielle peut \u00eatre bien utilis\u00e9e avec <a href=\"https:\/\/www.ngdcare.nl\/fr\/product\/remedes-floraux\/essence-de-feu-dartifice-essence-de-fleur-de-peur-de-feu-dartifice\/\">l\u2019essence florale Pyroil Support<\/a>. <\/p>\n<h4 data-start=\"1553\" data-end=\"1586\"><strong>Indications<\/strong><\/h4>\n<ul>\n<li data-start=\"1589\" data-end=\"1628\">Peur des feux d\u2019artifice et des bruits forts<\/li>\n<li data-start=\"1631\" data-end=\"1670\">Sensibilit\u00e9 au son et r\u00e9actions de sursaut<\/li>\n<li data-start=\"1673\" data-end=\"1707\">Tension et agitation dues aux stimuli<\/li>\n<li data-start=\"1710\" data-end=\"1775\">Situations de stress soudain (orages, vacances, environnement)<\/li>\n<li data-start=\"1778\" data-end=\"1837\">Animaux ayant un besoin particulier de confort et de s\u00e9curit\u00e9<\/li>\n<\/ul>\n","protected":false},"excerpt":{"rendered":"<p>Le <strong data-start=\"2667\" data-end=\"2700\">support de feux d\u2019artifice \u00e0 base d\u2019huile essentielle NGD <\/strong>Care apporte paix \u00e0 votre maison et d\u00e9tente \u00e0 votre animal pendant la p\u00e9riode des feux d\u2019artifice. Disponible sous forme<strong data-start=\"2796\" data-end=\"2817\"> d\u2019huile \u00e0 rouleaux<\/strong> ou <strong data-start=\"2821\" data-end=\"2837\">diffuseurs<\/strong> \u2013 id\u00e9ale pour r\u00e9duire naturellement l\u2019anxi\u00e9t\u00e9, l\u2019anxi\u00e9t\u00e9 et la tension chez les chiens ou les chats.<\/p>\n","protected":false},"featured_media":9606,"comment_status":"open","ping_status":"closed","template":"","meta":{"wds_primary_product_brand":0,"wds_primary_product_cat":0,"wds_primary_merken":0},"product_brand":[],"product_cat":[667],"product_tag":[],"merken":[],"class_list":{"0":"post-9231","1":"product","2":"type-product","3":"status-publish","4":"has-post-thumbnail","6":"product_cat-aromatherapie-fr","7":"infinite-scroll-item","8":"sales-flash-overlay","9":"woocommerce-text-align-center","10":"woocommerce-image-align-center","11":"do-quantity-buttons","13":"first","14":"instock","15":"taxable","16":"shipping-taxable","17":"purchasable","18":"product-type-variable"},"_links":{"self":[{"href":"https:\/\/www.ngdcare.nl\/fr\/wp-json\/wp\/v2\/product\/9231","targetHints":{"allow":["GET"]}}],"collection":[{"href":"https:\/\/www.ngdcare.nl\/fr\/wp-json\/wp\/v2\/product"}],"about":[{"href":"https:\/\/www.ngdcare.nl\/fr\/wp-json\/wp\/v2\/types\/product"}],"replies":[{"embeddable":true,"href":"https:\/\/www.ngdcare.nl\/fr\/wp-json\/wp\/v2\/comments?post=9231"}],"wp:featuredmedia":[{"embeddable":true,"href":"https:\/\/www.ngdcare.nl\/fr\/wp-json\/wp\/v2\/media\/9606"}],"wp:attachment":[{"href":"https:\/\/www.ngdcare.nl\/fr\/wp-json\/wp\/v2\/media?parent=9231"}],"wp:term":[{"taxonomy":"product_brand","embeddable":true,"href":"https:\/\/www.ngdcare.nl\/fr\/wp-json\/wp\/v2\/product_brand?post=9231"},{"taxonomy":"product_cat","embeddable":true,"href":"https:\/\/www.ngdcare.nl\/fr\/wp-json\/wp\/v2\/product_cat?post=9231"},{"taxonomy":"product_tag","embeddable":true,"href":"https:\/\/www.ngdcare.nl\/fr\/wp-json\/wp\/v2\/product_tag?post=9231"},{"taxonomy":"merken","embeddable":true,"href":"https:\/\/www.ngdcare.nl\/fr\/wp-json\/wp\/v2\/merken?post=9231"}],"curies":[{"name":"wp","href":"https:\/\/api.w.org\/{rel}","templated":true}]}}