{"id":9393,"date":"2025-10-30T13:47:10","date_gmt":"2025-10-30T12:47:10","guid":{"rendered":"https:\/\/www.ngdcare.nl\/product\/non%20class\u00e9\/fellefant-veritable-tige-de-fourrure-de-lapin\/"},"modified":"2025-11-06T14:03:44","modified_gmt":"2025-11-06T13:03:44","slug":"fellefant-veritable-tige-de-fourrure-de-lapin","status":"publish","type":"product","link":"https:\/\/www.ngdcare.nl\/fr\/product\/animalerie\/chat\/fellefant-veritable-tige-de-fourrure-de-lapin\/","title":{"rendered":"Tige de fourrure de lapin Fellefant"},"content":{"rendered":"<p data-start=\"162\" data-end=\"388\">Cette <strong>tige de fourrure de lapin pour chat<\/strong> est une \u00ab&nbsp;proie&nbsp;\u00bb irr\u00e9sistible pour chaque chat. Ce jouet durable est fabriqu\u00e9 \u00e0 partir de fourrure et de plumes de lapin non teintes \u2013 enti\u00e8rement naturelles et sans danger pour les chats. <\/p>\n<p data-start=\"390\" data-end=\"643\">La fourrure de lapin est un mat\u00e9riau doux et naturel qui stimule l\u2019instinct de chasse de votre chat, tandis que les plumes ajoutent un plaisir ludique suppl\u00e9mentaire.<\/p>\n<p data-start=\"645\" data-end=\"880\">Ce jouet est 100&nbsp;% s\u00fbr et exempt de substances nocives ou de produits chimiques, de sorte que votre chat peut chasser, sauter et frapper sans souci. Gr\u00e2ce aux mat\u00e9riaux naturels, le jouet dure longtemps et reste attrayant pour votre chat. <\/p>\n<p data-start=\"925\" data-end=\"942\"><strong data-start=\"925\" data-end=\"940\">Important:<\/strong><\/p>\n<ul>\n<li data-start=\"945\" data-end=\"993\">Uniquement destin\u00e9 comme un jouet, pas comme de la nourriture.<\/li>\n<li data-start=\"996\" data-end=\"1039\">Laissez toujours votre chat jouer sous surveillance.<\/li>\n<li data-start=\"1095\" data-end=\"1127\">Ne convient pas au lavage en machine.<\/li>\n<li data-start=\"1130\" data-end=\"1171\">Aucun jouet n\u2019est indestructible.<\/li>\n<\/ul>\n","protected":false},"excerpt":{"rendered":"<p><strong data-start=\"147\" data-end=\"191\">Cette tige pour chat en fourrure de lapin<\/strong> est le jouet id\u00e9al pour tout chat joueur ! Ce jouet de proie molle stimule l\u2019instinct de chasse de votre chat et est tout \u00e0 fait naturel et constitue un choix s\u00fbr et durable que vous et votre chat appr\u00e9cierez. <\/p>\n","protected":false},"featured_media":9395,"comment_status":"open","ping_status":"closed","template":"","meta":[],"product_brand":[],"product_cat":[5066,5033,5034],"product_tag":[],"merken":[],"class_list":{"0":"post-9393","1":"product","2":"type-product","3":"status-publish","4":"has-post-thumbnail","6":"product_cat-animalerie","7":"product_cat-chat","8":"product_cat-jouets-durables-2","9":"infinite-scroll-item","10":"sales-flash-overlay","11":"woocommerce-text-align-center","12":"woocommerce-image-align-center","13":"do-quantity-buttons","15":"first","16":"instock","17":"sold-individually","18":"taxable","19":"shipping-taxable","20":"purchasable","21":"product-type-simple"},"_links":{"self":[{"href":"https:\/\/www.ngdcare.nl\/fr\/wp-json\/wp\/v2\/product\/9393","targetHints":{"allow":["GET"]}}],"collection":[{"href":"https:\/\/www.ngdcare.nl\/fr\/wp-json\/wp\/v2\/product"}],"about":[{"href":"https:\/\/www.ngdcare.nl\/fr\/wp-json\/wp\/v2\/types\/product"}],"replies":[{"embeddable":true,"href":"https:\/\/www.ngdcare.nl\/fr\/wp-json\/wp\/v2\/comments?post=9393"}],"wp:featuredmedia":[{"embeddable":true,"href":"https:\/\/www.ngdcare.nl\/fr\/wp-json\/wp\/v2\/media\/9395"}],"wp:attachment":[{"href":"https:\/\/www.ngdcare.nl\/fr\/wp-json\/wp\/v2\/media?parent=9393"}],"wp:term":[{"taxonomy":"product_brand","embeddable":true,"href":"https:\/\/www.ngdcare.nl\/fr\/wp-json\/wp\/v2\/product_brand?post=9393"},{"taxonomy":"product_cat","embeddable":true,"href":"https:\/\/www.ngdcare.nl\/fr\/wp-json\/wp\/v2\/product_cat?post=9393"},{"taxonomy":"product_tag","embeddable":true,"href":"https:\/\/www.ngdcare.nl\/fr\/wp-json\/wp\/v2\/product_tag?post=9393"},{"taxonomy":"merken","embeddable":true,"href":"https:\/\/www.ngdcare.nl\/fr\/wp-json\/wp\/v2\/merken?post=9393"}],"curies":[{"name":"wp","href":"https:\/\/api.w.org\/{rel}","templated":true}]}}