{"id":9475,"date":"2025-11-01T15:10:50","date_gmt":"2025-11-01T14:10:50","guid":{"rendered":"https:\/\/www.ngdcare.nl\/product\/non%20class\u00e9\/green-wilds-carol-le-sapin-de-noel\/"},"modified":"2025-11-04T15:34:43","modified_gmt":"2025-11-04T14:34:43","slug":"green-wilds-carol-le-sapin-de-noel","status":"publish","type":"product","link":"https:\/\/www.ngdcare.nl\/fr\/product\/animalerie\/chien\/enrichissement-et-plaisir\/jouets-durables\/green-wilds-carol-le-sapin-de-noel\/","title":{"rendered":"Green &amp; Wilds Carol le sapin de No\u00ebl"},"content":{"rendered":"<p data-start=\"0\" data-end=\"58\"><strong data-start=\"0\" data-end=\"56\">Jouet \u00e9cologique pour chien Green &amp; Wilds \u2013 Carol le sapin de No\u00ebl<\/strong><\/p>\n<p data-start=\"60\" data-end=\"106\">Surprenez votre chien avec Carol le sapin de No\u00ebl !<\/p>\n<p data-start=\"108\" data-end=\"430\">Ce jouet festif extra-large a un sourire joyeux et est d\u00e9cor\u00e9 de 9 petits jouets \u00e9cologiques G&amp;W comme d\u00e9coration de No\u00ebl, tous r\u00e9compens\u00e9s par Stanley l\u2019\u00e9toile de mer en tant que star du spectacle. Carol est fait de fibres de jute naturelles et de daim durable, avec une poign\u00e9e en corde de jute tress\u00e9e pour plus de plaisir. <\/p>\n<p data-start=\"432\" data-end=\"609\">Le daim est un sous-produit, donc aucun mat\u00e9riau n\u2019est perdu, et le jute est 100&nbsp;% biod\u00e9gradable \u2013 un choix durable qui vous rendra, vous et votre chien, heureux.<\/p>\n<p data-start=\"611\" data-end=\"818\">Carol l\u2019arbre de No\u00ebl est solide, s\u00fbr et produit sans substances nocives ni produits chimiques lib\u00e9r\u00e9s lors de la mastication. De cette fa\u00e7on, votre chien peut jouer et profiter d\u2019heures de jeu insouciant pendant les vacances. <\/p>\n<p data-start=\"820\" data-end=\"879\"><strong data-start=\"820\" data-end=\"835\">Dimensions :<\/strong> 67 \u00d7 34 cm (y compris poign\u00e9e et pieds)<\/p>\n<p data-start=\"881\" data-end=\"910\"><strong data-start=\"881\" data-end=\"908\">Important \u00e0 savoir :<\/strong><\/p>\n<ul data-start=\"911\" data-end=\"1169\" data-is-last-node=\"\" data-is-only-node=\"\">\n<li data-start=\"911\" data-end=\"960\">\n<p data-start=\"913\" data-end=\"960\">Uniquement destin\u00e9 comme un jouet, pas comme de la nourriture<\/p>\n<\/li>\n<li data-start=\"961\" data-end=\"1006\">\n<p data-start=\"963\" data-end=\"1006\">Laissez toujours votre chien jouer sous surveillance<\/p>\n<\/li>\n<li data-start=\"1007\" data-end=\"1094\">\n<p data-start=\"1009\" data-end=\"1094\">Retirez le jouet si votre chien essaie de mordre ou d\u2019avaler des morceaux<\/p>\n<\/li>\n<li data-start=\"1095\" data-end=\"1128\">\n<p data-start=\"1097\" data-end=\"1128\">Ne convient pas au lavage en machine<\/p>\n<\/li>\n<li data-start=\"1129\" data-end=\"1169\" data-is-last-node=\"\">\n<p data-start=\"1131\" data-end=\"1169\" data-is-last-node=\"\">Aucun jouet n\u2019est indestructible<\/p>\n<\/li>\n<\/ul>\n","protected":false},"excerpt":{"rendered":"<p><strong>Carol le sapin de No\u00ebl<\/strong> est le jouet festif parfait pour votre chien ! Ce grand sapin de No\u00ebl joyeux en daim et jute offre des heures de plaisir. C\u2019est un ajout durable et joyeux \u00e0 tout panier de jeu.  <\/p>\n","protected":false},"featured_media":9479,"comment_status":"open","ping_status":"closed","template":"","meta":[],"product_brand":[],"product_cat":[5066,5055,4819],"product_tag":[],"merken":[],"class_list":{"0":"post-9475","1":"product","2":"type-product","3":"status-publish","4":"has-post-thumbnail","6":"product_cat-animalerie","7":"product_cat-chien","8":"product_cat-jouets-durables","9":"infinite-scroll-item","10":"sales-flash-overlay","11":"woocommerce-text-align-center","12":"woocommerce-image-align-center","13":"do-quantity-buttons","15":"first","16":"instock","17":"sold-individually","18":"taxable","19":"shipping-taxable","20":"purchasable","21":"product-type-simple"},"_links":{"self":[{"href":"https:\/\/www.ngdcare.nl\/fr\/wp-json\/wp\/v2\/product\/9475","targetHints":{"allow":["GET"]}}],"collection":[{"href":"https:\/\/www.ngdcare.nl\/fr\/wp-json\/wp\/v2\/product"}],"about":[{"href":"https:\/\/www.ngdcare.nl\/fr\/wp-json\/wp\/v2\/types\/product"}],"replies":[{"embeddable":true,"href":"https:\/\/www.ngdcare.nl\/fr\/wp-json\/wp\/v2\/comments?post=9475"}],"wp:featuredmedia":[{"embeddable":true,"href":"https:\/\/www.ngdcare.nl\/fr\/wp-json\/wp\/v2\/media\/9479"}],"wp:attachment":[{"href":"https:\/\/www.ngdcare.nl\/fr\/wp-json\/wp\/v2\/media?parent=9475"}],"wp:term":[{"taxonomy":"product_brand","embeddable":true,"href":"https:\/\/www.ngdcare.nl\/fr\/wp-json\/wp\/v2\/product_brand?post=9475"},{"taxonomy":"product_cat","embeddable":true,"href":"https:\/\/www.ngdcare.nl\/fr\/wp-json\/wp\/v2\/product_cat?post=9475"},{"taxonomy":"product_tag","embeddable":true,"href":"https:\/\/www.ngdcare.nl\/fr\/wp-json\/wp\/v2\/product_tag?post=9475"},{"taxonomy":"merken","embeddable":true,"href":"https:\/\/www.ngdcare.nl\/fr\/wp-json\/wp\/v2\/merken?post=9475"}],"curies":[{"name":"wp","href":"https:\/\/api.w.org\/{rel}","templated":true}]}}