{"id":9516,"date":"2025-11-01T15:37:29","date_gmt":"2025-11-01T14:37:29","guid":{"rendered":"https:\/\/www.ngdcare.nl\/product\/non%20class\u00e9\/green-wilds-francois-le-frog\/"},"modified":"2025-11-06T13:55:35","modified_gmt":"2025-11-06T12:55:35","slug":"green-wilds-francois-le-frog","status":"publish","type":"product","link":"https:\/\/www.ngdcare.nl\/fr\/product\/animalerie\/chien\/enrichissement-et-plaisir\/jouets-durables\/green-wilds-francois-le-frog\/","title":{"rendered":"Green &amp; Wilds Fran\u00e7ois le Frog"},"content":{"rendered":"<p data-start=\"0\" data-end=\"50\"><strong data-start=\"0\" data-end=\"48\">Jouet \u00e9cologique pour chien Green &amp; Wilds \u2013 Fran\u00e7ois le Frog<\/strong><\/p>\n<p data-start=\"52\" data-end=\"90\">Surprenez votre chien avec Fran\u00e7ois le Frog !<\/p>\n<p data-start=\"92\" data-end=\"358\">Cette grenouille joyeuse est fabriqu\u00e9e \u00e0 partir de fibres de jute durables et finie avec une couche ext\u00e9rieure en daim doux. Le jute est une fibre v\u00e9g\u00e9tale naturelle et le daim est un sous-produit, de sorte qu\u2019aucun mat\u00e9riau n\u2019est perdu \u2013 un choix \u00e9cologique avec une touche ludique. <\/p>\n<p data-start=\"360\" data-end=\"590\">Fran\u00e7ois est solide, s\u00fbr et produit sans substances nocives ni produits chimiques lib\u00e9r\u00e9s lors de la mastication. Le mat\u00e9riau est 100&nbsp;% biod\u00e9gradable et con\u00e7u pour durer, afin que votre chien puisse jouer sans fin. <\/p>\n<p data-start=\"592\" data-end=\"699\"><strong data-start=\"592\" data-end=\"607\">Dimensions :<\/strong> 23 \u00d7 22 cm<br data-start=\"618\" data-end=\"621\"><strong data-start=\"621\" data-end=\"639\">Convient pour :<\/strong> chiens de toutes tailles et de tous \u00e2ges, y compris les chiots<\/p>\n<p data-start=\"701\" data-end=\"730\"><strong data-start=\"701\" data-end=\"728\">Important \u00e0 savoir :<\/strong><\/p>\n<ul data-start=\"731\" data-end=\"991\">\n<li data-start=\"731\" data-end=\"780\">\n<p data-start=\"733\" data-end=\"780\">Uniquement destin\u00e9 comme un jouet, pas comme de la nourriture<\/p>\n<\/li>\n<li data-start=\"781\" data-end=\"826\">\n<p data-start=\"783\" data-end=\"826\">Laissez toujours votre chien jouer sous surveillance<\/p>\n<\/li>\n<li data-start=\"827\" data-end=\"914\">\n<p data-start=\"829\" data-end=\"914\">Retirez le jouet si votre chien essaie de mordre ou d\u2019avaler des morceaux<\/p>\n<\/li>\n<li data-start=\"915\" data-end=\"948\">\n<p data-start=\"917\" data-end=\"948\">Ne convient pas au lavage en machine<\/p>\n<\/li>\n<li data-start=\"949\" data-end=\"991\">\n<p data-start=\"951\" data-end=\"991\">Aucun jouet n\u2019est indestructible<\/p>\n<\/li>\n<\/ul>\n","protected":false},"excerpt":{"rendered":"<p><strong>Fran\u00e7ois le Frog<\/strong> vous saute au c\u0153ur ! Cette charmante grenouille en jute et en daim apporte le plaisir du jeu durable dans votre maison. Il est fort, naturel et irr\u00e9sistible pour tout chien !  <\/p>\n","protected":false},"featured_media":9518,"comment_status":"open","ping_status":"closed","template":"","meta":[],"product_brand":[],"product_cat":[5066,5055,4819],"product_tag":[],"merken":[],"class_list":{"0":"post-9516","1":"product","2":"type-product","3":"status-publish","4":"has-post-thumbnail","6":"product_cat-animalerie","7":"product_cat-chien","8":"product_cat-jouets-durables","9":"infinite-scroll-item","10":"sales-flash-overlay","11":"woocommerce-text-align-center","12":"woocommerce-image-align-center","13":"do-quantity-buttons","15":"first","16":"instock","17":"sold-individually","18":"taxable","19":"shipping-taxable","20":"purchasable","21":"product-type-simple"},"_links":{"self":[{"href":"https:\/\/www.ngdcare.nl\/fr\/wp-json\/wp\/v2\/product\/9516","targetHints":{"allow":["GET"]}}],"collection":[{"href":"https:\/\/www.ngdcare.nl\/fr\/wp-json\/wp\/v2\/product"}],"about":[{"href":"https:\/\/www.ngdcare.nl\/fr\/wp-json\/wp\/v2\/types\/product"}],"replies":[{"embeddable":true,"href":"https:\/\/www.ngdcare.nl\/fr\/wp-json\/wp\/v2\/comments?post=9516"}],"wp:featuredmedia":[{"embeddable":true,"href":"https:\/\/www.ngdcare.nl\/fr\/wp-json\/wp\/v2\/media\/9518"}],"wp:attachment":[{"href":"https:\/\/www.ngdcare.nl\/fr\/wp-json\/wp\/v2\/media?parent=9516"}],"wp:term":[{"taxonomy":"product_brand","embeddable":true,"href":"https:\/\/www.ngdcare.nl\/fr\/wp-json\/wp\/v2\/product_brand?post=9516"},{"taxonomy":"product_cat","embeddable":true,"href":"https:\/\/www.ngdcare.nl\/fr\/wp-json\/wp\/v2\/product_cat?post=9516"},{"taxonomy":"product_tag","embeddable":true,"href":"https:\/\/www.ngdcare.nl\/fr\/wp-json\/wp\/v2\/product_tag?post=9516"},{"taxonomy":"merken","embeddable":true,"href":"https:\/\/www.ngdcare.nl\/fr\/wp-json\/wp\/v2\/merken?post=9516"}],"curies":[{"name":"wp","href":"https:\/\/api.w.org\/{rel}","templated":true}]}}