{"id":9582,"date":"2025-11-01T16:27:30","date_gmt":"2025-11-01T15:27:30","guid":{"rendered":"https:\/\/www.ngdcare.nl\/product\/non class\u00e9\/green-wilds-trudy-truelove\/"},"modified":"2025-11-01T16:27:30","modified_gmt":"2025-11-01T15:27:30","slug":"green-wilds-trudy-truelove","status":"publish","type":"product","link":"https:\/\/www.ngdcare.nl\/fr\/product\/animalerie\/chien\/enrichissement-et-plaisir\/jouets-durables\/green-wilds-trudy-truelove\/","title":{"rendered":"Green &amp; Wilds Trudy truelove"},"content":{"rendered":"<p data-start=\"0\" data-end=\"48\"><strong data-start=\"0\" data-end=\"46\">Jouet \u00e9cologique pour chien Green &amp; Wilds \u2013 Trudy Truelove<\/strong><\/p>\n<p data-start=\"50\" data-end=\"89\">Surprenez votre chien avec Trudy Truelove ! \ud83d\udc9b<\/p>\n<p data-start=\"91\" data-end=\"393\">Ce joli c\u0153ur est fabriqu\u00e9 \u00e0 partir de fibres de jute durables et fini avec du daim doux \u2013 une combinaison parfaite de r\u00e9sistance et de douceur. Trudy est solide, s\u00fbr et 100&nbsp;% biod\u00e9gradable, donc un choix conscient pour vous et votre petit ami \u00e0 quatre pattes. Id\u00e9al pour jouer, porter ou simplement aimer !  <\/p>\n<p data-start=\"395\" data-end=\"557\">Le daim est un sous-produit, de sorte qu\u2019aucun mat\u00e9riau n\u2019est perdu, et le jute est une fibre v\u00e9g\u00e9tale naturelle et durable \u2013 totalement exempte de substances nocives.<\/p>\n<p data-start=\"559\" data-end=\"650\"><strong data-start=\"559\" data-end=\"574\">Dimensions :<\/strong> 10,5 \u00d7 10 \u00d7 2,5 cm<br data-start=\"593\" data-end=\"596\"><strong data-start=\"596\" data-end=\"614\">Convient pour :<\/strong> petits chiens de tous \u00e2ges<\/p>\n<p data-start=\"652\" data-end=\"681\"><strong data-start=\"652\" data-end=\"679\">Important \u00e0 savoir :<\/strong><\/p>\n<ul>\n<li data-start=\"684\" data-end=\"731\">Uniquement destin\u00e9 comme un jouet, pas comme de la nourriture<\/li>\n<li data-start=\"734\" data-end=\"777\">Laissez toujours votre chien jouer sous surveillance<\/li>\n<li data-start=\"780\" data-end=\"865\">Retirez le jouet si votre chien essaie de mordre ou d\u2019avaler des morceaux<\/li>\n<li data-start=\"868\" data-end=\"899\">Ne convient pas au lavage en machine<\/li>\n<li data-start=\"902\" data-end=\"942\">Aucun jouet n\u2019est indestructible<\/li>\n<\/ul>\n","protected":false},"excerpt":{"rendered":"<p><strong>Trudy Truelove<\/strong> est garantie de voler le c\u0153ur de votre chien ! Ce mignon \u00e9co-c\u0153ur en jute et en daim est petit, c\u00e2lin et con\u00e7u pour un plaisir de jeu sans fin avec une touche durable. <\/p>\n","protected":false},"featured_media":9583,"comment_status":"open","ping_status":"closed","template":"","meta":[],"product_brand":[],"product_cat":[5066,5055,4819],"product_tag":[],"merken":[],"class_list":{"0":"post-9582","1":"product","2":"type-product","3":"status-publish","4":"has-post-thumbnail","6":"product_cat-animalerie","7":"product_cat-chien","8":"product_cat-jouets-durables","9":"infinite-scroll-item","10":"sales-flash-overlay","11":"woocommerce-text-align-center","12":"woocommerce-image-align-center","13":"do-quantity-buttons","15":"first","16":"instock","17":"sold-individually","18":"taxable","19":"shipping-taxable","20":"purchasable","21":"product-type-simple"},"_links":{"self":[{"href":"https:\/\/www.ngdcare.nl\/fr\/wp-json\/wp\/v2\/product\/9582","targetHints":{"allow":["GET"]}}],"collection":[{"href":"https:\/\/www.ngdcare.nl\/fr\/wp-json\/wp\/v2\/product"}],"about":[{"href":"https:\/\/www.ngdcare.nl\/fr\/wp-json\/wp\/v2\/types\/product"}],"replies":[{"embeddable":true,"href":"https:\/\/www.ngdcare.nl\/fr\/wp-json\/wp\/v2\/comments?post=9582"}],"wp:featuredmedia":[{"embeddable":true,"href":"https:\/\/www.ngdcare.nl\/fr\/wp-json\/wp\/v2\/media\/9583"}],"wp:attachment":[{"href":"https:\/\/www.ngdcare.nl\/fr\/wp-json\/wp\/v2\/media?parent=9582"}],"wp:term":[{"taxonomy":"product_brand","embeddable":true,"href":"https:\/\/www.ngdcare.nl\/fr\/wp-json\/wp\/v2\/product_brand?post=9582"},{"taxonomy":"product_cat","embeddable":true,"href":"https:\/\/www.ngdcare.nl\/fr\/wp-json\/wp\/v2\/product_cat?post=9582"},{"taxonomy":"product_tag","embeddable":true,"href":"https:\/\/www.ngdcare.nl\/fr\/wp-json\/wp\/v2\/product_tag?post=9582"},{"taxonomy":"merken","embeddable":true,"href":"https:\/\/www.ngdcare.nl\/fr\/wp-json\/wp\/v2\/merken?post=9582"}],"curies":[{"name":"wp","href":"https:\/\/api.w.org\/{rel}","templated":true}]}}