{"id":9730,"date":"2025-11-06T13:14:23","date_gmt":"2025-11-06T12:14:23","guid":{"rendered":"https:\/\/www.ngdcare.nl\/product\/non%20class\u00e9\/natural-health-chien-dinde-lyophilisee-150-gr\/"},"modified":"2025-11-07T13:23:33","modified_gmt":"2025-11-07T12:23:33","slug":"natural-health-chien-dinde-lyophilisee-150-gr","status":"publish","type":"product","link":"https:\/\/www.ngdcare.nl\/fr\/product\/animalerie\/chien\/nutrition\/nourriture-seche\/natural-health-chien-dinde-lyophilisee-150-gr\/","title":{"rendered":"Natural Health Dinde lyophilis\u00e9e pour chien"},"content":{"rendered":"<p data-start=\"0\" data-end=\"83\"><strong data-start=\"0\" data-end=\"81\">Dinde lyophilis\u00e9e pour chien Natural Health \u2013 Nourriture crue lyophilis\u00e9e  <\/strong><\/p>\n<p data-start=\"85\" data-end=\"419\">Offrez \u00e0 votre chien le meilleur de la nature avec la <strong data-start=\"126\" data-end=\"164\">dinde lyophilis\u00e9e Natural Health<\/strong> \u2013 un repas pur, complet et \u00e9quilibr\u00e9 \u00e0 base de dinde crue. Cet aliment lyophilis\u00e9 de haute qualit\u00e9 se compose \u00e0 <strong data-start=\"293\" data-end=\"315\">80&nbsp;% de viande fra\u00eeche<\/strong> et ne contient que des ingr\u00e9dients naturels, sans c\u00e9r\u00e9ales, charges ou additifs artificiels.<\/p>\n<p data-start=\"421\" data-end=\"751\">Le <strong data-start=\"442\" data-end=\"462\">processus de lyophilisation<\/strong> minutieux pr\u00e9serve le go\u00fbt, la structure et les nutriments de mani\u00e8re optimale \u2013 sans chauffage. Cela donne \u00e0 votre chien un repas facile \u00e0 dig\u00e9rer, riche en prot\u00e9ines, plein d\u2019acides amin\u00e9s essentiels, d\u2019enzymes et de graisses saines. Id\u00e9al comme aliment quotidien, comme garniture sur de la viande fra\u00eeche ou comme en-cas sain sur le pouce.<\/p>\n<p data-start=\"753\" data-end=\"773\"><strong data-start=\"753\" data-end=\"771\">Propri\u00e9t\u00e9s:<\/strong><\/p>\n<ul>\n<li data-start=\"776\" data-end=\"842\">80 % de viande de dinde fra\u00eeche \u2013 riche en prot\u00e9ines animales de haute qualit\u00e9<\/li>\n<li data-start=\"845\" data-end=\"909\">Lyophilis\u00e9 \u2013 pr\u00e9servation de la valeur nutritionnelle et du go\u00fbt naturels<\/li>\n<li data-start=\"912\" data-end=\"983\">100&nbsp;% naturel \u2013 pas de grains, de charges ou d\u2019additifs artificiels<\/li>\n<li data-start=\"986\" data-end=\"1023\">Longue dur\u00e9e de conservation sans conservateurs<\/li>\n<li data-start=\"1026\" data-end=\"1077\">Id\u00e9al pour la maison, en d\u00e9placement ou comme collation nutritive<\/li>\n<\/ul>\n<p data-start=\"1079\" data-end=\"1210\"><strong data-start=\"1079\" data-end=\"1098\">Recommandation d\u2019alimentation :<\/strong><br data-start=\"1098\" data-end=\"1101\">Donnez environ <strong data-start=\"1110\" data-end=\"1148\">1 % du poids corporel par jour<\/strong>. Voir l\u2019horaire d\u2019alimentation dans les images pour une ligne directrice.<\/p>\n<p data-start=\"1941\" data-end=\"2062\">\n","protected":false},"excerpt":{"rendered":"<p><strong>La dinde lyophilis\u00e9e Natural Health<\/strong> offre une nutrition pure et crue sous une forme facile. Il est nutritif, facile \u00e0 dig\u00e9rer et parfait pour les amoureux conscients des chiens. <\/p>\n","protected":false},"featured_media":10092,"comment_status":"open","ping_status":"closed","template":"","meta":[],"product_brand":[],"product_cat":[5066,5055,5122,5121,5141],"product_tag":[],"merken":[],"class_list":{"0":"post-9730","1":"product","2":"type-product","3":"status-publish","4":"has-post-thumbnail","6":"product_cat-animalerie","7":"product_cat-chien","8":"product_cat-nourriture-seche","9":"product_cat-nutrition","10":"product_cat-puzzles-dalimentation-tapis-a-lecher-et-tapis-a-renifler","11":"infinite-scroll-item","12":"sales-flash-overlay","13":"woocommerce-text-align-center","14":"woocommerce-image-align-center","15":"do-quantity-buttons","17":"first","18":"instock","19":"sold-individually","20":"taxable","21":"shipping-taxable","22":"purchasable","23":"product-type-variable"},"_links":{"self":[{"href":"https:\/\/www.ngdcare.nl\/fr\/wp-json\/wp\/v2\/product\/9730","targetHints":{"allow":["GET"]}}],"collection":[{"href":"https:\/\/www.ngdcare.nl\/fr\/wp-json\/wp\/v2\/product"}],"about":[{"href":"https:\/\/www.ngdcare.nl\/fr\/wp-json\/wp\/v2\/types\/product"}],"replies":[{"embeddable":true,"href":"https:\/\/www.ngdcare.nl\/fr\/wp-json\/wp\/v2\/comments?post=9730"}],"wp:featuredmedia":[{"embeddable":true,"href":"https:\/\/www.ngdcare.nl\/fr\/wp-json\/wp\/v2\/media\/10092"}],"wp:attachment":[{"href":"https:\/\/www.ngdcare.nl\/fr\/wp-json\/wp\/v2\/media?parent=9730"}],"wp:term":[{"taxonomy":"product_brand","embeddable":true,"href":"https:\/\/www.ngdcare.nl\/fr\/wp-json\/wp\/v2\/product_brand?post=9730"},{"taxonomy":"product_cat","embeddable":true,"href":"https:\/\/www.ngdcare.nl\/fr\/wp-json\/wp\/v2\/product_cat?post=9730"},{"taxonomy":"product_tag","embeddable":true,"href":"https:\/\/www.ngdcare.nl\/fr\/wp-json\/wp\/v2\/product_tag?post=9730"},{"taxonomy":"merken","embeddable":true,"href":"https:\/\/www.ngdcare.nl\/fr\/wp-json\/wp\/v2\/merken?post=9730"}],"curies":[{"name":"wp","href":"https:\/\/api.w.org\/{rel}","templated":true}]}}