{"id":9783,"date":"2025-11-06T13:32:30","date_gmt":"2025-11-06T12:32:30","guid":{"rendered":"https:\/\/www.ngdcare.nl\/product\/non%20class\u00e9\/natural-health-chien-boeuf-lyophilise-150-gr\/"},"modified":"2025-11-07T12:53:58","modified_gmt":"2025-11-07T11:53:58","slug":"natural-health-chien-boeuf-lyophilise-150-gr","status":"publish","type":"product","link":"https:\/\/www.ngdcare.nl\/fr\/product\/animalerie\/chien\/nutrition\/nourriture-seche\/natural-health-chien-boeuf-lyophilise-150-gr\/","title":{"rendered":"B\u0153uf lyophilis\u00e9 pour chien Natural Health"},"content":{"rendered":"<p data-start=\"0\" data-end=\"74\"><strong data-start=\"0\" data-end=\"72\">Natural Health Dog Freeze Beef \u2013 Nourriture crue lyophilis\u00e9e<\/strong><\/p>\n<p data-start=\"76\" data-end=\"406\">Donnez \u00e0 votre chien le pouvoir pur d\u2019une alimentation naturelle avec le <strong data-start=\"126\" data-end=\"162\">b\u0153uf lyophilis\u00e9 Natural Health. <\/strong>Il s\u2019agit d\u2019un repas complet et \u00e9quilibr\u00e9 \u00e0 base de b\u0153uf cru. Cet aliment lyophilis\u00e9 de haute qualit\u00e9 se compose \u00e0 <strong data-start=\"280\" data-end=\"302\">80&nbsp;% de viande fra\u00eeche<\/strong> et ne contient que des ingr\u00e9dients naturels, sans c\u00e9r\u00e9ales, charges ou additifs artificiels.<\/p>\n<p data-start=\"408\" data-end=\"713\">Gr\u00e2ce au <strong data-start=\"420\" data-end=\"440\">processus de lyophilisation<\/strong> , le go\u00fbt, les nutriments et la structure sont enti\u00e8rement pr\u00e9serv\u00e9s \u2013 sans chauffage ni conservateur. De cette fa\u00e7on, votre chien profitera d\u2019une nourriture facile \u00e0 dig\u00e9rer et riche en prot\u00e9ines, riche en acides amin\u00e9s, en enzymes et en graisses saines qui r\u00e9pondent parfaitement \u00e0 ses besoins naturels.<\/p>\n<p data-start=\"715\" data-end=\"816\">Utilisez-le comme aliment quotidien, comme garniture savoureuse sur la viande ou comme collation d\u2019entra\u00eenement saine.<\/p>\n<p data-start=\"818\" data-end=\"838\"><strong data-start=\"818\" data-end=\"836\">Propri\u00e9t\u00e9s:<\/strong><\/p>\n<ul>\n<li data-start=\"841\" data-end=\"891\">80 % de b\u0153uf frais \u2013 riche en prot\u00e9ines animales<\/li>\n<li data-start=\"894\" data-end=\"963\">Lyophilis\u00e9 \u2013 conserve toute valeur nutritionnelle et go\u00fbt naturel<\/li>\n<li data-start=\"966\" data-end=\"1039\">100&nbsp;% naturel \u2013 sans grains, charges ou additifs artificiels<\/li>\n<li data-start=\"1042\" data-end=\"1079\">Longue dur\u00e9e de conservation sans conservateurs<\/li>\n<li data-start=\"1082\" data-end=\"1132\">Id\u00e9al pour la maison, en d\u00e9placement ou comme collation saine<\/li>\n<\/ul>\n<p data-start=\"1134\" data-end=\"1263\"><strong data-start=\"1134\" data-end=\"1153\">Recommandation d\u2019alimentation :<\/strong><br data-start=\"1153\" data-end=\"1156\">Donnez environ <strong data-start=\"1165\" data-end=\"1203\">1 % du poids corporel par jour<\/strong>. Voir l\u2019horaire d\u2019alimentation dans les images pour les directives.<\/p>\n","protected":false},"excerpt":{"rendered":"<p><strong>Le b\u0153uf lyophilis\u00e9 Natural Health<\/strong> fournit une nutrition pure et crue sous une forme facile. Il est nutritif, facile \u00e0 dig\u00e9rer et parfait pour les amoureux conscients des chiens. <\/p>\n","protected":false},"featured_media":10081,"comment_status":"open","ping_status":"closed","template":"","meta":[],"product_brand":[],"product_cat":[5066,5055,5122,5121,5141],"product_tag":[],"merken":[],"class_list":{"0":"post-9783","1":"product","2":"type-product","3":"status-publish","4":"has-post-thumbnail","6":"product_cat-animalerie","7":"product_cat-chien","8":"product_cat-nourriture-seche","9":"product_cat-nutrition","10":"product_cat-puzzles-dalimentation-tapis-a-lecher-et-tapis-a-renifler","11":"infinite-scroll-item","12":"sales-flash-overlay","13":"woocommerce-text-align-center","14":"woocommerce-image-align-center","15":"do-quantity-buttons","17":"first","18":"instock","19":"sold-individually","20":"taxable","21":"shipping-taxable","22":"purchasable","23":"product-type-variable"},"_links":{"self":[{"href":"https:\/\/www.ngdcare.nl\/fr\/wp-json\/wp\/v2\/product\/9783","targetHints":{"allow":["GET"]}}],"collection":[{"href":"https:\/\/www.ngdcare.nl\/fr\/wp-json\/wp\/v2\/product"}],"about":[{"href":"https:\/\/www.ngdcare.nl\/fr\/wp-json\/wp\/v2\/types\/product"}],"replies":[{"embeddable":true,"href":"https:\/\/www.ngdcare.nl\/fr\/wp-json\/wp\/v2\/comments?post=9783"}],"wp:featuredmedia":[{"embeddable":true,"href":"https:\/\/www.ngdcare.nl\/fr\/wp-json\/wp\/v2\/media\/10081"}],"wp:attachment":[{"href":"https:\/\/www.ngdcare.nl\/fr\/wp-json\/wp\/v2\/media?parent=9783"}],"wp:term":[{"taxonomy":"product_brand","embeddable":true,"href":"https:\/\/www.ngdcare.nl\/fr\/wp-json\/wp\/v2\/product_brand?post=9783"},{"taxonomy":"product_cat","embeddable":true,"href":"https:\/\/www.ngdcare.nl\/fr\/wp-json\/wp\/v2\/product_cat?post=9783"},{"taxonomy":"product_tag","embeddable":true,"href":"https:\/\/www.ngdcare.nl\/fr\/wp-json\/wp\/v2\/product_tag?post=9783"},{"taxonomy":"merken","embeddable":true,"href":"https:\/\/www.ngdcare.nl\/fr\/wp-json\/wp\/v2\/merken?post=9783"}],"curies":[{"name":"wp","href":"https:\/\/api.w.org\/{rel}","templated":true}]}}