{"id":9786,"date":"2025-11-06T19:17:49","date_gmt":"2025-11-06T18:17:49","guid":{"rendered":"https:\/\/www.ngdcare.nl\/product\/non%20class\u00e9\/tissu-de-chanvre-avec-plumes-kicker-toy-avec-herbe-a-chat\/"},"modified":"2025-11-06T19:21:25","modified_gmt":"2025-11-06T18:21:25","slug":"tissu-de-chanvre-avec-plumes-kicker-toy-avec-herbe-a-chat","status":"publish","type":"product","link":"https:\/\/www.ngdcare.nl\/fr\/product\/animalerie\/chat\/tissu-de-chanvre-avec-plumes-kicker-toy-avec-herbe-a-chat\/","title":{"rendered":"Tissu de chanvre avec plumes Kicker toy avec herbe \u00e0 chat"},"content":{"rendered":"<p data-start=\"92\" data-end=\"401\">Donnez vie \u00e0 l\u2019instinct de chasse de votre chat avec ce <strong data-start=\"146\" data-end=\"197\">jouet Cat Kicker fait \u00e0 la main, fait \u00e0 partir de chanvre et de plumes<\/strong>. Parfaitement form\u00e9 pour les chats \u00e9nergiques qui aiment donner des coups de pied, lutter et jouer. Les plumes naturelles stimulent les sens et font de chaque saut un mini-yacht \u2013 le tout dans le confort de votre maison.  <\/p>\n<p data-start=\"403\" data-end=\"705\">La forme douce du coussin est faite \u00e0 <strong data-start=\"439\" data-end=\"458\">100&nbsp;% de tissu de chanvre<\/strong>, remplie de <strong data-start=\"471\" data-end=\"490\">laine naturelle<\/strong> et <strong data-start=\"509\" data-end=\"543\">finie avec des plumes d\u2019une ferme locale<\/strong>. Les plumes sont naturellement attach\u00e9es avec de <strong data-start=\"594\" data-end=\"626\">la cire d\u2019abeille d\u2019origine locale<\/strong>, de sorte que tout reste fermement en place \u2013 <strong data-start=\"675\" data-end=\"702\">enti\u00e8rement sans plastique et durable<\/strong>. <\/p>\n<p data-start=\"707\" data-end=\"800\">Il est rempli <strong data-start=\"749\" data-end=\"773\">d\u2019herbe \u00e0 chat (herbe \u00e0 chat)<\/strong> pour plus de plaisir.<\/p>\n<p data-start=\"802\" data-end=\"822\"><strong data-start=\"802\" data-end=\"820\">Propri\u00e9t\u00e9s:<\/strong><\/p>\n<ul>\n<li data-start=\"825\" data-end=\"875\">Fabriqu\u00e9 \u00e0 la main \u00e0 partir de mat\u00e9riaux durables et naturels<\/li>\n<li data-start=\"878\" data-end=\"919\">100 % sans plastique \u2013 emballage compris<\/li>\n<li data-start=\"922\" data-end=\"973\">Avec des plumes locales et de la cire d\u2019abeille issue de petites productions<\/li>\n<li data-start=\"976\" data-end=\"1034\">Avec de l\u2019herbe \u00e0 chat (herbe \u00e0 chat) pour une stimulation suppl\u00e9mentaire<\/li>\n<li data-start=\"1037\" data-end=\"1087\">Solide, s\u00fbr et enti\u00e8rement biod\u00e9gradable<\/li>\n<\/ul>\n<p data-start=\"1089\" data-end=\"1106\"><strong data-start=\"1089\" data-end=\"1104\">Taille:<\/strong><\/p>\n<ul>\n<li data-start=\"1109\" data-end=\"1128\">Coussin : 25 \u00d7 5 cm<\/li>\n<li data-start=\"1131\" data-end=\"1190\">Ressorts : m\u00e9lange d\u2019environ 10 pi\u00e8ces de diff\u00e9rentes longueurs et couleurs<\/li>\n<\/ul>\n","protected":false},"excerpt":{"rendered":"<p><strong>Le jouet Natural Hemp &amp; Feathers Cat Kicker est<\/strong> l\u2019\u00e9co-jouet ultime pour les chats actifs ! Il est naturel, robuste et irr\u00e9sistible pour tout petit chasseur. <\/p>\n","protected":false},"featured_media":9788,"comment_status":"open","ping_status":"closed","template":"","meta":[],"product_brand":[],"product_cat":[5033,5034],"product_tag":[],"merken":[],"class_list":{"0":"post-9786","1":"product","2":"type-product","3":"status-publish","4":"has-post-thumbnail","6":"product_cat-chat","7":"product_cat-jouets-durables-2","8":"infinite-scroll-item","9":"sales-flash-overlay","10":"woocommerce-text-align-center","11":"woocommerce-image-align-center","12":"do-quantity-buttons","14":"first","15":"instock","16":"sold-individually","17":"taxable","18":"shipping-taxable","19":"purchasable","20":"product-type-simple"},"_links":{"self":[{"href":"https:\/\/www.ngdcare.nl\/fr\/wp-json\/wp\/v2\/product\/9786","targetHints":{"allow":["GET"]}}],"collection":[{"href":"https:\/\/www.ngdcare.nl\/fr\/wp-json\/wp\/v2\/product"}],"about":[{"href":"https:\/\/www.ngdcare.nl\/fr\/wp-json\/wp\/v2\/types\/product"}],"replies":[{"embeddable":true,"href":"https:\/\/www.ngdcare.nl\/fr\/wp-json\/wp\/v2\/comments?post=9786"}],"wp:featuredmedia":[{"embeddable":true,"href":"https:\/\/www.ngdcare.nl\/fr\/wp-json\/wp\/v2\/media\/9788"}],"wp:attachment":[{"href":"https:\/\/www.ngdcare.nl\/fr\/wp-json\/wp\/v2\/media?parent=9786"}],"wp:term":[{"taxonomy":"product_brand","embeddable":true,"href":"https:\/\/www.ngdcare.nl\/fr\/wp-json\/wp\/v2\/product_brand?post=9786"},{"taxonomy":"product_cat","embeddable":true,"href":"https:\/\/www.ngdcare.nl\/fr\/wp-json\/wp\/v2\/product_cat?post=9786"},{"taxonomy":"product_tag","embeddable":true,"href":"https:\/\/www.ngdcare.nl\/fr\/wp-json\/wp\/v2\/product_tag?post=9786"},{"taxonomy":"merken","embeddable":true,"href":"https:\/\/www.ngdcare.nl\/fr\/wp-json\/wp\/v2\/merken?post=9786"}],"curies":[{"name":"wp","href":"https:\/\/api.w.org\/{rel}","templated":true}]}}