{"id":5792,"date":"2023-11-09T20:33:09","date_gmt":"2023-11-09T19:33:09","guid":{"rendered":"https:\/\/www.ngdcare.nl\/seanadh\/"},"modified":"2023-11-09T20:33:09","modified_gmt":"2023-11-09T19:33:09","slug":"seanadh","status":"publish","type":"page","link":"https:\/\/www.ngdcare.nl\/ga\/seanadh\/","title":{"rendered":"S\u00e9anadh"},"content":{"rendered":"<p>Cuireadh \u00e1bhar an tsu\u00edmh ghr\u00e9as\u00e1in seo le ch\u00e9ile go c\u00faramach agus d\u00e9anaimid \u00e1r nd\u00edcheall faisn\u00e9is ioml\u00e1n agus cheart a chur ar f\u00e1il i gc\u00f3na\u00ed. Mar sin f\u00e9in, n\u00ed f\u00e9idir aon chearta a dh\u00edorth\u00fa \u00f3 \u00e1bhar an tsu\u00edmh ghr\u00e9as\u00e1in seo. N\u00edl NGD Care faoi dhliteanas as aon earr\u00e1id\u00ed ar an su\u00edomh gr\u00e9as\u00e1in seo agus coime\u00e1dann s\u00e9 an ceart aige faisn\u00e9is agus\/n\u00f3 praghsanna a choigeart\u00fa n\u00f3 a athr\u00fa ag am ar bith.  <\/p>\n<p>Ba ch\u00f3ir na t\u00e9acsanna ar an su\u00edomh gr\u00e9as\u00e1in seo a mheas mar threoirl\u00edne, ach n\u00ed thagann siad in ionad comhairle tr\u00e9idlia. I gc\u00e1s amhrais faoi shl\u00e1inte ainmh\u00ed, n\u00f3 cruinneas na teiripe roghnaithe, molaimid dul i gcomhairle le tr\u00e9idlia i ngach c\u00e1s. N\u00edl NGD Care faoi dhliteanas as aon dam\u00e1iste a tharla\u00edonn de bharr \u00fas\u00e1id mh\u00edcheart n\u00f3 moladh m\u00edcheart t\u00e1irg\u00ed n\u00f3 faisn\u00e9ise a luaitear ar an su\u00edomh gr\u00e9as\u00e1in.  <\/p>\n<p>Is forl\u00edonta\u00ed bia iad gach t\u00e1irge NGD Care agus n\u00ed ionada\u00edonn siad st\u00edl mhaireacht\u00e1la shl\u00e1inti\u00fail agus aiste bia cothrom \u00e9ags\u00fail. N\u00ed c\u00f3gais iad na t\u00e1irg\u00ed agus d\u00e1 bhr\u00ed sin n\u00ed f\u00e9idir iad a \u00fas\u00e1id mar leigheas ach mar fhorl\u00edonadh aiste bia. I gc\u00e1s breoiteachta n\u00f3 riocht m\u00edochaine eile, molaimid i gc\u00f3na\u00ed dul i gcomhairle le tr\u00e9idlia sula n-\u00fas\u00e1idtear \u00e9. Is f\u00e9idir le forl\u00edonta\u00ed aiste bia idirghn\u00edomha\u00edochta\u00ed agus fo-iarsma\u00ed a bheith acu lena ch\u00e9ile agus le c\u00f3gais rialta. T\u00e1 na hidirghn\u00edomha\u00edochta\u00ed agus na fo-iarsma\u00ed seo liostaithe sna forl\u00edonta\u00ed aiste bia aonair. Toisc nach bhfuil m\u00f3r\u00e1n taighde d\u00e9anta ar na forl\u00edonta\u00ed, n\u00ed bheidh na hidirghn\u00edomha\u00edochta\u00ed agus na fo-iarsma\u00ed seo ioml\u00e1n. Mar gheall air seo, t\u00e1 s\u00e9 t\u00e1bhachtach do chumhachta\u00ed breathn\u00f3ireachta f\u00e9in a \u00fas\u00e1id agus dul i gcomhairle linn n\u00f3 tr\u00e9idlia m\u00e1 t\u00e1 amhras ort.      <\/p>\n<p>Coinnigh forl\u00edonta\u00ed as teacht leana\u00ed \u00f3ga.<\/p>\n","protected":false},"excerpt":{"rendered":"<p>Cuireadh \u00e1bhar an tsu\u00edmh ghr\u00e9as\u00e1in seo le ch\u00e9ile go c\u00faramach agus d\u00e9anaimid \u00e1r nd\u00edcheall faisn\u00e9is ioml\u00e1n agus cheart a chur ar f\u00e1il i gc\u00f3na\u00ed. Mar sin f\u00e9in, n\u00ed f\u00e9idir aon chearta a dh\u00edorth\u00fa \u00f3 \u00e1bhar an tsu\u00edmh ghr\u00e9as\u00e1in seo. N\u00edl NGD Care faoi dhliteanas as aon earr\u00e1id\u00ed ar an su\u00edomh gr\u00e9as\u00e1in seo agus coime\u00e1dann s\u00e9 &#8230; <a title=\"S\u00e9anadh\" class=\"read-more\" href=\"https:\/\/www.ngdcare.nl\/ga\/seanadh\/\" aria-label=\"Read more about S\u00e9anadh\">Read more<\/a><\/p>\n","protected":false},"author":1,"featured_media":0,"parent":0,"menu_order":0,"comment_status":"closed","ping_status":"closed","template":"","meta":{"footnotes":""},"class_list":{"0":"post-5792","1":"page","2":"type-page","3":"status-publish","5":"infinite-scroll-item"},"_links":{"self":[{"href":"https:\/\/www.ngdcare.nl\/ga\/wp-json\/wp\/v2\/pages\/5792","targetHints":{"allow":["GET"]}}],"collection":[{"href":"https:\/\/www.ngdcare.nl\/ga\/wp-json\/wp\/v2\/pages"}],"about":[{"href":"https:\/\/www.ngdcare.nl\/ga\/wp-json\/wp\/v2\/types\/page"}],"author":[{"embeddable":true,"href":"https:\/\/www.ngdcare.nl\/ga\/wp-json\/wp\/v2\/users\/1"}],"replies":[{"embeddable":true,"href":"https:\/\/www.ngdcare.nl\/ga\/wp-json\/wp\/v2\/comments?post=5792"}],"version-history":[{"count":0,"href":"https:\/\/www.ngdcare.nl\/ga\/wp-json\/wp\/v2\/pages\/5792\/revisions"}],"wp:attachment":[{"href":"https:\/\/www.ngdcare.nl\/ga\/wp-json\/wp\/v2\/media?parent=5792"}],"curies":[{"name":"wp","href":"https:\/\/api.w.org\/{rel}","templated":true}]}}