{"id":5809,"date":"2023-11-09T20:18:21","date_gmt":"2023-11-09T19:18:21","guid":{"rendered":"https:\/\/www.ngdcare.nl\/loingseoireacht-agus-filleadh\/"},"modified":"2023-11-09T20:18:21","modified_gmt":"2023-11-09T19:18:21","slug":"loingseoireacht-agus-filleadh","status":"publish","type":"page","link":"https:\/\/www.ngdcare.nl\/ga\/loingseoireacht-agus-filleadh\/","title":{"rendered":"Loingseoireacht agus filleadh"},"content":{"rendered":"<p>Seol<\/p>\n<ul>\n<li>D\u00e9anann NGD Care iarracht an t-ord\u00fa a sheoladh idir 1 agus 2 l\u00e1 oibre. N\u00edl an t-am seachadta ceangailteach. M\u00e1 sh\u00e1ra\u00edtear an tr\u00e9imhse seachadta, n\u00ed chuireann NGD Care mainneachtain mar a thagra\u00edtear d\u00f3 in Airteagal 83 de Leabhar 6 de Ch\u00f3d Sibhialta na h\u00cdsilt\u00edre.  <\/li>\n<li><span style=\"font-size: inherit;\">Geallann NGD Care don chustaim\u00e9ir na t\u00e1irg\u00ed a phac\u00e1isti\u00fa i gceart agus iad a dhaingni\u00fa sa chaoi is go sroicheann siad a gceann scr\u00edbe i riocht maith le linn gn\u00e1thiompair.<\/span><\/li>\n<li><span style=\"font-size: inherit;\">Nuair a bheidh an rian agus an rian\u00fa faighte agat, is ar na seirbh\u00eds\u00ed poist at\u00e1 an fhreagracht. Is oth linn aon mhoill ach iarraimid bhur bhfoighne. <\/span><\/li>\n<li><span style=\"font-size: inherit;\">N\u00ed m\u00f3r aon lochtanna infheicthe a thuairisci\u00fa do NGD Care i scr\u00edbhinn d\u00edreach tar \u00e9is iad a fhionnachtain, ach tr\u00e1th nach d\u00e9ana\u00ed n\u00e1 3 l\u00e1 tar \u00e9is an tseachadta, agus lochtanna neamhfheicthe d\u00edreach tar \u00e9is iad a fhionnachtain, ach tr\u00e1th nach d\u00e9ana\u00ed n\u00e1 3 mh\u00ed tar \u00e9is an tseachadta.<\/span><\/li>\n<li><span style=\"font-size: inherit;\">Ag brath ar thois\u00ed agus me\u00e1chan an t\u00e1irge, \u00fas\u00e1idimid r\u00e1ta caighde\u00e1nach na seirbh\u00eds\u00ed poist chun an t-ord\u00fa a loingsi\u00fa. Ar an mbealach seo, fanann na r\u00e1ta\u00ed tr\u00e9dhearcach agus \u00edocann t\u00fa in aghaidh an ordaithe, seachas t\u00e1ill\u00ed i bhfolach in aghaidh an t\u00e1irge. <\/span><\/li>\n<li><span style=\"font-size: inherit;\">Mura bhfuil NGD Care in ann seachadadh (in am) mar thoradh ar force majeure, t\u00e1 s\u00e9 de cheart ag NGD Care an seachadadh a chur ar fionra\u00ed n\u00f3 staonadh \u00f3n seachadadh ar fad.<\/span><\/li>\n<\/ul>\n<h2>Filleann<\/h2>\n<ul>\n<li>N\u00edl s\u00e9 de dhualgas ar NGD Care na hearra\u00ed a sheachadtar chuig an gcustaim\u00e9ir a th\u00f3g\u00e1il ar ais.<\/li>\n<li><span style=\"font-size: inherit;\">N\u00ed f\u00e9idir le NGD Care ach earra\u00ed neamhoscailte agus neamhdam\u00e1iste a th\u00f3g\u00e1il ar ais.<\/span><\/li>\n<li><span style=\"font-size: inherit;\">T\u00e1 ceart 14 l\u00e1 ag an gcustaim\u00e9ir t\u00e1irg\u00ed a thabhairt ar ais. T\u00e1 gach costas breise, mar shampla pac\u00e1isti\u00fa agus loingseoireacht don chustaim\u00e9ir. Cuirfear do shonrasc chun sochair laistigh de 5 l\u00e1 oibre tar \u00e9is earra\u00ed neamhoscailte agus neamhdam\u00e1iste a fh\u00e1il.  <\/span><\/li>\n<li><span style=\"font-size: inherit;\">N\u00ed ghlacfaidh NGD Care le tuairisce\u00e1in tar \u00e9is 14 l\u00e1 a thuilleadh.<\/span><\/li>\n<\/ul>\n","protected":false},"excerpt":{"rendered":"<p>Seol D\u00e9anann NGD Care iarracht an t-ord\u00fa a sheoladh idir 1 agus 2 l\u00e1 oibre. N\u00edl an t-am seachadta ceangailteach. M\u00e1 sh\u00e1ra\u00edtear an tr\u00e9imhse seachadta, n\u00ed chuireann NGD Care mainneachtain mar a thagra\u00edtear d\u00f3 in Airteagal 83 de Leabhar 6 de Ch\u00f3d Sibhialta na h\u00cdsilt\u00edre. Geallann NGD Care don chustaim\u00e9ir na t\u00e1irg\u00ed a phac\u00e1isti\u00fa i &#8230; <a title=\"Loingseoireacht agus filleadh\" class=\"read-more\" href=\"https:\/\/www.ngdcare.nl\/ga\/loingseoireacht-agus-filleadh\/\" aria-label=\"Read more about Loingseoireacht agus filleadh\">Read more<\/a><\/p>\n","protected":false},"author":1,"featured_media":0,"parent":0,"menu_order":0,"comment_status":"closed","ping_status":"closed","template":"","meta":{"footnotes":""},"class_list":{"0":"post-5809","1":"page","2":"type-page","3":"status-publish","5":"infinite-scroll-item"},"_links":{"self":[{"href":"https:\/\/www.ngdcare.nl\/ga\/wp-json\/wp\/v2\/pages\/5809","targetHints":{"allow":["GET"]}}],"collection":[{"href":"https:\/\/www.ngdcare.nl\/ga\/wp-json\/wp\/v2\/pages"}],"about":[{"href":"https:\/\/www.ngdcare.nl\/ga\/wp-json\/wp\/v2\/types\/page"}],"author":[{"embeddable":true,"href":"https:\/\/www.ngdcare.nl\/ga\/wp-json\/wp\/v2\/users\/1"}],"replies":[{"embeddable":true,"href":"https:\/\/www.ngdcare.nl\/ga\/wp-json\/wp\/v2\/comments?post=5809"}],"version-history":[{"count":0,"href":"https:\/\/www.ngdcare.nl\/ga\/wp-json\/wp\/v2\/pages\/5809\/revisions"}],"wp:attachment":[{"href":"https:\/\/www.ngdcare.nl\/ga\/wp-json\/wp\/v2\/media?parent=5809"}],"curies":[{"name":"wp","href":"https:\/\/api.w.org\/{rel}","templated":true}]}}