{"id":10028,"date":"2025-11-07T14:25:04","date_gmt":"2025-11-07T13:25:04","guid":{"rendered":"https:\/\/www.ngdcare.nl\/product\/uncategorized\/bia-madrai-pala-sicin\/"},"modified":"2025-11-07T14:27:19","modified_gmt":"2025-11-07T13:27:19","slug":"bia-madrai-pala-sicin","status":"publish","type":"product","link":"https:\/\/www.ngdcare.nl\/ga\/product\/siopa-peatai\/madra\/cothu\/bia-tirim\/bia-madrai-pala-sicin\/","title":{"rendered":"Bia Madra\u00ed Pala \u2013 Sic\u00edn"},"content":{"rendered":"<p data-start=\"0\" data-end=\"79\"><strong data-start=\"0\" data-end=\"77\">Bia Madra\u00ed Pala \u2013 Oideas # 5 Sic\u00edn \u2013 Bia Madra\u00ed Ioml\u00e1n Triomaithe Aeir<\/strong><\/p>\n<p data-start=\"81\" data-end=\"444\">Beathaigh do mhadra le fuinneamh \u00edon \u00f3 sic\u00edn agus ubh \u2013 <strong data-start=\"127\" data-end=\"153\">Pala Recipe # 5 T\u00e1 sic\u00edn<\/strong> saibhir i bpr\u00f3it\u00e9in\u00ed cothaitheacha, saillte, vitim\u00edn\u00ed agus mianra\u00ed. T\u00e1 <strong data-start=\"234\" data-end=\"261\">sic\u00edn ioml\u00e1n agus uibheacha ioml\u00e1na<\/strong> san oideas seo, in \u00e9ineacht le glasra\u00ed \u00fara, caora agus luibheanna. D\u00e9antar na comh\u00e1bhair a <strong data-start=\"347\" data-end=\"384\">thriom\u00fa go mall ag teocht \u00edseal<\/strong>, ionas go gcaomhna\u00edtear na cothaithigh n\u00e1d\u00fartha go l\u00e9ir.<\/p>\n<p data-start=\"446\" data-end=\"751\">Leis an <strong data-start=\"455\" data-end=\"481\">cion calra\u00ed is airde<\/strong> de gach oidis Pala, t\u00e1 an bia seo foirfe do <strong data-start=\"530\" data-end=\"548\">mhadra\u00ed gn\u00edomhacha<\/strong>, madra\u00ed a bhfuil meitibileacht ard acu n\u00f3 a dteasta\u00edonn taca\u00edocht bhreise uathu i dt\u00f3g\u00e1il agus t\u00e9arnamh muscle. Cuid\u00edonn s\u00e9 le craiceann sl\u00e1inti\u00fail, hailt l\u00e1idre, c\u00f3ras imdh\u00edonachta maith, agus c\u00f3ta lonrach.<\/p>\n<p data-start=\"753\" data-end=\"773\"><strong data-start=\"753\" data-end=\"771\">Air\u00edonna:<\/strong><\/p>\n<ul>\n<li data-start=\"776\" data-end=\"837\">76% sic\u00edn agus 6% ubh \u2013 foinse pr\u00f3it\u00e9ine aonair, an-d\u00edle\u00e1ite<\/li>\n<li data-start=\"840\" data-end=\"908\">Aer-triomaithe ag teocht \u00edseal \u2013 coinn\u00edonn vitim\u00edn\u00ed agus mianra\u00ed<\/li>\n<li data-start=\"911\" data-end=\"975\">Ardleibh\u00e9al fuinnimh \u2013 oiri\u00fanach do mhadra\u00ed gn\u00edomhacha n\u00f3 fussy<\/li>\n<li data-start=\"978\" data-end=\"1028\">Bia ioml\u00e1n do mhadra\u00ed de gach aois<\/li>\n<li data-start=\"1031\" data-end=\"1079\">Saibhir i aig\u00e9id shailleacha Omega 3 &amp; 6 agus frithocsa\u00eddeoir\u00ed<\/li>\n<li data-start=\"1082\" data-end=\"1122\">Saor \u00f3 chumhr\u00e1in, dathanna agus blast\u00e1in<\/li>\n<li data-start=\"1125\" data-end=\"1174\">Is f\u00e9idir \u00e9 a l\u00edne\u00e1il tirim n\u00f3 a \u00fas\u00e1id mar topper<\/li>\n<li data-start=\"1177\" data-end=\"1240\">Rogha eile praitici\u00fail seachas bia \u00far \u2013 oiri\u00fanach le haghaidh ar an dul<\/li>\n<li data-start=\"1243\" data-end=\"1282\">D\u00e9anta le comh\u00e1bhair \u00e1iti\u00fala na Fionlainne<\/li>\n<\/ul>\n<p><strong data-start=\"1884\" data-end=\"1903\">Moladh beathaithe:<\/strong><br data-start=\"1903\" data-end=\"1906\">Bain \u00fas\u00e1id as thart ar <strong data-start=\"1918\" data-end=\"1938\">65-311 g in aghaidh an lae<\/strong>, ag brath ar mhe\u00e1chan an mhadra (f\u00e9ach an t\u00e1bla ar shu\u00edomh Gr\u00e9as\u00e1in Pala le haghaidh sonra\u00ed). B\u00ed cinnte i gc\u00f3na\u00ed go bhfuil <strong data-start=\"2052\" data-end=\"2071\">neart uisce \u00f3il \u00far<\/strong> ann.<\/p>\n","protected":false},"excerpt":{"rendered":"<p><strong>Pala Recipe # 5 Tairgeann sic\u00edn<\/strong> cumhacht \u00edon, aer-triomaithe \u00f3 sic\u00edn agus ubh. T\u00e1 s\u00e9 cothaitheach, dl\u00fath \u00f3 thaobh fuinnimh de, agus oiri\u00fanach do mhadra\u00ed gn\u00edomhacha d&#8217;aois ar bith! <\/p>\n","protected":false},"featured_media":10029,"comment_status":"open","ping_status":"closed","template":"","meta":[],"product_brand":[],"product_cat":[5110,5109,5060],"product_tag":[],"merken":[],"class_list":{"0":"post-10028","1":"product","2":"type-product","3":"status-publish","4":"has-post-thumbnail","6":"product_cat-bia-tirim","7":"product_cat-cothu","8":"product_cat-madra","9":"infinite-scroll-item","10":"sales-flash-overlay","11":"woocommerce-text-align-center","12":"woocommerce-image-align-center","13":"do-quantity-buttons","15":"first","16":"instock","17":"sold-individually","18":"taxable","19":"shipping-taxable","20":"purchasable","21":"product-type-variable"},"_links":{"self":[{"href":"https:\/\/www.ngdcare.nl\/ga\/wp-json\/wp\/v2\/product\/10028","targetHints":{"allow":["GET"]}}],"collection":[{"href":"https:\/\/www.ngdcare.nl\/ga\/wp-json\/wp\/v2\/product"}],"about":[{"href":"https:\/\/www.ngdcare.nl\/ga\/wp-json\/wp\/v2\/types\/product"}],"replies":[{"embeddable":true,"href":"https:\/\/www.ngdcare.nl\/ga\/wp-json\/wp\/v2\/comments?post=10028"}],"wp:featuredmedia":[{"embeddable":true,"href":"https:\/\/www.ngdcare.nl\/ga\/wp-json\/wp\/v2\/media\/10029"}],"wp:attachment":[{"href":"https:\/\/www.ngdcare.nl\/ga\/wp-json\/wp\/v2\/media?parent=10028"}],"wp:term":[{"taxonomy":"product_brand","embeddable":true,"href":"https:\/\/www.ngdcare.nl\/ga\/wp-json\/wp\/v2\/product_brand?post=10028"},{"taxonomy":"product_cat","embeddable":true,"href":"https:\/\/www.ngdcare.nl\/ga\/wp-json\/wp\/v2\/product_cat?post=10028"},{"taxonomy":"product_tag","embeddable":true,"href":"https:\/\/www.ngdcare.nl\/ga\/wp-json\/wp\/v2\/product_tag?post=10028"},{"taxonomy":"merken","embeddable":true,"href":"https:\/\/www.ngdcare.nl\/ga\/wp-json\/wp\/v2\/merken?post=10028"}],"curies":[{"name":"wp","href":"https:\/\/api.w.org\/{rel}","templated":true}]}}