{"id":10105,"date":"2025-11-07T15:47:06","date_gmt":"2025-11-07T14:47:06","guid":{"rendered":"https:\/\/www.ngdcare.nl\/product\/uncategorized\/bia-madrai-pala-uaineoil-scadan\/"},"modified":"2025-11-07T15:47:06","modified_gmt":"2025-11-07T14:47:06","slug":"bia-madrai-pala-uaineoil-scadan","status":"publish","type":"product","link":"https:\/\/www.ngdcare.nl\/ga\/product\/siopa-peatai\/madra\/cothu\/bia-tirim\/bia-madrai-pala-uaineoil-scadan\/","title":{"rendered":"Bia Madra\u00ed Pala \u2013 Uaineoil &amp; Scad\u00e1n"},"content":{"rendered":"<p data-start=\"0\" data-end=\"86\"><strong data-start=\"0\" data-end=\"84\">Bia Madra\u00ed Pala \u2013 Oideas # 7 Uaineoil &amp; Scad\u00e1n \u2013 Bia Madra\u00ed Ioml\u00e1n Triomaithe Aeir<\/strong><\/p>\n<p data-start=\"88\" data-end=\"403\">Faigh amach an blas is d\u00e9ana\u00ed de chuid Pala: <strong data-start=\"123\" data-end=\"151\">Oideas # 7 Lamb &amp; Herring<\/strong> \u2013 b\u00e9ile at\u00e1 \u00e9asca a dh\u00edle\u00e1, saibhir i bpr\u00f3it\u00e9in le huaineoil mar phr\u00edomh-chomh\u00e1bhar agus scad\u00e1n Atlantach le haghaidh d\u00e1ileog shl\u00e1inti\u00fail d&#8217;aig\u00e9id shailleacha \u00f3imige. Foirfe do <strong data-start=\"305\" data-end=\"332\">choile\u00e1in\u00edn\u00ed, madra\u00ed gn\u00edomhacha<\/strong> n\u00f3 ithe\u00f3ir\u00ed picky a bhfuil gr\u00e1 acu do bhia n\u00e1d\u00fartha, blasta. <\/p>\n<p data-start=\"405\" data-end=\"778\">D\u00e9antar Pala <strong data-start=\"425\" data-end=\"462\">a thriom\u00fa go mall ag teocht \u00edseal<\/strong>, ionas go bhfanfaidh na cothaithigh n\u00e1d\u00fartha, na vitim\u00edn\u00ed agus na heins\u00edm\u00ed go l\u00e9ir sl\u00e1n. Le uaineoil, scad\u00e1n, ubh, glasra\u00ed \u00fara agus teannd\u00e1ileoga sl\u00e1inte cos\u00fail le turmeric, cruithneacht agus feamainn, sol\u00e1thra\u00edonn an t-oideas seo coth\u00fa ioml\u00e1n, cothrom a thaca\u00edonn le do mhadra \u00f3n taobh istigh amach \u2013 \u00f3 <strong data-start=\"733\" data-end=\"775\">mat\u00e1in l\u00e1idre go c\u00f3ta lonracha<\/strong>. <\/p>\n<p data-start=\"780\" data-end=\"800\"><strong data-start=\"780\" data-end=\"798\">Air\u00edonna:<\/strong><\/p>\n<ul>\n<li data-start=\"803\" data-end=\"869\">44% uaineoil agus 32% scad\u00e1n Atlantach \u2013 saibhir i pr\u00f3it\u00e9in agus \u00f3imige<\/li>\n<li data-start=\"872\" data-end=\"935\">Aer triomaithe ag teocht \u00edseal \u2013 luach cothaitheach a chaomhn\u00fa<\/li>\n<li data-start=\"938\" data-end=\"1007\">Bia ioml\u00e1n, \u00e9asca d\u00edle\u00e1ite do mhadra\u00ed de gach aois<\/li>\n<li data-start=\"1010\" data-end=\"1068\">Taca\u00edonn s\u00e9 le craiceann, c\u00f3ta, d\u00edle\u00e1 agus c\u00f3ras imdh\u00edonachta<\/li>\n<li data-start=\"1071\" data-end=\"1127\">100% n\u00e1d\u00fartha \u2013 gan cumhr\u00e1in, dathanna n\u00f3 blasanna<\/li>\n<li data-start=\"1130\" data-end=\"1179\">Is f\u00e9idir \u00e9 a l\u00edne\u00e1il tirim n\u00f3 a \u00fas\u00e1id mar topper<\/li>\n<li data-start=\"1182\" data-end=\"1254\">Rogha eile praitici\u00fail seachas bia \u00far \u2013 oiri\u00fanach le haghaidh ar an dul n\u00f3 ar laethanta saoire<\/li>\n<li data-start=\"1257\" data-end=\"1296\">D\u00e9anta le comh\u00e1bhair \u00e1iti\u00fala na Fionlainne<\/li>\n<\/ul>\n<p><strong data-start=\"1931\" data-end=\"1950\">Moladh beathaithe:<\/strong><br data-start=\"1950\" data-end=\"1953\">Bain \u00fas\u00e1id as thart ar <strong data-start=\"1965\" data-end=\"1985\">65-311 g in aghaidh an lae<\/strong>, ag brath ar mhe\u00e1chan an mhadra (f\u00e9ach an t\u00e1bla ar shu\u00edomh Gr\u00e9as\u00e1in Pala le haghaidh sonra\u00ed). B\u00ed cinnte i gc\u00f3na\u00ed go bhfuil <strong data-start=\"2099\" data-end=\"2118\">neart uisce \u00f3il \u00far<\/strong> ann.<\/p>\n","protected":false},"excerpt":{"rendered":"<p><strong>Pala Recipe # 7 Is cumhacht n\u00e1d\u00fartha \u00e9 Uaineoil &amp; Scad\u00e1n<\/strong> i ngach greim! T\u00e1 s\u00e9 saibhir i uaineoil, scad\u00e1n, agus superfoods do mhadra sl\u00e1inti\u00fail, fuinni\u00fail le c\u00f3ta lonrach. <\/p>\n","protected":false},"featured_media":10165,"comment_status":"open","ping_status":"closed","template":"","meta":[],"product_brand":[],"product_cat":[5110,5109,5060],"product_tag":[],"merken":[],"class_list":{"0":"post-10105","1":"product","2":"type-product","3":"status-publish","4":"has-post-thumbnail","6":"product_cat-bia-tirim","7":"product_cat-cothu","8":"product_cat-madra","9":"infinite-scroll-item","10":"sales-flash-overlay","11":"woocommerce-text-align-center","12":"woocommerce-image-align-center","13":"do-quantity-buttons","15":"first","16":"instock","17":"sold-individually","18":"taxable","19":"shipping-taxable","20":"purchasable","21":"product-type-variable"},"_links":{"self":[{"href":"https:\/\/www.ngdcare.nl\/ga\/wp-json\/wp\/v2\/product\/10105","targetHints":{"allow":["GET"]}}],"collection":[{"href":"https:\/\/www.ngdcare.nl\/ga\/wp-json\/wp\/v2\/product"}],"about":[{"href":"https:\/\/www.ngdcare.nl\/ga\/wp-json\/wp\/v2\/types\/product"}],"replies":[{"embeddable":true,"href":"https:\/\/www.ngdcare.nl\/ga\/wp-json\/wp\/v2\/comments?post=10105"}],"wp:featuredmedia":[{"embeddable":true,"href":"https:\/\/www.ngdcare.nl\/ga\/wp-json\/wp\/v2\/media\/10165"}],"wp:attachment":[{"href":"https:\/\/www.ngdcare.nl\/ga\/wp-json\/wp\/v2\/media?parent=10105"}],"wp:term":[{"taxonomy":"product_brand","embeddable":true,"href":"https:\/\/www.ngdcare.nl\/ga\/wp-json\/wp\/v2\/product_brand?post=10105"},{"taxonomy":"product_cat","embeddable":true,"href":"https:\/\/www.ngdcare.nl\/ga\/wp-json\/wp\/v2\/product_cat?post=10105"},{"taxonomy":"product_tag","embeddable":true,"href":"https:\/\/www.ngdcare.nl\/ga\/wp-json\/wp\/v2\/product_tag?post=10105"},{"taxonomy":"merken","embeddable":true,"href":"https:\/\/www.ngdcare.nl\/ga\/wp-json\/wp\/v2\/merken?post=10105"}],"curies":[{"name":"wp","href":"https:\/\/api.w.org\/{rel}","templated":true}]}}