{"id":10183,"date":"2025-11-07T16:11:33","date_gmt":"2025-11-07T15:11:33","guid":{"rendered":"https:\/\/www.ngdcare.nl\/product\/uncategorized\/bia-madrai-pala-tuirc-lacha-scadan\/"},"modified":"2025-11-07T16:14:08","modified_gmt":"2025-11-07T15:14:08","slug":"bia-madrai-pala-tuirc-lacha-scadan","status":"publish","type":"product","link":"https:\/\/www.ngdcare.nl\/ga\/product\/siopa-peatai\/madra\/cothu\/bia-tirim\/bia-madrai-pala-tuirc-lacha-scadan\/","title":{"rendered":"Bia Madra\u00ed Pala \u2013 Tuirc, Lacha &amp; Scad\u00e1n"},"content":{"rendered":"<p data-start=\"0\" data-end=\"94\"><strong data-start=\"0\" data-end=\"92\">Bia Madra\u00ed Pala \u2013 Oideas # 6 Tuirc, Lacha &amp; Scad\u00e1n \u2013 Bia Madra\u00ed Ioml\u00e1n Aer-triomaithe<\/strong><\/p>\n<p data-start=\"96\" data-end=\"405\">Tabhair \u00e9ags\u00falacht don bhabhla bia le <strong data-start=\"129\" data-end=\"170\">Pala Recipe # 6 Turkey, Duck &amp; Herring<\/strong> \u2013 b\u00e9ile blasta, n\u00e1d\u00fartha le <strong data-start=\"214\" data-end=\"234\">81% feoil agus iasc<\/strong>. Comhcheangla\u00edonn an bia ioml\u00e1n seo <strong data-start=\"275\" data-end=\"314\">turca\u00ed \u00far, lacha agus scad\u00e1n an Atlantaigh<\/strong> le glasra\u00ed, tortha\u00ed agus superfoods, le haghaidh b\u00e9ile cothrom, cothaitheach l\u00e1n le fuinneamh.<\/p>\n<p data-start=\"407\" data-end=\"663\">D\u00e9antar na comh\u00e1bhair go l\u00e9ir a <strong data-start=\"441\" data-end=\"478\">thriom\u00fa go mall san aer ag teocht \u00edseal<\/strong>, ionas go gcaomhna\u00edtear cothaithigh riachtanacha, eins\u00edm\u00ed agus aim\u00ednaig\u00e9id. F\u00e1gann s\u00e9 sin go bhfuil an t-oideas seo n\u00ed hamh\u00e1in cothaitheach ach freisin dhochoiscthe ag baint leis fi\u00fa na madra\u00ed pickiest.<\/p>\n<p data-start=\"665\" data-end=\"685\"><strong data-start=\"665\" data-end=\"683\">Air\u00edonna:<\/strong><\/p>\n<ul>\n<li data-start=\"688\" data-end=\"749\">81% feoil agus iasc \u2013 turca\u00ed, lacha agus scad\u00e1n den scoth<\/li>\n<li data-start=\"752\" data-end=\"828\">Aer triomaithe ag teocht \u00edseal \u2013 cothaithigh n\u00e1d\u00fartha a chaomhn\u00fa<\/li>\n<li data-start=\"831\" data-end=\"881\">Bia ioml\u00e1n do mhadra\u00ed de gach aois<\/li>\n<li data-start=\"884\" data-end=\"936\">Taca\u00edonn s\u00e9 le mat\u00e1in, craiceann, c\u00f3ta agus d\u00edle\u00e1<\/li>\n<li data-start=\"939\" data-end=\"988\">Saor \u00f3 ghr\u00e1in, gan cumhr\u00e1in, dathanna n\u00f3 blasanna<\/li>\n<li data-start=\"991\" data-end=\"1053\">Foirfe do dhaoine a itheann picky n\u00f3 mar bharr thar fheoil \u00far<\/li>\n<li data-start=\"1056\" data-end=\"1124\">Rogha eile \u00e1isi\u00fail do bhia amh \u2013 oiri\u00fanach le haghaidh taistil n\u00f3 laethanta saoire<\/li>\n<li data-start=\"1127\" data-end=\"1166\">D\u00e9anta le comh\u00e1bhair \u00e1iti\u00fala na Fionlainne<\/li>\n<\/ul>\n","protected":false},"excerpt":{"rendered":"<p>Pala Recipe # 6 Is bia madra\u00ed \u00edon, aer-triomaithe \u00e9 <strong>Tuirc, Lacha &amp; Scad\u00e1n<\/strong> at\u00e1 l\u00e1n de chumhacht n\u00e1d\u00fartha! T\u00e1 s\u00e9 cothaitheach, blasta, agus dhochoiscthe ag baint leis, fi\u00fa do na hithe pickiest. <\/p>\n","protected":false},"featured_media":10184,"comment_status":"open","ping_status":"closed","template":"","meta":[],"product_brand":[],"product_cat":[5110,5109,5060],"product_tag":[],"merken":[],"class_list":{"0":"post-10183","1":"product","2":"type-product","3":"status-publish","4":"has-post-thumbnail","6":"product_cat-bia-tirim","7":"product_cat-cothu","8":"product_cat-madra","9":"infinite-scroll-item","10":"sales-flash-overlay","11":"woocommerce-text-align-center","12":"woocommerce-image-align-center","13":"do-quantity-buttons","15":"first","16":"instock","17":"sold-individually","18":"taxable","19":"shipping-taxable","20":"purchasable","21":"product-type-variable"},"_links":{"self":[{"href":"https:\/\/www.ngdcare.nl\/ga\/wp-json\/wp\/v2\/product\/10183","targetHints":{"allow":["GET"]}}],"collection":[{"href":"https:\/\/www.ngdcare.nl\/ga\/wp-json\/wp\/v2\/product"}],"about":[{"href":"https:\/\/www.ngdcare.nl\/ga\/wp-json\/wp\/v2\/types\/product"}],"replies":[{"embeddable":true,"href":"https:\/\/www.ngdcare.nl\/ga\/wp-json\/wp\/v2\/comments?post=10183"}],"wp:featuredmedia":[{"embeddable":true,"href":"https:\/\/www.ngdcare.nl\/ga\/wp-json\/wp\/v2\/media\/10184"}],"wp:attachment":[{"href":"https:\/\/www.ngdcare.nl\/ga\/wp-json\/wp\/v2\/media?parent=10183"}],"wp:term":[{"taxonomy":"product_brand","embeddable":true,"href":"https:\/\/www.ngdcare.nl\/ga\/wp-json\/wp\/v2\/product_brand?post=10183"},{"taxonomy":"product_cat","embeddable":true,"href":"https:\/\/www.ngdcare.nl\/ga\/wp-json\/wp\/v2\/product_cat?post=10183"},{"taxonomy":"product_tag","embeddable":true,"href":"https:\/\/www.ngdcare.nl\/ga\/wp-json\/wp\/v2\/product_tag?post=10183"},{"taxonomy":"merken","embeddable":true,"href":"https:\/\/www.ngdcare.nl\/ga\/wp-json\/wp\/v2\/merken?post=10183"}],"curies":[{"name":"wp","href":"https:\/\/api.w.org\/{rel}","templated":true}]}}