{"id":11185,"date":"2025-11-26T22:11:04","date_gmt":"2025-11-26T21:11:04","guid":{"rendered":"https:\/\/www.ngdcare.nl\/product\/uncategorized\/blath-caora\/"},"modified":"2025-11-26T22:11:04","modified_gmt":"2025-11-26T21:11:04","slug":"blath-caora","status":"publish","type":"product","link":"https:\/\/www.ngdcare.nl\/ga\/product\/veterinary-health\/saibhriu\/toppings-bia\/blath-caora\/","title":{"rendered":"Bl\u00e1th Caora"},"content":{"rendered":"<p data-start=\"2594\" data-end=\"2988\">Is measc\u00e1n dath agus frithocsa\u00eddeoir\u00ed-saibhir \u00e9 <strong>Berry Blossom<\/strong> de <strong>m\u00f3n\u00f3g reo-triomaithe<\/strong>, <strong>currant dubh<\/strong> agus <strong>bl\u00e1thanna inite<\/strong>. Caomhna\u00edonn reo-thriom\u00fa polyphenols, ruaimeanna agus vitim\u00edn\u00ed n\u00e1d\u00fartha go barr\u00fail. Sol\u00e1thra\u00edonn an measc\u00e1n de chaora dorcha agus bl\u00e1thanna speictream leathan substaint\u00ed planda\u00ed a oireann laistigh d&#8217;aiste bia le haird bhreise ar thaca\u00edocht frithocsa\u00eddeoir\u00ed.  <\/p>\n<p data-start=\"2990\" data-end=\"3358\">T\u00e1 blas \u00far ag an measc\u00e1n seo agus is f\u00e9idir \u00e9 a chur go h\u00e9asca le i\u00f3gart agus caoineoga i ndaoine agus i leana\u00ed agus tr\u00ed fheoil \u00far n\u00f3 bia st\u00e1naithe. D\u00e9anann na haig\u00e9id n\u00e1d\u00fartha agus na l\u00edocha caora breisi\u00fa tarraingteach do dhaoine agus d&#8217;ainmhithe araon a thaitn\u00edonn le teagmh\u00e1il fruity ina n-aiste bia. Cuireann na bl\u00e1thanna le h\u00e9ags\u00falacht i flavonoids agus ruaimeanna glasra\u00ed.  <\/p>\n<p data-start=\"3360\" data-end=\"3625\">T\u00e1 Berry Blossom oiri\u00fanach le h\u00fas\u00e1id go laeth\u00fail, mar bhreis ildaite le b\u00e9ile n\u00f3 chun an aiste bia a shaibhri\u00fa. F\u00e1gann an d\u00e1ileog \u00e9adrom agus an blas \u00e9adrom go bhfuil s\u00e9 oiri\u00fanach do gach aois agus speiceas ainmhithe, ar choinn\u00edoll go bhfuil siad curtha in oiri\u00faint do riachtanais aonair. <\/p>\n","protected":false},"excerpt":{"rendered":"<p data-start=\"5425\" data-end=\"5572\">Is measc\u00e1n superfood ildaite \u00e9 Berry Blossom de m\u00f3n\u00f3g, cuir\u00edn\u00ed dubha, agus bl\u00e1thanna inite le haghaidh frithocsa\u00eddeoir\u00ed, polyphenols, agus blas tortha\u00ed \u00fara.<\/p>\n","protected":false},"featured_media":11186,"comment_status":"open","ping_status":"closed","template":"","meta":{"wds_primary_product_brand":0,"wds_primary_product_cat":0,"wds_primary_merken":0},"product_brand":[],"product_cat":[4767,2523],"product_tag":[5852,5854,5851,5856,5853,5855,4569],"merken":[],"class_list":{"0":"post-11185","1":"product","2":"type-product","3":"status-publish","4":"has-post-thumbnail","6":"product_cat-superfoods","7":"product_cat-toppings-bia","8":"product_tag-caora","9":"product_tag-cuirini-dubha","10":"product_tag-frithocsaideoiri","11":"product_tag-meascan-blathanna","12":"product_tag-monog","13":"product_tag-polaifeanoil","14":"product_tag-superfood-ga","15":"infinite-scroll-item","16":"sales-flash-overlay","17":"woocommerce-text-align-center","18":"woocommerce-image-align-center","19":"do-quantity-buttons","21":"first","22":"instock","23":"taxable","24":"shipping-taxable","25":"purchasable","26":"product-type-simple"},"_links":{"self":[{"href":"https:\/\/www.ngdcare.nl\/ga\/wp-json\/wp\/v2\/product\/11185","targetHints":{"allow":["GET"]}}],"collection":[{"href":"https:\/\/www.ngdcare.nl\/ga\/wp-json\/wp\/v2\/product"}],"about":[{"href":"https:\/\/www.ngdcare.nl\/ga\/wp-json\/wp\/v2\/types\/product"}],"replies":[{"embeddable":true,"href":"https:\/\/www.ngdcare.nl\/ga\/wp-json\/wp\/v2\/comments?post=11185"}],"wp:featuredmedia":[{"embeddable":true,"href":"https:\/\/www.ngdcare.nl\/ga\/wp-json\/wp\/v2\/media\/11186"}],"wp:attachment":[{"href":"https:\/\/www.ngdcare.nl\/ga\/wp-json\/wp\/v2\/media?parent=11185"}],"wp:term":[{"taxonomy":"product_brand","embeddable":true,"href":"https:\/\/www.ngdcare.nl\/ga\/wp-json\/wp\/v2\/product_brand?post=11185"},{"taxonomy":"product_cat","embeddable":true,"href":"https:\/\/www.ngdcare.nl\/ga\/wp-json\/wp\/v2\/product_cat?post=11185"},{"taxonomy":"product_tag","embeddable":true,"href":"https:\/\/www.ngdcare.nl\/ga\/wp-json\/wp\/v2\/product_tag?post=11185"},{"taxonomy":"merken","embeddable":true,"href":"https:\/\/www.ngdcare.nl\/ga\/wp-json\/wp\/v2\/merken?post=11185"}],"curies":[{"name":"wp","href":"https:\/\/api.w.org\/{rel}","templated":true}]}}