{"id":11195,"date":"2025-11-26T23:00:47","date_gmt":"2025-11-26T22:00:47","guid":{"rendered":"https:\/\/www.ngdcare.nl\/product\/uncategorized\/beocht-ghlas\/"},"modified":"2025-11-26T23:00:47","modified_gmt":"2025-11-26T22:00:47","slug":"beocht-ghlas","status":"publish","type":"product","link":"https:\/\/www.ngdcare.nl\/ga\/webshop\/veterinary-health\/saibhriu\/toppings-bia\/beocht-ghlas\/","title":{"rendered":"Beocht Ghlas"},"content":{"rendered":"<p data-start=\"468\" data-end=\"881\">Is comhdh\u00e9anamh de cheithre phlanda cothaitheacha \u00e9 <strong>Green Vitality<\/strong>: <strong>spion\u00e1iste<\/strong>, <strong>brocail\u00ed<\/strong>, <strong>c\u00e1l<\/strong> agus <strong>biatas<\/strong>. T\u00e1 na glasra\u00ed seo i measc na bhfoins\u00ed is saibhir i bhf\u00edteochothaithigh sa r\u00e9im bia laeth\u00fail agus t\u00e1 cl\u00f3raifill, frithocsa\u00eddeoir\u00ed, vitim\u00edn\u00ed n\u00e1d\u00fartha agus mianra\u00ed iontu. Cuireann na substaint\u00ed seo le beocht ghinear\u00e1lta agus sol\u00e1thra\u00edonn siad taca\u00edocht nuair a bh\u00edonn g\u00e1 le cothaithigh ghlasa breise.  <\/p>\n<p data-start=\"883\" data-end=\"1257\">Crutha\u00edonn an measc\u00e1n de greens duilleacha le biatas measc\u00e1n cothrom de folates n\u00e1d\u00fartha, sn\u00e1ith\u00edn\u00ed, substaint\u00ed planda\u00ed saibhir n\u00edotr\u00e1ite agus l\u00edocha dathanna. Oireann an comhdh\u00e9anamh seo do dhaoine gn\u00edomhacha agus do ch\u00e1sanna ina bhfuil coth\u00fa breise \u00f3 phlanda\u00ed ag teast\u00e1il. Meascann an p\u00fadar go h\u00e9asca i i\u00f3gart, feoil \u00far, kibble, caoineoga n\u00f3 measc\u00e1in glasra\u00ed.  <\/p>\n<p data-start=\"1259\" data-end=\"1487\">Is f\u00e9idir Green Vitality a \u00fas\u00e1id go laeth\u00fail chun tac\u00fa le aiste bia \u00e9ags\u00fail. D\u00e9anann an blas bog \u00e9asca \u00e9 a \u00fas\u00e1id le hithe picky agus ainmhithe a imoibr\u00edonn go h\u00edogair le blasanna l\u00e1idre. <\/p>\n","protected":false},"excerpt":{"rendered":"<p>Is measc\u00e1n superfood glas cumhachtach \u00e9 <strong>Green Vitality<\/strong> le spion\u00e1iste, brocail\u00ed, c\u00e1l agus biatas le haghaidh beogacht laeth\u00fail, fuinneamh agus borradh n\u00e1d\u00fartha de phytonutrients<\/p>\n","protected":false},"featured_media":11198,"comment_status":"open","ping_status":"closed","template":"","meta":{"wds_primary_product_brand":0,"wds_primary_product_cat":0,"wds_primary_merken":0},"product_brand":[],"product_cat":[4767,2523],"product_tag":[2141,5881,5877,5879,2316,5851,5502,5875,4569],"merken":[],"class_list":{"0":"post-11195","1":"product","2":"type-product","3":"status-publish","4":"has-post-thumbnail","6":"product_cat-superfoods","7":"product_cat-toppings-bia","8":"product_tag-beocht","9":"product_tag-biatas","10":"product_tag-brocaili","11":"product_tag-cal","12":"product_tag-dithocsainiu-ga","13":"product_tag-frithocsaideoiri","14":"product_tag-glasaigh","15":"product_tag-spionaiste","16":"product_tag-superfood-ga","17":"infinite-scroll-item","18":"sales-flash-overlay","19":"woocommerce-text-align-center","20":"woocommerce-image-align-center","21":"do-quantity-buttons","23":"first","24":"instock","25":"taxable","26":"shipping-taxable","27":"purchasable","28":"product-type-simple"},"_links":{"self":[{"href":"https:\/\/www.ngdcare.nl\/ga\/wp-json\/wp\/v2\/product\/11195","targetHints":{"allow":["GET"]}}],"collection":[{"href":"https:\/\/www.ngdcare.nl\/ga\/wp-json\/wp\/v2\/product"}],"about":[{"href":"https:\/\/www.ngdcare.nl\/ga\/wp-json\/wp\/v2\/types\/product"}],"replies":[{"embeddable":true,"href":"https:\/\/www.ngdcare.nl\/ga\/wp-json\/wp\/v2\/comments?post=11195"}],"wp:featuredmedia":[{"embeddable":true,"href":"https:\/\/www.ngdcare.nl\/ga\/wp-json\/wp\/v2\/media\/11198"}],"wp:attachment":[{"href":"https:\/\/www.ngdcare.nl\/ga\/wp-json\/wp\/v2\/media?parent=11195"}],"wp:term":[{"taxonomy":"product_brand","embeddable":true,"href":"https:\/\/www.ngdcare.nl\/ga\/wp-json\/wp\/v2\/product_brand?post=11195"},{"taxonomy":"product_cat","embeddable":true,"href":"https:\/\/www.ngdcare.nl\/ga\/wp-json\/wp\/v2\/product_cat?post=11195"},{"taxonomy":"product_tag","embeddable":true,"href":"https:\/\/www.ngdcare.nl\/ga\/wp-json\/wp\/v2\/product_tag?post=11195"},{"taxonomy":"merken","embeddable":true,"href":"https:\/\/www.ngdcare.nl\/ga\/wp-json\/wp\/v2\/merken?post=11195"}],"curies":[{"name":"wp","href":"https:\/\/api.w.org\/{rel}","templated":true}]}}