{"id":11433,"date":"2025-11-27T15:46:21","date_gmt":"2025-11-27T14:46:21","guid":{"rendered":"https:\/\/www.ngdcare.nl\/product\/uncategorized\/mjamjam-duo-lao-scadan\/"},"modified":"2025-11-28T10:49:47","modified_gmt":"2025-11-28T09:49:47","slug":"mjamjam-duo-lao-scadan","status":"publish","type":"product","link":"https:\/\/www.ngdcare.nl\/ga\/product\/siopa-peatai\/cat\/cothu\/bia-fliuch\/mjamjam-duo-lao-scadan\/","title":{"rendered":"MjAMjAM DUO \u2013 Lao &amp; Scad\u00e1n"},"content":{"rendered":"<p>Is b\u00e9ile ioml\u00e1n, n\u00e1d\u00fartha do chait \u00e9 <strong data-start=\"372\" data-end=\"405\">an MjAMjAM DUO \u00f3 Kalf &amp; Herring<\/strong> . Cuireann an measc\u00e1n seo de laofheoil tairisceana agus scad\u00e1n \u00far cion ard feola ar f\u00e1il agus sol\u00e1thra\u00edonn s\u00e9 na cothaithigh riachtanacha go l\u00e9ir a theasta\u00edonn \u00f3 do chat. T\u00e1 an bia go hioml\u00e1n saor \u00f3 ghr\u00e1in agus n\u00edl aon si\u00facra, leasaithigh n\u00f3 blasanna saorga ann. Saibhrithe le vitim\u00edn\u00ed, mianra\u00ed agus taurine, taca\u00edonn s\u00e9 le f\u00e1s sl\u00e1inti\u00fail, friota\u00edocht l\u00e1idir agus c\u00f3ta lonracha. Oiri\u00fanach do chait a bhfuil gr\u00e1 acu d&#8217;\u00e9ags\u00falacht agus bia n\u00e1d\u00fartha ardchaighde\u00e1in.<\/p>\n","protected":false},"excerpt":{"rendered":"<p>B\u00e9ile blasta, ioml\u00e1n do chait le laofheoil tairisceana agus scad\u00e1n \u00far. Saor \u00f3 ghr\u00e1in, gan breise\u00e1in shaorga, saibhir i vitim\u00edn\u00ed, mianra\u00ed agus taurine do chat sl\u00e1inti\u00fail. <\/p>\n","protected":false},"featured_media":11439,"comment_status":"open","ping_status":"closed","template":"","meta":[],"product_brand":[],"product_cat":[5286,5043,5148,5061],"product_tag":[],"merken":[],"class_list":{"0":"post-11433","1":"product","2":"type-product","3":"status-publish","4":"has-post-thumbnail","6":"product_cat-bia-fliuch","7":"product_cat-cat","8":"product_cat-cothu","9":"product_cat-siopa-peatai","10":"infinite-scroll-item","11":"sales-flash-overlay","12":"woocommerce-text-align-center","13":"woocommerce-image-align-center","14":"do-quantity-buttons","16":"first","17":"instock","18":"taxable","19":"shipping-taxable","20":"purchasable","21":"product-type-variable"},"_links":{"self":[{"href":"https:\/\/www.ngdcare.nl\/ga\/wp-json\/wp\/v2\/product\/11433","targetHints":{"allow":["GET"]}}],"collection":[{"href":"https:\/\/www.ngdcare.nl\/ga\/wp-json\/wp\/v2\/product"}],"about":[{"href":"https:\/\/www.ngdcare.nl\/ga\/wp-json\/wp\/v2\/types\/product"}],"replies":[{"embeddable":true,"href":"https:\/\/www.ngdcare.nl\/ga\/wp-json\/wp\/v2\/comments?post=11433"}],"wp:featuredmedia":[{"embeddable":true,"href":"https:\/\/www.ngdcare.nl\/ga\/wp-json\/wp\/v2\/media\/11439"}],"wp:attachment":[{"href":"https:\/\/www.ngdcare.nl\/ga\/wp-json\/wp\/v2\/media?parent=11433"}],"wp:term":[{"taxonomy":"product_brand","embeddable":true,"href":"https:\/\/www.ngdcare.nl\/ga\/wp-json\/wp\/v2\/product_brand?post=11433"},{"taxonomy":"product_cat","embeddable":true,"href":"https:\/\/www.ngdcare.nl\/ga\/wp-json\/wp\/v2\/product_cat?post=11433"},{"taxonomy":"product_tag","embeddable":true,"href":"https:\/\/www.ngdcare.nl\/ga\/wp-json\/wp\/v2\/product_tag?post=11433"},{"taxonomy":"merken","embeddable":true,"href":"https:\/\/www.ngdcare.nl\/ga\/wp-json\/wp\/v2\/merken?post=11433"}],"curies":[{"name":"wp","href":"https:\/\/api.w.org\/{rel}","templated":true}]}}