{"id":11647,"date":"2025-11-29T12:15:16","date_gmt":"2025-11-29T11:15:16","guid":{"rendered":"https:\/\/www.ngdcare.nl\/product\/uncategorized\/tacaiocht-scith-a-ligean-maigneisiam-liposomal\/"},"modified":"2026-04-20T22:11:49","modified_gmt":"2026-04-20T20:11:49","slug":"tacaiocht-scith-a-ligean-maigneisiam-liposomal","status":"publish","type":"product","link":"https:\/\/www.ngdcare.nl\/ga\/product\/veterinary-health\/forliontai-ortomoilineach\/tacaiocht-scith-a-ligean-maigneisiam-liposomal\/","title":{"rendered":"Taca\u00edocht Sc\u00edth a ligean Liposomal"},"content":{"rendered":"<p class=\"font-claude-response-body break-words whitespace-normal leading-[1.7]\">Taca\u00edocht Sc\u00edth a ligean Liposomal: sc\u00edthe, rial\u00e1il struis agus codladh do mhadra\u00ed, cait agus daoine<\/p>\n<p class=\"font-claude-response-body break-words whitespace-normal leading-[1.7]\">Is foirmle teaglaim orthomolecular \u00e9 Relax Support le ceithre chothaithigh dea-thaighde a thaca\u00edonn le ch\u00e9ile le freagairt struis, t\u00e1irgeadh neurotransmitter agus sl\u00e1inteachas codlata.<\/p>\n<ul>\n<li class=\"font-claude-response-body break-words whitespace-normal leading-[1.7]\">Is cine\u00e1l maign\u00e9isiam at\u00e1 \u00e9asca a ions\u00fa, at\u00e1 cairdi\u00fail don bholg \u00e9 bisglycinate maign\u00e9isiam a imr\u00edonn r\u00f3l i sc\u00edth a ligean muscle, feidhm n\u00e9ar\u00f3g agus rial\u00e1il struis. T\u00e1 easnamh maign\u00e9isiam bainteach le greannaitheacht mh\u00e9adaithe agus codladh suaite in ainmhithe agus daoine. <\/li>\n<li class=\"font-claude-response-body break-words whitespace-normal leading-[1.7]\">L\u00e9irigh L-theanine, aim\u00ednaig\u00e9ad \u00f3 dhuilleoga tae, \u00e9ifeacht suaimhneach i staid\u00e9ir chlinici\u00fala tr\u00ed mhodhn\u00fa tonnta inchinne GABA agus alfa, gan codlatacht a chur faoi deara i rith an lae.<\/li>\n<li class=\"font-claude-response-body break-words whitespace-normal leading-[1.7]\">Is \u00e9 L-tryptophan r\u00e9amhtheachta\u00ed d\u00edreach serotonin agus melatonin agus d\u00e1 bhr\u00ed sin t\u00e1 r\u00f3l l\u00e1rnach aige i gi\u00famar, tionscnamh codlata agus c\u00e1il\u00edocht codlata.<\/li>\n<li class=\"font-claude-response-body break-words whitespace-normal leading-[1.7]\">Is \u00e9 Vitim\u00edn B6 mar pyridoxal-5-fosf\u00e1it (P-5-P) an fhoirm ghn\u00edomhach, at\u00e1 ar f\u00e1il go h\u00e9asca agus cofactor riachtanach i dt\u00e1irgeadh serotonin, dopamine agus GABA agus m\u00e9ada\u00edonn s\u00e9 \u00e9ifeachtacht tryptophan sa slabhra tiontaithe.<\/li>\n<\/ul>\n<p class=\"font-claude-response-body break-words whitespace-normal leading-[1.7]\">Feabhsa\u00edonn an fhoirmli\u00fa liposomal bith-infhaighteacht na gcomhph\u00e1irteanna intuaslagtha saille agus \u00edogair agus d\u00e9anann s\u00e9 an t\u00e1irge oiri\u00fanach d&#8217;ainmhithe \u00edogaire n\u00f3 do dhaoine ina bhfuil cairdi\u00falacht boilg ina riachtanas.<\/p>\n<p class=\"font-claude-response-body break-words whitespace-normal leading-[1.7]\">I gcleachtas tr\u00e9idliachta, t\u00e1 Taca\u00edocht Sc\u00edth a Sc\u00edth \u00e1bhartha d&#8217;ainmhithe at\u00e1 \u00edogair \u00f3 thaobh struis timpeall ar ch\u00e1sanna cos\u00fail le gluaiseacht, tinte eala\u00edne n\u00f3 stoirmeacha toirn\u00ed, ach freisin le haghaidh teannas ainsealach, m\u00edshuaimhneas, iompar d\u00faisithe iomarcach n\u00f3 fadhbanna codlata. Oibr\u00edonn an t\u00e1irge chomh maith le teiripe iompra\u00edochta agus coigeartuithe comhshaoil agus t\u00e1 s\u00e9 oiri\u00fanach le h\u00fas\u00e1id fhadt\u00e9armach, laeth\u00fail gan habituation n\u00f3 fo-iarsma\u00ed sedative. Is f\u00e9idir taca\u00edocht sc\u00edth a ligean a \u00fas\u00e1id go deas in \u00e9ineacht le adaptogens mar an <a href=\"https:\/\/www.ngdcare.nl\/ga\/product\/cogaslann-peatai-nadurtha\/liposomach\/ashwagandha-liposomal-agus-rhodiola-coimpleasc-adaptogen-liposomal\/\">coimpl\u00e9asc Adaptogen<\/a> n\u00f3 an <a href=\"https:\/\/www.ngdcare.nl\/ga\/product\/cogaslann-peatai-nadurtha\/beocht-ghinearalta\/meascan-muisiriun-liposomal-2-coimpleasc-adaptogen-liposomal-myco\/\">coimpl\u00e9asc adaptogen Myco<\/a>. T\u00e1 taca\u00edocht sc\u00edth a ligean mar chuid d\u00e1r <a href=\"https:\/\/www.ngdcare.nl\/ga\/product\/protacail\/protacal-struis\/\">bpr\u00f3tacal iompra\u00edochta<\/a> a \u00fas\u00e1idimid mura bhfuil \u00e9ifeacht leordh\u00f3thanach aige chun strus d&#8217;ainmh\u00ed a laghd\u00fa.   <\/p>\n<p class=\"font-claude-response-body break-words whitespace-normal leading-[1.7]\">Ar mhaith leat n\u00edos m\u00f3 a l\u00e9amh faoi \u00e9ifeacht na gcomh\u00e1bhar aonair, an litr\u00edocht agus an c\u00falra clinici\u00fail? Ansin l\u00e9igh an p\u00edosa c\u00falra fairsing: Maign\u00e9isiam, L-theanine agus tryptophan le haghaidh strus agus codlata. <\/p>\n","protected":false},"excerpt":{"rendered":"<p>Is foirmle sc\u00edthe \u00e9adrom, laeth\u00fail \u00e9 <strong data-start=\"391\" data-end=\"430\">NGD Care \u2013 Relax Support<\/strong> le bisglycinate maign\u00e9isiam, L-theanine, L-tryptophan agus vitim\u00edn B6. Cuireann an fhoirm liposomal ions\u00fa chun cinn agus t\u00e1 s\u00e9 cairdi\u00fail don bholg. Forbartha d&#8217;ainmhithe at\u00e1 \u00edogair \u00f3 thaobh struis chun tac\u00fa le gn\u00e1thfheidhm an n\u00e9arch\u00f3rais, gi\u00famar cothrom agus cothroma\u00edocht sl\u00e1inti\u00fail codlata-m\u00fascailte.<\/p>\n","protected":false},"featured_media":17649,"comment_status":"open","ping_status":"closed","template":"","meta":{"wds_primary_product_brand":0,"wds_primary_product_cat":0,"wds_primary_merken":0},"product_brand":[],"product_cat":[1890],"product_tag":[4610,5991,6002,6000,3491,2569,2476,2075,5988,6003,5998,2483,2137,7854,5990,5993,5996],"merken":[],"class_list":{"0":"post-11647","1":"product","2":"type-product","3":"status-publish","4":"has-post-thumbnail","6":"product_cat-forliontai-ortomoilineach","7":"product_tag-b6-ga","8":"product_tag-bisglycinate-maigneisiam","9":"product_tag-codladh-2","10":"product_tag-cofactor-serotonin","11":"product_tag-coras-nearog","12":"product_tag-curam-ngd","13":"product_tag-iompar","14":"product_tag-liposomach","15":"product_tag-madra-scithe","16":"product_tag-neurotransmitters-cofactor","17":"product_tag-p-5-p","18":"product_tag-scith-a-ligean","19":"product_tag-strus","20":"product_tag-strus-agus-iompar","21":"product_tag-tacaiocht-codlata","22":"product_tag-theanine","23":"product_tag-tryptophan","24":"infinite-scroll-item","25":"sales-flash-overlay","26":"woocommerce-text-align-center","27":"woocommerce-image-align-center","28":"do-quantity-buttons","30":"first","31":"instock","32":"taxable","33":"shipping-taxable","34":"purchasable","35":"product-type-simple"},"_links":{"self":[{"href":"https:\/\/www.ngdcare.nl\/ga\/wp-json\/wp\/v2\/product\/11647","targetHints":{"allow":["GET"]}}],"collection":[{"href":"https:\/\/www.ngdcare.nl\/ga\/wp-json\/wp\/v2\/product"}],"about":[{"href":"https:\/\/www.ngdcare.nl\/ga\/wp-json\/wp\/v2\/types\/product"}],"replies":[{"embeddable":true,"href":"https:\/\/www.ngdcare.nl\/ga\/wp-json\/wp\/v2\/comments?post=11647"}],"wp:featuredmedia":[{"embeddable":true,"href":"https:\/\/www.ngdcare.nl\/ga\/wp-json\/wp\/v2\/media\/17649"}],"wp:attachment":[{"href":"https:\/\/www.ngdcare.nl\/ga\/wp-json\/wp\/v2\/media?parent=11647"}],"wp:term":[{"taxonomy":"product_brand","embeddable":true,"href":"https:\/\/www.ngdcare.nl\/ga\/wp-json\/wp\/v2\/product_brand?post=11647"},{"taxonomy":"product_cat","embeddable":true,"href":"https:\/\/www.ngdcare.nl\/ga\/wp-json\/wp\/v2\/product_cat?post=11647"},{"taxonomy":"product_tag","embeddable":true,"href":"https:\/\/www.ngdcare.nl\/ga\/wp-json\/wp\/v2\/product_tag?post=11647"},{"taxonomy":"merken","embeddable":true,"href":"https:\/\/www.ngdcare.nl\/ga\/wp-json\/wp\/v2\/merken?post=11647"}],"curies":[{"name":"wp","href":"https:\/\/api.w.org\/{rel}","templated":true}]}}