{"id":11683,"date":"2025-11-29T12:19:33","date_gmt":"2025-11-29T11:19:33","guid":{"rendered":"https:\/\/www.ngdcare.nl\/product\/uncategorized\/liposomal-glutathione\/"},"modified":"2026-04-20T21:34:06","modified_gmt":"2026-04-20T19:34:06","slug":"liposomal-glutathione","status":"publish","type":"product","link":"https:\/\/www.ngdcare.nl\/ga\/product\/veterinary-health\/forliontai-ortomoilineach\/liposomal-glutathione\/","title":{"rendered":"Liposomal Glutathione"},"content":{"rendered":"<p class=\"font-claude-response-body break-words whitespace-normal leading-[1.7]\">Glutathione Liposomal: An M\u00e1istir Frithocsa\u00eddeoir do Mhadra\u00ed, Cait agus Daoine<\/p>\n<p class=\"font-claude-response-body break-words whitespace-normal leading-[1.7]\">Is tripeptide comhlacht \u00e9 Glutathione at\u00e1 i l\u00e1thair i ngach cill agus t\u00e1 r\u00f3l l\u00e1rnach aige i d\u00edthocsaini\u00fa, cosaint agus deisi\u00fa cille. Neodra\u00edonn s\u00e9 fr\u00e9amhacha saor in aisce, cosna\u00edonn s\u00e9 DNA agus mitochondria \u00f3 dham\u00e1iste ocsa\u00eddi\u00fach\u00e1in, agus t\u00e1 s\u00e9 f\u00edor-riachtanach le haghaidh d\u00edthocsaini\u00fa ae, go h\u00e1irithe comhchuingi\u00fa c\u00e9im II, ina bhfuil tocsain\u00ed, miotail throma, agus iarmhair druga\u00ed nasctha le comhdh\u00faile intuaslagtha in uisce le haghaidh eisfhearadh. <\/p>\n<p class=\"font-claude-response-body break-words whitespace-normal leading-[1.7]\">Is iarmhairt choitianta iad leibh\u00e9il glutathione laghdaithe ainsealacha ar strus fadt\u00e9armach, athlasadh, tinneas, \u00fas\u00e1id c\u00f3gais, vacsa\u00ednithe n\u00f3 ualach tocsaineach. Feicimid \u00e9 seo i gcleachtas in ainmhithe a bhfuil aill\u00e9irg\u00ed, fadhbanna craicinn, suaitheadh imdh\u00edonachta, meath cogna\u00edoch agus t\u00e9arnamh moillithe orthu. <\/p>\n<p class=\"font-claude-response-body break-words whitespace-normal leading-[1.7]\">C\u00e9n f\u00e1th liposomal? D\u00e9antar glutathione a ionghabh\u00e1il \u00f3 bh\u00e9al a bhriseadh s\u00edos go p\u00e1irteach sa chonair gastrointestinal sula sroicheann s\u00e9 an chill. Cosna\u00edonn an fhoirmi\u00fa liposomal le phosphatidylcholine ardchaighde\u00e1in mar iompr\u00f3ir an glutathione laghdaithe (GSH) \u00f3 dh\u00edghr\u00e1d\u00fa agus feabhsa\u00edonn s\u00e9 go suntasach glacadh ceallacha. T\u00e1 150 mg de GSH laghdaithe in aghaidh an d\u00e1ileog sa t\u00e1irge seo.  <\/p>\n<p class=\"font-claude-response-body break-words whitespace-normal leading-[1.7]\">I madra\u00ed agus i gcait, t\u00e1 glutathione \u00e1bhartha i dtaca\u00edocht ae agus d\u00edthocsaini\u00fa i gc\u00e1s ualach tocsaineach n\u00f3 \u00fas\u00e1id c\u00f3gais, i aill\u00e9irg\u00ed ainsealacha agus riochta\u00ed craicinn atopach, i dt\u00e9arnamh imdh\u00edonachta tar \u00e9is ionfhabhtuithe n\u00f3 \u00fas\u00e1id fhadt\u00e9armach antaibheathach, i dt\u00e9arnamh tar \u00e9is ain\u00e9ist\u00e9ise n\u00f3 vacsa\u00ednithe agus i dtaca\u00edocht chogna\u00edoch ainmhithe sinsearacha a bhfuil comhartha\u00ed M\u00edfheidhm Chogna\u00edoch Canine acu.<\/p>\n<p class=\"font-claude-response-body break-words whitespace-normal leading-[1.7]\">Comhth\u00e1tha\u00edonn Glutathione gan uaim le t\u00e1irg\u00ed C\u00faram NGD eile mar <a href=\"https:\/\/www.ngdcare.nl\/ga\/product\/cogaslann-peatai-nadurtha\/beocht-ghinearalta\/nad-resveratrol-agus-ergotioneine-tacaiocht-fad-saoil-liposomal\/\">Choimpl\u00e9asc Fad Saoil<\/a> (NAD + \/ resveratrol \/ ergothioneine), <a href=\"https:\/\/www.ngdcare.nl\/ga\/product\/cogaslann-peatai-nadurtha\/liposomach\/pea-liposomal-agus-boswellia-coimpleasc-pea-liposomal\/\">Coimpl\u00e9asc PEA<\/a>, <a href=\"https:\/\/www.ngdcare.nl\/ga\/product\/cogaslann-peatai-nadurtha\/liposomach\/liposomale-lactoferrine-liposomal-lactoferrin\/\">Lactoferrin<\/a> agus <a href=\"https:\/\/www.ngdcare.nl\/ga\/product\/cogaslann-peatai-nadurtha\/beocht-ghinearalta\/meascan-muisiriun-liposomal-1-coimpleasc-imdhionachta-myco-liposomal\/\">Coimpl\u00e9asc Imdh\u00edonachta Myco<\/a>, mar chuid den <a href=\"https:\/\/www.ngdcare.nl\/ga\/product\/protacail\/protacal-seanaoise\/\">phr\u00f3tacal ag dul in aois<\/a>.<\/p>\n<p class=\"font-claude-response-body break-words whitespace-normal leading-[1.7]\">Ar mhaith leat n\u00edos m\u00f3 a l\u00e9amh faoin gcaoi a n-oibr\u00edonn s\u00e9, faoin litr\u00edocht agus faoin gc\u00falra clinici\u00fail? Ansin l\u00e9igh an p\u00edosa c\u00falra fairsing: Glutathione i madra\u00ed agus cait: an m\u00e1istir-frithocsa\u00eddeoir m\u00ednithe [nasc chuig leathanach blag]. <\/p>\n","protected":false},"excerpt":{"rendered":"<p data-start=\"719\" data-end=\"1021\">T\u00e1 150 mg de glutathione laghdaithe (GSH) i liposome lipodry uath\u00fail ardchaighde\u00e1in. Taca\u00edonn an fhoirm liposomal seo leis an ions\u00fa is fearr agus t\u00e1 s\u00e9 oiri\u00fanach d&#8217;ainmhithe (madra \/ cat). Oiri\u00fanach le haghaidh d\u00edthocsaini\u00fa, taca\u00edocht ae, strus ocsa\u00eddi\u00fach\u00e1in agus aisghabh\u00e1il.  <\/p>\n","protected":false},"featured_media":17638,"comment_status":"open","ping_status":"closed","template":"","meta":{"wds_primary_product_brand":0,"wds_primary_product_cat":0,"wds_primary_merken":0},"product_brand":[],"product_cat":[1890],"product_tag":[6131,1894,2569,2316,6134,2311,6130,6135,6133,2075,1892,6132],"merken":[],"class_list":{"0":"post-11683","1":"product","2":"type-product","3":"status-publish","4":"has-post-thumbnail","6":"product_cat-forliontai-ortomoilineach","7":"product_tag-ae","8":"product_tag-cat-ga","9":"product_tag-curam-ngd","10":"product_tag-dithocsainiu-ga","11":"product_tag-duine","12":"product_tag-frithocsaideoir","13":"product_tag-glutathione","14":"product_tag-gsh","15":"product_tag-imdhionachta","16":"product_tag-liposomach","17":"product_tag-madra","18":"product_tag-strus-ocsaidiuchain-2","19":"infinite-scroll-item","20":"sales-flash-overlay","21":"woocommerce-text-align-center","22":"woocommerce-image-align-center","23":"do-quantity-buttons","25":"first","26":"instock","27":"taxable","28":"shipping-taxable","29":"purchasable","30":"product-type-simple"},"_links":{"self":[{"href":"https:\/\/www.ngdcare.nl\/ga\/wp-json\/wp\/v2\/product\/11683","targetHints":{"allow":["GET"]}}],"collection":[{"href":"https:\/\/www.ngdcare.nl\/ga\/wp-json\/wp\/v2\/product"}],"about":[{"href":"https:\/\/www.ngdcare.nl\/ga\/wp-json\/wp\/v2\/types\/product"}],"replies":[{"embeddable":true,"href":"https:\/\/www.ngdcare.nl\/ga\/wp-json\/wp\/v2\/comments?post=11683"}],"wp:featuredmedia":[{"embeddable":true,"href":"https:\/\/www.ngdcare.nl\/ga\/wp-json\/wp\/v2\/media\/17638"}],"wp:attachment":[{"href":"https:\/\/www.ngdcare.nl\/ga\/wp-json\/wp\/v2\/media?parent=11683"}],"wp:term":[{"taxonomy":"product_brand","embeddable":true,"href":"https:\/\/www.ngdcare.nl\/ga\/wp-json\/wp\/v2\/product_brand?post=11683"},{"taxonomy":"product_cat","embeddable":true,"href":"https:\/\/www.ngdcare.nl\/ga\/wp-json\/wp\/v2\/product_cat?post=11683"},{"taxonomy":"product_tag","embeddable":true,"href":"https:\/\/www.ngdcare.nl\/ga\/wp-json\/wp\/v2\/product_tag?post=11683"},{"taxonomy":"merken","embeddable":true,"href":"https:\/\/www.ngdcare.nl\/ga\/wp-json\/wp\/v2\/merken?post=11683"}],"curies":[{"name":"wp","href":"https:\/\/api.w.org\/{rel}","templated":true}]}}