{"id":11707,"date":"2025-11-29T12:42:47","date_gmt":"2025-11-29T11:42:47","guid":{"rendered":"https:\/\/www.ngdcare.nl\/product\/uncategorized\/liposomal-coenzyme-q10\/"},"modified":"2026-04-19T22:04:19","modified_gmt":"2026-04-19T20:04:19","slug":"liposomal-coenzyme-q10","status":"publish","type":"product","link":"https:\/\/www.ngdcare.nl\/ga\/product\/forliontai-ortomoilineach\/liposomal-coenzyme-q10\/","title":{"rendered":"Liposomal Coenzyme Q10"},"content":{"rendered":"<div class=\"group\/line flex border-l-[3px] border-l-transparent\" data-diff-type=\"normal\" data-diff-line=\"1\">\n<div>\n<div class=\"standard-markdown grid-cols-1 grid [&amp;_&gt;_*]:min-w-0 gap-3\">\n<p class=\"font-claude-response-body break-words whitespace-normal leading-[1.7]\"><span style=\"font-size: inherit;\">T\u00e1 <strong>NGD Care Coenzyme Q10<\/strong> f\u00edor-riachtanach chun ATP a th\u00e1irgeadh, fuinneamh gach cille. T\u00e1 org\u00e1in a bhfuil riachtanas ard fuinnimh acu, mar shampla an cro\u00ed, an inchinn, an t-ae agus na mat\u00e1in, ag brath go r\u00e9as\u00fanta m\u00f3r ar dh\u00f3thain infhaighteacht Q10. Le haois, laghda\u00edonn t\u00e1irgeadh endogenous. Is f\u00e9idir le h\u00fas\u00e1id fadt\u00e9armach c\u00f3gais (mar shampla statins, NSAIDs n\u00f3 prednisone), tinneas ainsealach, dianacla\u00edocht agus ualach tocsaineach an leibh\u00e9al Q10 a \u00edsli\u00fa freisin.   <\/span><\/p>\n<\/div>\n<\/div>\n<div>\n<div class=\"standard-markdown grid-cols-1 grid [&amp;_&gt;_*]:min-w-0 gap-3\">\n<p class=\"font-claude-response-body break-words whitespace-normal leading-[1.7]\">Roghna\u00edonn NGD Care ubiquinone go comhfhiosach: an fhoirm r\u00e9amhtheachtaithe cobhsa\u00ed de Coenzyme Q10. Is \u00e9 Ubiquinol an fhoirm ghn\u00edomhach intracellular, ach t\u00e1 s\u00e9 n\u00edos l\u00fa cobhsa\u00ed go ceimiceach agus n\u00edos so-ghabh\u00e1lach do ocsa\u00eddi\u00fa san fhorl\u00edonadh f\u00e9in. D\u00e9antar Ubiquinone a thiont\u00fa go ubiquinol sa chill tr\u00ed chomhfhacht\u00f3ir\u00ed fiseola\u00edocha, lena n-\u00e1ir\u00edtear NAD + agus glutathione. Riala\u00edonn an chill an tiont\u00fa seo f\u00e9in.   <\/p>\n<\/div>\n<\/div>\n<div>\n<div class=\"standard-markdown grid-cols-1 grid [&amp;_&gt;_*]:min-w-0 gap-3\">\n<p class=\"font-claude-response-body break-words whitespace-normal leading-[1.7]\">Mar gheall ar an bhfoirmli\u00fa liposomal, t\u00e1 ions\u00fa i bhfad n\u00edos fearr n\u00e1 le forl\u00edonta\u00ed traidisi\u00fanta Q10. Tugann sonra\u00ed taighde le fios go bhfuil bith-infhaighteacht suas le 8\u00d7 n\u00edos airde i gcompar\u00e1id le ubiquinone caighde\u00e1nach. Cosna\u00edonn na globules saille an comh\u00e1bhar gn\u00edomhach \u00f3 dh\u00edghr\u00e1d\u00fa sa chonair gastrointestinal agus ag an am c\u00e9anna taca\u00edonn siad leis an strucht\u00far cill-membrane.  <\/p>\n<\/div>\n<\/div>\n<div>\n<div class=\"standard-markdown grid-cols-1 grid [&amp;_&gt;_*]:min-w-0 gap-3\">\n<p class=\"font-claude-response-body break-words whitespace-normal leading-[1.7]\">I madra\u00ed, rinneadh staid\u00e9ar is m\u00f3 ar Q10 i gcomhth\u00e9acs taca\u00edochta cairdiach. T\u00e1 ceann de na dl\u00fais mitochondrial is airde de na horg\u00e1in go l\u00e9ir ag an mi\u00f3cairdiam agus d\u00e1 bhr\u00ed sin t\u00e1 s\u00e9 ag brath go m\u00f3r ar infhaighteacht leordh\u00f3thanach Q10. \u00das\u00e1idtear Coenzyme Q10 i madra\u00ed le murmurs cro\u00ed n\u00f3 fadhbanna comhla mitral incipient (MVD) mar bhreis le c\u00f3ire\u00e1il tr\u00e9idliachta, ach freisin in ainmhithe sinsearacha a bhfuil caillteanas fuinnimh orthu, i dt\u00e9arnamh tar \u00e9is ain\u00e9ist\u00e9ise n\u00f3 \u00fas\u00e1id fadt\u00e9armach c\u00f3gais, in aisghabh\u00e1il muscle madra\u00ed gn\u00edomhacha n\u00f3 oibre agus i dtaca\u00edocht n\u00e9areola\u00edoch agus ae i riochta\u00ed ainsealacha.  <\/p>\n<p>T\u00e1 Coenzyme Q10 mar chuid d\u00e1r <a href=\"https:\/\/www.ngdcare.nl\/product\/natuurdierenapotheek-2\/protocollen-dier\/ouderdoms-protocol\/\">bpr\u00f3tacal ag dul in aois<\/a> agus oibr\u00edonn s\u00e9 go deas go sineirgisteach le <a href=\"https:\/\/www.ngdcare.nl\/product\/natuurdierenapotheek\/algemene-vitaliteit\/liposomal-longevity-support\/\">taca\u00edocht fad saoil<\/a> (NAD +) agus <a href=\"https:\/\/www.ngdcare.nl\/product\/natuurdierenapotheek-2\/supplementen-dier\/liposomal-glutathion\/\">glutathione<\/a>.<\/p>\n<\/div>\n<\/div>\n<div>\n<div class=\"standard-markdown grid-cols-1 grid [&amp;_&gt;_*]:min-w-0 gap-3\">\n<p class=\"font-claude-response-body break-words whitespace-normal leading-[1.7]\">Ar mhaith leat n\u00edos m\u00f3 a l\u00e9amh faoin gcaoi a n-oibr\u00edonn s\u00e9, faoin litr\u00edocht agus faoin gc\u00falra clinici\u00fail? Ansin l\u00e9igh an blag fairsing: <a href=\"https:\/\/www.ngdcare.nl\/blog\/co-enzym-q10-bij-hond-en-kat\/\">Coenzyme Q10 i madra\u00ed agus cait.<\/a> <\/p>\n<\/div>\n<\/div>\n<\/div>\n","protected":false},"excerpt":{"rendered":"<p>T\u00e1 160 mg Ubiquinone liposomal ag NGD Care Coenzyme Q10 agus t\u00e1 an t-ions\u00fa uasta aige. Riachtanach do th\u00e1irgeadh fuinnimh, sl\u00e1inte cro\u00ed, mitochondria, agus aisghabh\u00e1il.<\/p>\n","protected":false},"featured_media":17623,"comment_status":"open","ping_status":"closed","template":"","meta":[],"product_brand":[],"product_cat":[1890],"product_tag":[3530,1894,6162,6163,2569,6134,2311,2313,2075,1892,6182],"merken":[],"class_list":{"0":"post-11707","1":"product","2":"type-product","3":"status-publish","4":"has-post-thumbnail","6":"product_cat-forliontai-ortomoilineach","7":"product_tag-ag-dul-in-aois","8":"product_tag-cat-ga","9":"product_tag-coq10","10":"product_tag-croi","11":"product_tag-curam-ngd","12":"product_tag-duine","13":"product_tag-frithocsaideoir","14":"product_tag-fuinneamh","15":"product_tag-liposomach","16":"product_tag-madra","17":"product_tag-ubiquinone","18":"infinite-scroll-item","19":"sales-flash-overlay","20":"woocommerce-text-align-center","21":"woocommerce-image-align-center","22":"do-quantity-buttons","24":"first","25":"instock","26":"taxable","27":"shipping-taxable","28":"purchasable","29":"product-type-simple"},"_links":{"self":[{"href":"https:\/\/www.ngdcare.nl\/ga\/wp-json\/wp\/v2\/product\/11707","targetHints":{"allow":["GET"]}}],"collection":[{"href":"https:\/\/www.ngdcare.nl\/ga\/wp-json\/wp\/v2\/product"}],"about":[{"href":"https:\/\/www.ngdcare.nl\/ga\/wp-json\/wp\/v2\/types\/product"}],"replies":[{"embeddable":true,"href":"https:\/\/www.ngdcare.nl\/ga\/wp-json\/wp\/v2\/comments?post=11707"}],"wp:featuredmedia":[{"embeddable":true,"href":"https:\/\/www.ngdcare.nl\/ga\/wp-json\/wp\/v2\/media\/17623"}],"wp:attachment":[{"href":"https:\/\/www.ngdcare.nl\/ga\/wp-json\/wp\/v2\/media?parent=11707"}],"wp:term":[{"taxonomy":"product_brand","embeddable":true,"href":"https:\/\/www.ngdcare.nl\/ga\/wp-json\/wp\/v2\/product_brand?post=11707"},{"taxonomy":"product_cat","embeddable":true,"href":"https:\/\/www.ngdcare.nl\/ga\/wp-json\/wp\/v2\/product_cat?post=11707"},{"taxonomy":"product_tag","embeddable":true,"href":"https:\/\/www.ngdcare.nl\/ga\/wp-json\/wp\/v2\/product_tag?post=11707"},{"taxonomy":"merken","embeddable":true,"href":"https:\/\/www.ngdcare.nl\/ga\/wp-json\/wp\/v2\/merken?post=11707"}],"curies":[{"name":"wp","href":"https:\/\/api.w.org\/{rel}","templated":true}]}}