{"id":12459,"date":"2026-01-22T22:01:40","date_gmt":"2026-01-22T21:01:40","guid":{"rendered":"https:\/\/www.ngdcare.nl\/product\/uncategorized\/garda-parasite-dian\/"},"modified":"2026-04-09T14:13:30","modified_gmt":"2026-04-09T12:13:30","slug":"garda-parasite-dian","status":"publish","type":"product","link":"https:\/\/www.ngdcare.nl\/ga\/product\/cumhartheiripe\/garda-parasite-dian\/","title":{"rendered":"Garda Parasite \u2013 Dian"},"content":{"rendered":"<p data-start=\"1169\" data-end=\"1488\"><strong data-start=\"1169\" data-end=\"1196\">Forbra\u00edodh Intense Parasite Guard<\/strong> do mhadra\u00ed a dteasta\u00edonn taca\u00edocht bhreise uathu le strus sead\u00e1nacha ar an gconradh gastrointestinal. T\u00e1 measc\u00e1n cothrom de Ola S\u00edolta Pumpkin, Sliocht Quassia, Sliocht Duille Ol\u00f3ige agus bl\u00e1thola\u00ed <strong data-start=\"1364\" data-end=\"1444\">Oregano, Thyme, Cinnamon Leaf, Rosemary, Lus an Phiobair, Lavender agus Chamomile R\u00f3mh\u00e1nach<\/strong>, tuaslagtha in ola MCT le haghaidh ions\u00fa is fearr. <\/p>\n<p data-start=\"1490\" data-end=\"1797\">T\u00e1 na hola\u00ed seo ar eolas mar gheall ar a n-air\u00edonna leathana frithmhiocr\u00f3bacha agus frithsead\u00e1nacha agus \u00fas\u00e1idtear iad go traidisi\u00fanta chun tac\u00fa leis an timpeallacht intestinal i gc\u00e1s br\u00fa p\u00e9isteanna agus ualach protozoan. Mar gheall ar an d\u00e1ileog ch\u00faramach, t\u00e1 an fhoirmle f\u00f3s \u00e9ifeachtach agus s\u00e1bh\u00e1ilte do mhadra\u00ed, m\u00e1 chuirtear i bhfeidhm i gceart \u00e9. <\/p>\n<ul>\n<li data-start=\"461\" data-end=\"583\"><strong data-start=\"461\" data-end=\"479\">Cuireann oregano agus thyme<\/strong> le timpeallacht intestinal nach bhfuil chomh fabhrach do mhiocrorg\u00e1naigh agus parais\u00edt\u00ed nach dteasta\u00edonn.<\/li>\n<li data-start=\"586\" data-end=\"673\"><strong data-start=\"586\" data-end=\"600\">Taca\u00edonn duilleog cain\u00e9il<\/strong> leis an gcothroma\u00edocht mhiocr\u00f3bach agus cabhra\u00edonn s\u00e9 le cur isteach ar fhoirmi\u00fa bithscann\u00e1in.<\/li>\n<li data-start=\"676\" data-end=\"778\"><strong data-start=\"676\" data-end=\"690\">Taca\u00edonn Rosemary<\/strong> le d\u00edle\u00e1 agus feidhm bile, at\u00e1 riachtanach d&#8217;fheidhm bput\u00f3g shl\u00e1inti\u00fail.<\/li>\n<li data-start=\"781\" data-end=\"859\"><strong data-start=\"781\" data-end=\"794\">Cuireann lus an phiobair<\/strong> le gn\u00e1thghluaiseacht bput\u00f3g agus laghda\u00edonn s\u00e9 m\u00edchompord.<\/li>\n<li data-start=\"862\" data-end=\"961\">Sol\u00e1thra\u00edonn <strong data-start=\"862\" data-end=\"892\">Lavender agus chamomile R\u00f3mh\u00e1nach<\/strong> softening agus tolerability n\u00edos fearr ar an bhfoirmle.<\/li>\n<\/ul>\n<p data-start=\"1799\" data-end=\"2053\">T\u00e1 Intense Parasite Guard beartaithe mar <strong data-start=\"1838\" data-end=\"1862\">ghn\u00edomhaire taca\u00edochta<\/strong>, n\u00ed mar athshol\u00e1thar do ch\u00f3ire\u00e1il tr\u00e9idliachta rialta, agus lu\u00edonn s\u00e9 go foirfe laistigh de <a href=\"https:\/\/www.ngdcare.nl\/ga\/product\/dilea\/protacal-bputog\/\"><strong data-start=\"1959\" data-end=\"1987\">phr\u00f3tacal bput\u00f3g comhth\u00e1ite<\/strong><\/a>, an <a href=\"https:\/\/www.ngdcare.nl\/ga\/product\/protacail\/protacal-giardia\/\">pr\u00f3tacal giardia<\/a> n\u00f3, mar shampla, i gcomhcheangal le <strong data-start=\"2020\" data-end=\"2052\"><a href=\"https:\/\/www.ngdcare.nl\/ga\/product\/dilea\/nac-berberine-para-glan\/\">Para Clean<\/a>.<\/strong><\/p>\n<p class=\"p3\"><b>N\u00edl s\u00e9 oiri\u00fanach do chait.<\/b><\/p>\n","protected":false},"excerpt":{"rendered":"<p>Is foirmle ola cumhachtach, n\u00e1d\u00fartha \u00e9 <strong>NGD Care Intense Parasite Guard<\/strong> chun tac\u00fa le cothroma\u00edocht intestinal i madra\u00ed le br\u00fa sead\u00e1nach, mar shampla p\u00e9isteanna agus protozoa (lena n-\u00e1ir\u00edtear Giardia). Oibr\u00edonn an measc\u00e1n c\u00faramach de bl\u00e1thola\u00ed i d\u00e1ileog at\u00e1 s\u00e1bh\u00e1ilte do mhadra\u00ed go sineirgisteach le <a href=\"https:\/\/www.ngdcare.nl\/ga\/product\/protacail\/protacal-giardia\/\">pr\u00f3tacal<\/a> NGD Care <a href=\"https:\/\/www.ngdcare.nl\/ga\/product\/dilea\/nac-berberine-para-glan\/\">Para Clean<\/a> n\u00f3 giardia. <\/p>\n","protected":false},"featured_media":12462,"comment_status":"open","ping_status":"closed","template":"","meta":{"wds_primary_product_brand":0,"wds_primary_product_cat":0,"wds_primary_merken":0},"product_brand":[],"product_cat":[1810],"product_tag":[6531,6525,6529,6527,6533,6535,5645,2888],"merken":[],"class_list":{"0":"post-12459","1":"product","2":"type-product","3":"status-publish","4":"has-post-thumbnail","6":"product_cat-cumhartheiripe","7":"product_tag-madra-deworming-nadurtha","8":"product_tag-madra-garda-paraisiti","9":"product_tag-madra-giardia","10":"product_tag-madra-peisteanna","11":"product_tag-madra-protacal-intestinal","12":"product_tag-ola-riachtanach-madrai","13":"product_tag-para-glan","14":"product_tag-paraisiti","15":"infinite-scroll-item","16":"sales-flash-overlay","17":"woocommerce-text-align-center","18":"woocommerce-image-align-center","19":"do-quantity-buttons","21":"first","22":"instock","23":"taxable","24":"shipping-taxable","25":"purchasable","26":"product-type-simple"},"_links":{"self":[{"href":"https:\/\/www.ngdcare.nl\/ga\/wp-json\/wp\/v2\/product\/12459","targetHints":{"allow":["GET"]}}],"collection":[{"href":"https:\/\/www.ngdcare.nl\/ga\/wp-json\/wp\/v2\/product"}],"about":[{"href":"https:\/\/www.ngdcare.nl\/ga\/wp-json\/wp\/v2\/types\/product"}],"replies":[{"embeddable":true,"href":"https:\/\/www.ngdcare.nl\/ga\/wp-json\/wp\/v2\/comments?post=12459"}],"wp:featuredmedia":[{"embeddable":true,"href":"https:\/\/www.ngdcare.nl\/ga\/wp-json\/wp\/v2\/media\/12462"}],"wp:attachment":[{"href":"https:\/\/www.ngdcare.nl\/ga\/wp-json\/wp\/v2\/media?parent=12459"}],"wp:term":[{"taxonomy":"product_brand","embeddable":true,"href":"https:\/\/www.ngdcare.nl\/ga\/wp-json\/wp\/v2\/product_brand?post=12459"},{"taxonomy":"product_cat","embeddable":true,"href":"https:\/\/www.ngdcare.nl\/ga\/wp-json\/wp\/v2\/product_cat?post=12459"},{"taxonomy":"product_tag","embeddable":true,"href":"https:\/\/www.ngdcare.nl\/ga\/wp-json\/wp\/v2\/product_tag?post=12459"},{"taxonomy":"merken","embeddable":true,"href":"https:\/\/www.ngdcare.nl\/ga\/wp-json\/wp\/v2\/merken?post=12459"}],"curies":[{"name":"wp","href":"https:\/\/api.w.org\/{rel}","templated":true}]}}