{"id":12501,"date":"2026-01-22T23:00:21","date_gmt":"2026-01-22T22:00:21","guid":{"rendered":"https:\/\/www.ngdcare.nl\/product\/uncategorized\/codladh-aisling\/"},"modified":"2026-01-26T21:52:24","modified_gmt":"2026-01-26T20:52:24","slug":"codladh-aisling","status":"publish","type":"product","link":"https:\/\/www.ngdcare.nl\/ga\/product\/cumhartheiripe\/codladh-aisling\/","title":{"rendered":"Codladh &amp; Aisling"},"content":{"rendered":"<p class=\"p1\">T\u00e9ann codladh maith o\u00edche n\u00edos faide n\u00e1 codladh. I rith na ho\u00edche, pr\u00f3ise\u00e1lann an corp spreagtha\u00ed, moth\u00fach\u00e1in agus teannas \u00f3n l\u00e1. I gc\u00e1s struis, \u00edogaireachta n\u00f3 r\u00f3-spreagadh, d&#8217;fh\u00e9adfadh codladh m\u00edshuaimhneach, d\u00faiseacht o\u00edche n\u00f3 briongl\u00f3id dhian a bheith mar thoradh air seo.  <\/p>\n<p class=\"p1\"><span class=\"s1\"><b>T\u00e1 Sleep &amp; Dream<\/b><\/span> deartha chun an corp agus an n\u00e9arch\u00f3ras a threor\u00fa tr\u00edd an gc\u00e9im o\u00edche seo. Taca\u00edonn an measc\u00e1n de lavender, chamomile R\u00f3mh\u00e1nach, frankincense, cedarwood, mandair\u00ednis agus vetiver le sc\u00edth a ligean gan numbing. T\u00e1 \u00e9ifeacht tal\u00fan r\u00e9idh ag an boladh, tugann s\u00e9 moth\u00fa sl\u00e1nd\u00e1la agus cabhra\u00edonn s\u00e9 leis an gcorp aistri\u00fa go t\u00e9arnamh agus sc\u00edth.  <\/p>\n<p class=\"p1\">T\u00e1 an sorc\u00f3ir seo oiri\u00fanach go h\u00e1irithe do:<\/p>\n<ul>\n<li class=\"p1\">Leana\u00ed \u00edogaire (HSP)<\/li>\n<li class=\"p1\">daoine f\u00e1sta le strus n\u00f3 ceann ioml\u00e1n<\/li>\n<li class=\"p1\">ainmhithe at\u00e1 m\u00edshuaimhneach san o\u00edche<\/li>\n<li class=\"p1\">tr\u00e9imhs\u00ed teannais, athraithe n\u00f3 tinte eala\u00edne<\/li>\n<\/ul>\n<h4><b>T\u00e1sca<\/b><\/h4>\n<ul>\n<li class=\"p1\">Deacracht ag titim ina chodladh<\/li>\n<li class=\"p1\">Codladh m\u00edshuaimhneach n\u00f3 \u00e9adrom<\/li>\n<li class=\"p1\">O\u00edche ag d\u00faiseacht<\/li>\n<li class=\"p1\">Briongl\u00f3id\u00ed dian n\u00f3 tromlu\u00ed<\/li>\n<li class=\"p1\">Strus, teannas n\u00f3 r\u00f3-spreagadh<\/li>\n<\/ul>\n<p>&nbsp;<\/p>\n","protected":false},"excerpt":{"rendered":"<p class=\"p1\">Is sorc\u00f3ir ola riachtanach \u00e9 <b>Sleep and Dream <\/b>a thaca\u00edonn leis an n\u00e9arch\u00f3ras i rith na ho\u00edche. Cuid\u00edonn an measc\u00e1n seo le titim ina chodladh suaimhneach, codladh n\u00edos s\u00edoch\u00e1nta agus briongl\u00f3id\u00ed m\u00edshuaimhneach n\u00f3 diana a mhaol\u00fa. Oiri\u00fanach do dhaoine f\u00e1sta, leana\u00ed agus madra\u00ed.  <\/p>\n","protected":false},"featured_media":12504,"comment_status":"open","ping_status":"closed","template":"","meta":[],"product_brand":[],"product_cat":[1810,6413],"product_tag":[6609,2482,5728,6002,3491,6613,6616,1892,6414,6611,2137,6608],"merken":[],"class_list":{"0":"post-12501","1":"product","2":"type-product","3":"status-publish","4":"has-post-thumbnail","6":"product_cat-cumhartheiripe","7":"product_cat-blatholai","8":"product_tag-aislingi","9":"product_tag-caitheamh-aimsire","10":"product_tag-codladh","11":"product_tag-codladh-2","12":"product_tag-coras-nearog","13":"product_tag-hsp","14":"product_tag-leanbh","15":"product_tag-madra","16":"product_tag-ola-riachtanach","17":"product_tag-sorcoir","18":"product_tag-strus","19":"product_tag-tromlui","20":"infinite-scroll-item","21":"sales-flash-overlay","22":"woocommerce-text-align-center","23":"woocommerce-image-align-center","24":"do-quantity-buttons","26":"first","27":"instock","28":"taxable","29":"shipping-taxable","30":"purchasable","31":"product-type-simple"},"_links":{"self":[{"href":"https:\/\/www.ngdcare.nl\/ga\/wp-json\/wp\/v2\/product\/12501","targetHints":{"allow":["GET"]}}],"collection":[{"href":"https:\/\/www.ngdcare.nl\/ga\/wp-json\/wp\/v2\/product"}],"about":[{"href":"https:\/\/www.ngdcare.nl\/ga\/wp-json\/wp\/v2\/types\/product"}],"replies":[{"embeddable":true,"href":"https:\/\/www.ngdcare.nl\/ga\/wp-json\/wp\/v2\/comments?post=12501"}],"wp:featuredmedia":[{"embeddable":true,"href":"https:\/\/www.ngdcare.nl\/ga\/wp-json\/wp\/v2\/media\/12504"}],"wp:attachment":[{"href":"https:\/\/www.ngdcare.nl\/ga\/wp-json\/wp\/v2\/media?parent=12501"}],"wp:term":[{"taxonomy":"product_brand","embeddable":true,"href":"https:\/\/www.ngdcare.nl\/ga\/wp-json\/wp\/v2\/product_brand?post=12501"},{"taxonomy":"product_cat","embeddable":true,"href":"https:\/\/www.ngdcare.nl\/ga\/wp-json\/wp\/v2\/product_cat?post=12501"},{"taxonomy":"product_tag","embeddable":true,"href":"https:\/\/www.ngdcare.nl\/ga\/wp-json\/wp\/v2\/product_tag?post=12501"},{"taxonomy":"merken","embeddable":true,"href":"https:\/\/www.ngdcare.nl\/ga\/wp-json\/wp\/v2\/merken?post=12501"}],"curies":[{"name":"wp","href":"https:\/\/api.w.org\/{rel}","templated":true}]}}