{"id":12532,"date":"2026-01-22T23:14:23","date_gmt":"2026-01-22T22:14:23","guid":{"rendered":"https:\/\/www.ngdcare.nl\/product\/uncategorized\/iarmheid-hormonach-fireann\/"},"modified":"2026-04-12T21:35:44","modified_gmt":"2026-04-12T19:35:44","slug":"iarmheid-hormonach-fireann","status":"publish","type":"product","link":"https:\/\/www.ngdcare.nl\/ga\/product\/cumhartheiripe\/iarmheid-hormonach-fireann\/","title":{"rendered":"Iarmh\u00e9id Horm\u00f3nach \u2013 Fireann"},"content":{"rendered":"<p class=\"p1\">Is f\u00e9idir le luaineachta\u00ed horm\u00f3nacha a bheith ina ch\u00fais le m\u00edshuaimhneas, socr\u00fa, iompar ceannasach, marc\u00e1il iomarcach n\u00f3 deacracht a athr\u00fa i madra\u00ed fireann. Is annamh a bh\u00edonn an t-iompar seo &#8220;oideachas\u00fail&#8221;, ach is minic a bh\u00edonn s\u00e9 mar thoradh ar <span class=\"s1\"><b>ch\u00f3ras horm\u00f3nach agus struis r\u00f3ghn\u00edomhach<\/b><\/span>. <\/p>\n<p class=\"p1\"><span class=\"s1\"><b>Iarmh\u00e9id Horm\u00f3nach \u2013 Is<\/b><\/span> sorc\u00f3ir cumhartheiripe a fhoirml\u00edtear go c\u00faramach \u00e9 Fireann a thaca\u00edonn leis an gcomhlacht tr\u00ed na c\u00e9imeanna horm\u00f3nacha seo. T\u00e1 \u00e9ifeacht n\u00edos doimhne ag an measc\u00e1n ar an <span class=\"s1\"><b>n\u00e9arch\u00f3ras agus ar an bhfreagairt strus horm\u00f3nach<\/b><\/span>, agus cabhra\u00edonn s\u00e9 le madra\u00ed fireann taith\u00ed a fh\u00e1il ar sh\u00edoch\u00e1in, f\u00f3cas agus teorainn ar\u00eds. <\/p>\n<p class=\"p1\">T\u00e1 an comhdh\u00e9anamh <span class=\"s1\"><b>neamhghn\u00edomhachtaithe<\/b><\/span> d&#8217;aon ghn\u00f3 agus saor \u00f3 ola\u00ed citris spreagtha. F\u00e1gann s\u00e9 seo go bhfuil an sorc\u00f3ir oiri\u00fanach le h\u00fas\u00e1id go laeth\u00fail i gc\u00e1s corra\u00edl horm\u00f3nach, gan an t-ainmh\u00ed a mhaol\u00fa n\u00f3 a athr\u00fa. <\/p>\n<ul>\n<li class=\"p1\"><b>Cedarwood <\/b><span class=\"s1\"> \u2013 Teorainn, Cobhsa\u00edocht<\/span><\/li>\n<li class=\"p1\"><span class=\"s1\"><b>Vetiver <\/b><\/span> \u2013 gn\u00edomhacht\u00fa parasympathetic domhain<\/li>\n<li class=\"p1\"><span class=\"s1\"><b>Marjoram <\/b><\/span> \u2013 sc\u00edthe, cosc r\u00f3-ghn\u00edomhachtaithe<\/li>\n<li class=\"p1\"><b>Lavender <\/b><span class=\"s1\"> \u2013 sc\u00edth, sc\u00edth a ligean<\/span><\/li>\n<li class=\"p1\"><b>Frankincense <\/b><span class=\"s1\">\u2013 rial\u00e1il neuro-horm\u00f3nach<\/span><\/li>\n<\/ul>\n<h4><b>Taca\u00edochta\u00ed i<\/b><\/h4>\n<ul>\n<li class=\"p1\">Hipirghn\u00e9asacht<\/li>\n<li class=\"p1\">Iompar ceannasach n\u00f3 impulsive<\/li>\n<li class=\"p1\">suaitheadh horm\u00f3nach<\/li>\n<li class=\"p1\">Droch-aistri\u00fa<\/li>\n<li class=\"p1\">M\u00edshuaimhneas faoi l\u00e1ithreacht soith\u00ed i dteas<\/li>\n<\/ul>\n","protected":false},"excerpt":{"rendered":"<p class=\"p1\">Taca\u00edonn s\u00e9 le madra\u00ed fireann le suaitheadh horm\u00f3nach, iompar hipirghn\u00e9asach agus frithghn\u00edomhartha lasctha ceannasacha n\u00f3 droch. <span class=\"s1\"><b>Cothroma\u00edocht Horm\u00f3nach \u2013 Cuid\u00edonn fireann<\/b><\/span> leis an n\u00e9arch\u00f3ras i madra\u00ed fireann a mhaol\u00fa agus taca\u00edonn s\u00e9 le teorainn n\u00e1d\u00fartha, gan numbing n\u00f3 faoi chois.<\/p>\n","protected":false},"featured_media":12533,"comment_status":"open","ping_status":"closed","template":"","meta":{"wds_primary_product_brand":0,"wds_primary_product_cat":0,"wds_primary_merken":0},"product_brand":[],"product_cat":[1810],"product_tag":[6682,6683,6685,6684,7854,6686],"merken":[],"class_list":{"0":"post-12532","1":"product","2":"type-product","3":"status-publish","4":"has-post-thumbnail","6":"product_cat-cumhartheiripe","7":"product_tag-cothromaiocht-hormonach-fireann","8":"product_tag-madra-ceannasach","9":"product_tag-madra-cumhartheiripe","10":"product_tag-madra-hipirghneasachta","11":"product_tag-strus-agus-iompar","12":"product_tag-tacaiocht-iompraiochta","13":"infinite-scroll-item","14":"sales-flash-overlay","15":"woocommerce-text-align-center","16":"woocommerce-image-align-center","17":"do-quantity-buttons","19":"first","20":"instock","21":"taxable","22":"shipping-taxable","23":"purchasable","24":"product-type-simple"},"_links":{"self":[{"href":"https:\/\/www.ngdcare.nl\/ga\/wp-json\/wp\/v2\/product\/12532","targetHints":{"allow":["GET"]}}],"collection":[{"href":"https:\/\/www.ngdcare.nl\/ga\/wp-json\/wp\/v2\/product"}],"about":[{"href":"https:\/\/www.ngdcare.nl\/ga\/wp-json\/wp\/v2\/types\/product"}],"replies":[{"embeddable":true,"href":"https:\/\/www.ngdcare.nl\/ga\/wp-json\/wp\/v2\/comments?post=12532"}],"wp:featuredmedia":[{"embeddable":true,"href":"https:\/\/www.ngdcare.nl\/ga\/wp-json\/wp\/v2\/media\/12533"}],"wp:attachment":[{"href":"https:\/\/www.ngdcare.nl\/ga\/wp-json\/wp\/v2\/media?parent=12532"}],"wp:term":[{"taxonomy":"product_brand","embeddable":true,"href":"https:\/\/www.ngdcare.nl\/ga\/wp-json\/wp\/v2\/product_brand?post=12532"},{"taxonomy":"product_cat","embeddable":true,"href":"https:\/\/www.ngdcare.nl\/ga\/wp-json\/wp\/v2\/product_cat?post=12532"},{"taxonomy":"product_tag","embeddable":true,"href":"https:\/\/www.ngdcare.nl\/ga\/wp-json\/wp\/v2\/product_tag?post=12532"},{"taxonomy":"merken","embeddable":true,"href":"https:\/\/www.ngdcare.nl\/ga\/wp-json\/wp\/v2\/merken?post=12532"}],"curies":[{"name":"wp","href":"https:\/\/api.w.org\/{rel}","templated":true}]}}