{"id":12544,"date":"2026-01-22T23:26:52","date_gmt":"2026-01-22T22:26:52","guid":{"rendered":"https:\/\/www.ngdcare.nl\/product\/uncategorized\/iarmheid-hormonach-mna\/"},"modified":"2026-04-12T21:34:23","modified_gmt":"2026-04-12T19:34:23","slug":"iarmheid-hormonach-mna","status":"publish","type":"product","link":"https:\/\/www.ngdcare.nl\/ga\/product\/cumhartheiripe\/iarmheid-hormonach-mna\/","title":{"rendered":"Iarmh\u00e9id Horm\u00f3nach \u2013 Mn\u00e1"},"content":{"rendered":"<p>Is pr\u00f3isis n\u00e1d\u00fartha iad teas agus toircheas br\u00e9agach, ach is f\u00e9idir athruithe soil\u00e9ire iompra\u00edochta agus foll\u00e1ine a bheith ag gabh\u00e1il leo i roinnt soith\u00ed. Smaoinigh ar neamhsh\u00e1bh\u00e1ilteacht, eagla, iompar aistarraingthe, lethargy n\u00f3 lability moth\u00fach\u00e1nach. <\/p>\n<p class=\"p1\"><span class=\"s1\"><b>Cothroma\u00edocht Horm\u00f3nach \u2013 T\u00e1 baineann <\/b><\/span>forbartha chun tac\u00fa leis an gcomhlacht le linn na gc\u00e9imeanna horm\u00f3nacha seo ar <span class=\"s1\"><b>bhealach milis agus rial\u00e1la<\/b><\/span> . D\u00edr\u00edonn an measc\u00e1n cumhartheiripe ar an <span class=\"s1\"><b>gc\u00f3ras strus horm\u00f3nach agus ar chobhsa\u00edocht mhoth\u00fach\u00e1nach<\/b><\/span>, gan numbing n\u00f3 cur isteach ar phr\u00f3isis n\u00e1d\u00fartha. <\/p>\n<p class=\"p1\">T\u00e1 an sorc\u00f3ir seo oiri\u00fanach le h\u00fas\u00e1id go sealadach timpeall beanna horm\u00f3nacha agus is f\u00e9idir \u00e9 a \u00fas\u00e1id freisin le haghaidh soith\u00ed \u00edogair n\u00f3 imoibr\u00edoch go moth\u00fach\u00e1nach.<\/p>\n<h4><b>Comhdh\u00e9anamh<\/b><\/h4>\n<ul>\n<li><strong><span class=\"s1\">Clary Sage<\/span><\/strong> \u2013 cothroma\u00edocht horm\u00f3nach, rial\u00e1il<\/li>\n<li class=\"p1\"><strong><span class=\"s1\">Geranium<\/span><\/strong> \u2013 cobhsa\u00edocht inchr\u00edneach agus mhoth\u00fach\u00e1nach<\/li>\n<li class=\"p1\"><strong>Lavender<\/strong> <span class=\"s1\">\u2013 s\u00edoch\u00e1in, s\u00e1bh\u00e1ilteacht<\/span><\/li>\n<li class=\"p1\"><strong><span class=\"s1\">Chamomile R\u00f3mh\u00e1nach <\/span><\/strong>\u2013 taca\u00edocht mhoth\u00fach\u00e1nach suaimhneach<\/li>\n<li class=\"p1\"><strong>Frankincense<\/strong> <span class=\"s1\"><span class=\"s1\">\u2013 comhth\u00e1th\u00fa agus rial\u00e1il<\/span><\/span><\/li>\n<\/ul>\n<h4><b>Taca\u00edochta\u00ed i<\/b><\/h4>\n<ul>\n<li class=\"p1\">Teas<\/li>\n<li class=\"p1\">Toircheas br\u00e9agach<\/li>\n<li class=\"p1\">luaineachta\u00ed horm\u00f3nacha<\/li>\n<li class=\"p1\">\u00c9iginnteacht mhoth\u00fach\u00e1nach<\/li>\n<li class=\"p1\">Lethargy n\u00f3 iompar aistarraingthe<\/li>\n<\/ul>\n<p>&nbsp;<\/p>\n","protected":false},"excerpt":{"rendered":"<p class=\"p1\">Cumhartheiripe milis chun tac\u00fa le soith\u00ed le luaineachta\u00ed horm\u00f3nacha timpeall teas agus toirchis bhr\u00e9agach. <span class=\"s1\"><b>Cothroma\u00edocht Horm\u00f3nach \u2013 Cuid\u00edonn baineann <\/b><\/span>le \u00e9agobhsa\u00edocht mhoth\u00fach\u00e1nach, imn\u00ed agus lethargy a chothrom\u00fa.<\/p>\n","protected":false},"featured_media":12546,"comment_status":"open","ping_status":"closed","template":"","meta":{"wds_primary_product_brand":0,"wds_primary_product_cat":0,"wds_primary_merken":0},"product_brand":[],"product_cat":[1810],"product_tag":[6710,6716,6712,6714,6708,7854],"merken":[],"class_list":{"0":"post-12544","1":"product","2":"type-product","3":"status-publish","4":"has-post-thumbnail","6":"product_cat-cumhartheiripe","7":"product_tag-madra-i-dteas","8":"product_tag-madra-tacaiochta-mothuchanach","9":"product_tag-madra-toirchis-breagach","10":"product_tag-soith-cumhartheiripe","11":"product_tag-soith-iarmheid-hormonach","12":"product_tag-strus-agus-iompar","13":"infinite-scroll-item","14":"sales-flash-overlay","15":"woocommerce-text-align-center","16":"woocommerce-image-align-center","17":"do-quantity-buttons","19":"first","20":"instock","21":"taxable","22":"shipping-taxable","23":"purchasable","24":"product-type-simple"},"_links":{"self":[{"href":"https:\/\/www.ngdcare.nl\/ga\/wp-json\/wp\/v2\/product\/12544","targetHints":{"allow":["GET"]}}],"collection":[{"href":"https:\/\/www.ngdcare.nl\/ga\/wp-json\/wp\/v2\/product"}],"about":[{"href":"https:\/\/www.ngdcare.nl\/ga\/wp-json\/wp\/v2\/types\/product"}],"replies":[{"embeddable":true,"href":"https:\/\/www.ngdcare.nl\/ga\/wp-json\/wp\/v2\/comments?post=12544"}],"wp:featuredmedia":[{"embeddable":true,"href":"https:\/\/www.ngdcare.nl\/ga\/wp-json\/wp\/v2\/media\/12546"}],"wp:attachment":[{"href":"https:\/\/www.ngdcare.nl\/ga\/wp-json\/wp\/v2\/media?parent=12544"}],"wp:term":[{"taxonomy":"product_brand","embeddable":true,"href":"https:\/\/www.ngdcare.nl\/ga\/wp-json\/wp\/v2\/product_brand?post=12544"},{"taxonomy":"product_cat","embeddable":true,"href":"https:\/\/www.ngdcare.nl\/ga\/wp-json\/wp\/v2\/product_cat?post=12544"},{"taxonomy":"product_tag","embeddable":true,"href":"https:\/\/www.ngdcare.nl\/ga\/wp-json\/wp\/v2\/product_tag?post=12544"},{"taxonomy":"merken","embeddable":true,"href":"https:\/\/www.ngdcare.nl\/ga\/wp-json\/wp\/v2\/merken?post=12544"}],"curies":[{"name":"wp","href":"https:\/\/api.w.org\/{rel}","templated":true}]}}