{"id":12671,"date":"2026-01-23T09:13:52","date_gmt":"2026-01-23T08:13:52","guid":{"rendered":"https:\/\/www.ngdcare.nl\/product\/uncategorized\/tacaiocht-itch\/"},"modified":"2026-04-09T14:06:59","modified_gmt":"2026-04-09T12:06:59","slug":"tacaiocht-itch","status":"publish","type":"product","link":"https:\/\/www.ngdcare.nl\/ga\/product\/veterinary-health\/cumhartheiripe\/tacaiocht-itch\/","title":{"rendered":"Taca\u00edocht Itch"},"content":{"rendered":"<p data-start=\"966\" data-end=\"1279\">Is sprae\u00e1la uisce-bhunaithe \u00e9 NGD Care <strong>Itch Support<\/strong> a thaca\u00edonn go n\u00e1d\u00fartha le craiceann madra\u00ed agus cait le itching agus greann\u00fa. Comhcheangla\u00edonn an fhoirmle <strong data-start=\"1153\" data-end=\"1201\">ceithre bl\u00e1thola cumhachtacha, ach milis<\/strong> le <strong data-start=\"1206\" data-end=\"1245\">pl\u00far coirce coll\u00f3ideach (Avena sativa)<\/strong> agus <strong data-start=\"1249\" data-end=\"1278\">al\u00f3 vera tiubhaithe<\/strong>. Gach comh\u00e1bhar le h\u00e9ifeacht taca\u00edochta cruthaithe, gan breise\u00e1in gan gh\u00e1.  <\/p>\n<ul>\n<li data-start=\"2307\" data-end=\"2415\"><strong data-start=\"2307\" data-end=\"2344\">Lavender <\/strong> \u2013 taca\u00edonn s\u00e9 le sc\u00edth a ligean ar an gcraiceann agus cabhra\u00edonn s\u00e9 le tarchur spreagtha<\/li>\n<li data-start=\"2418\" data-end=\"2519\"><strong data-start=\"2418\" data-end=\"2453\">Copaiba <\/strong> \u2013 taca\u00edonn s\u00e9 le rial\u00e1il n\u00e1d\u00fartha pr\u00f3isis athlastacha<\/li>\n<li data-start=\"2522\" data-end=\"2620\"><strong data-start=\"2522\" data-end=\"2555\">Blue Tansy <\/strong> \u2013 t\u00e1 chamazulene, ar a dtugtar a air\u00edonna soothing<\/li>\n<li data-start=\"2623\" data-end=\"2685\"><strong data-start=\"2623\" data-end=\"2647\">Helichrysum <\/strong> \u2013 taca\u00edonn s\u00e9 le deisi\u00fa craiceann agus cothroma\u00edocht<\/li>\n<li data-start=\"2716\" data-end=\"2828\"><strong data-start=\"2716\" data-end=\"2755\">Pl\u00far coirce <\/strong> \u2013 saibhir i avenanthramides, ar a dtugtar a n-air\u00edonna suaimhneach craiceann<\/li>\n<li data-start=\"2831\" data-end=\"2923\"><strong data-start=\"2831\" data-end=\"2858\">Al\u00f3 vera<\/strong> \u2013 taca\u00edocht tiubhaithe do hiodr\u00e1iti\u00fa agus compord craiceann<\/li>\n<\/ul>\n<p data-start=\"1498\" data-end=\"1550\">Is f\u00e9idir an sprae\u00e1la seo a \u00fas\u00e1id chun tac\u00fa leis an m\u00e9id seo a leanas:<\/p>\n<ul>\n<li data-start=\"1553\" data-end=\"1595\">Itching mar gheall ar aill\u00e9irg\u00ed n\u00f3 hipir\u00edogaireacht<\/li>\n<li data-start=\"1598\" data-end=\"1629\">Deargadh agus craiceann irritated<\/li>\n<li data-start=\"1632\" data-end=\"1666\">Bites feithid\u00ed n\u00f3 frithghn\u00edomhartha teagmh\u00e1la<\/li>\n<li data-start=\"1669\" data-end=\"1700\">Gear\u00e1in chraicinn s\u00e9as\u00faracha<\/li>\n<li data-start=\"1703\" data-end=\"1740\">Craiceann tirim, daingean n\u00f3 \u00edogair<\/li>\n<\/ul>\n<p data-start=\"1742\" data-end=\"1777\">Oiri\u00fanach do <strong>dhaoine, madra\u00ed agus cait.<\/strong> Oireann an taca\u00edocht Itch go deas in\u00e1r <a href=\"https:\/\/www.ngdcare.nl\/ga\/product\/protacail\/protacal-craicinn\/\">bpr\u00f3tacal craicinn<\/a> mar fhaoiseamh siompt\u00f3mach. <\/p>\n","protected":false},"excerpt":{"rendered":"<p>Sprae\u00e1la itch \u00e9adrom ach \u00e9ifeachtach do mhadra\u00ed agus cait, a forbra\u00edodh \u00f3 bl\u00e1thola\u00ed agus sleachta planda\u00ed. Taca\u00edonn Sprae Taca\u00edochta Itch Dian le t\u00e9arnamh n\u00e1d\u00fartha an chraiceann agus cabhra\u00edonn s\u00e9 le itching, deargadh agus greann\u00fa craicinn de bharr aill\u00e9irg\u00ed, greimeanna feithid\u00ed n\u00f3 craiceann \u00edogair a mhaol\u00fa. <\/p>\n","protected":false},"featured_media":12676,"comment_status":"open","ping_status":"closed","template":"","meta":{"wds_primary_product_brand":0,"wds_primary_product_cat":0,"wds_primary_merken":0},"product_brand":[],"product_cat":[1810,6413],"product_tag":[6885,6883,6886,6881,6876,7860,2569,6880,6879,6874,6878],"merken":[],"class_list":{"0":"post-12671","1":"product","2":"type-product","3":"status-publish","4":"has-post-thumbnail","6":"product_cat-cumhartheiripe","7":"product_cat-blatholai","8":"product_tag-alo-vera","9":"product_tag-avena-sativa","10":"product_tag-blatholai-ainmhithe","11":"product_tag-cat-greannu-craicinn","12":"product_tag-cat-itching","13":"product_tag-craiceann-ailleirge","14":"product_tag-curam-ngd","15":"product_tag-madra-ailleirge","16":"product_tag-madra-craiceann-iogair","17":"product_tag-madra-itching","18":"product_tag-spraeala-itch-nadurtha","19":"infinite-scroll-item","20":"sales-flash-overlay","21":"woocommerce-text-align-center","22":"woocommerce-image-align-center","23":"do-quantity-buttons","25":"first","26":"instock","27":"taxable","28":"shipping-taxable","29":"purchasable","30":"product-type-simple"},"_links":{"self":[{"href":"https:\/\/www.ngdcare.nl\/ga\/wp-json\/wp\/v2\/product\/12671","targetHints":{"allow":["GET"]}}],"collection":[{"href":"https:\/\/www.ngdcare.nl\/ga\/wp-json\/wp\/v2\/product"}],"about":[{"href":"https:\/\/www.ngdcare.nl\/ga\/wp-json\/wp\/v2\/types\/product"}],"replies":[{"embeddable":true,"href":"https:\/\/www.ngdcare.nl\/ga\/wp-json\/wp\/v2\/comments?post=12671"}],"wp:featuredmedia":[{"embeddable":true,"href":"https:\/\/www.ngdcare.nl\/ga\/wp-json\/wp\/v2\/media\/12676"}],"wp:attachment":[{"href":"https:\/\/www.ngdcare.nl\/ga\/wp-json\/wp\/v2\/media?parent=12671"}],"wp:term":[{"taxonomy":"product_brand","embeddable":true,"href":"https:\/\/www.ngdcare.nl\/ga\/wp-json\/wp\/v2\/product_brand?post=12671"},{"taxonomy":"product_cat","embeddable":true,"href":"https:\/\/www.ngdcare.nl\/ga\/wp-json\/wp\/v2\/product_cat?post=12671"},{"taxonomy":"product_tag","embeddable":true,"href":"https:\/\/www.ngdcare.nl\/ga\/wp-json\/wp\/v2\/product_tag?post=12671"},{"taxonomy":"merken","embeddable":true,"href":"https:\/\/www.ngdcare.nl\/ga\/wp-json\/wp\/v2\/merken?post=12671"}],"curies":[{"name":"wp","href":"https:\/\/api.w.org\/{rel}","templated":true}]}}