{"id":12784,"date":"2026-01-25T22:17:39","date_gmt":"2026-01-25T21:17:39","guid":{"rendered":"https:\/\/www.ngdcare.nl\/product\/uncategorized\/tacaiocht-grief\/"},"modified":"2026-01-26T20:57:16","modified_gmt":"2026-01-26T19:57:16","slug":"tacaiocht-grief","status":"publish","type":"product","link":"https:\/\/www.ngdcare.nl\/ga\/product\/cumhartheiripe\/tacaiocht-grief\/","title":{"rendered":"Taca\u00edocht Grief"},"content":{"rendered":"<p data-start=\"375\" data-end=\"745\">Is f\u00e9idir le caillteanas, athr\u00fa n\u00f3 sl\u00e1n tionchar m\u00f3r a imirt ar ainmhithe. Smaoinigh ar chailli\u00faint cara, bogadh, athr\u00fa i gcomhdh\u00e9anamh teaghlaigh n\u00f3 easpa fadt\u00e9armach duine iontaofa. <br data-start=\"585\" data-end=\"588\">Is measc\u00e1n cumhartheiripe \u00e9 <strong data-start=\"588\" data-end=\"605\">Grief Support<\/strong> a thaca\u00edonn go r\u00e9idh le hainmhithe i <strong data-start=\"700\" data-end=\"744\">gcaoineadh, br\u00f3n agus m\u00edrial\u00e1il mhoth\u00fach\u00e1nach<\/strong>.<\/p>\n<p data-start=\"747\" data-end=\"889\">N\u00edl \u00e9ifeacht t\u00e1mhshuanacha ag an measc\u00e1n seo, ach <strong data-start=\"785\" data-end=\"828\">compordach, suaimhneach agus cobhs\u00fa<\/strong>, agus cabhra\u00edonn s\u00e9 le hainmhithe moth\u00fach\u00e1in a phr\u00f3ise\u00e1il ar a luas f\u00e9in.<\/p>\n<h4 data-start=\"896\" data-end=\"927\"><strong data-start=\"900\" data-end=\"927\">Comhdh\u00e9anamh<\/strong><\/h4>\n<ul>\n<li data-start=\"931\" data-end=\"1044\"><strong data-start=\"931\" data-end=\"960\">Or\u00e1iste Fi\u00e1in<\/strong> \u2013 Tugann s\u00e9 \u00e9adrom agus bog, taca\u00edonn s\u00e9 le gruaim agus tromch\u00fais mhoth\u00fach\u00e1nach<\/li>\n<li data-start=\"1047\" data-end=\"1149\"><strong data-start=\"1047\" data-end=\"1073\">Frankincense<\/strong> \u2013 Cuid\u00edonn s\u00e9 le s\u00edoch\u00e1in inmhe\u00e1nach, br\u00f3n domhain a phr\u00f3ise\u00e1il agus a ligean<\/li>\n<li data-start=\"1152\" data-end=\"1236\"><strong data-start=\"1152\" data-end=\"1165\">Patchouli<\/strong> \u2013 Grounding and stabilizing in emotional dysregulation and insecurity<\/li>\n<li data-start=\"1239\" data-end=\"1327\"><strong data-start=\"1239\" data-end=\"1251\">Lavender<\/strong> \u2013 An n\u00e9arch\u00f3ras a mhaol\u00fa, teannas agus corra\u00edl inmhe\u00e1nach a mhaol\u00fa<\/li>\n<li data-start=\"1330\" data-end=\"1408\"><strong data-start=\"1330\" data-end=\"1347\">Myrrh<\/strong> \u2013 Taca\u00edonn s\u00e9 le pr\u00f3isis bhr\u00f3n domhain agus leigheas moth\u00fach\u00e1nach<\/li>\n<li data-start=\"1411\" data-end=\"1509\"><strong data-start=\"1411\" data-end=\"1446\">Chamomile R\u00f3mh\u00e1nach<\/strong> \u2013 Go r\u00e9idh compordach, sc\u00edth a ligean agus s\u00e1bh\u00e1ilte le moth\u00fach\u00e1in dhian<\/li>\n<\/ul>\n<p>Le ch\u00e9ile, crutha\u00edonn na hola\u00ed seo <strong data-start=\"1539\" data-end=\"1587\">ioml\u00e1n te, cl\u00fadach agus tac\u00fail go moth\u00fach\u00e1nach<\/strong>.<\/p>\n<p data-start=\"1622\" data-end=\"1659\">Is f\u00e9idir Taca\u00edocht Br\u00f3in a \u00fas\u00e1id le haghaidh:<\/p>\n<ul>\n<li data-start=\"1663\" data-end=\"1701\">Caoineadh tar \u00e9is ainmh\u00ed n\u00f3 duine a chailli\u00faint<\/li>\n<li data-start=\"1704\" data-end=\"1773\">Athruithe sa teaghlach (colscaradh, b\u00e1s, ball nua den teaghlach)<\/li>\n<li data-start=\"1776\" data-end=\"1824\">Iompar tarraingthe siar n\u00f3 leac\u00fa moth\u00fach\u00e1nach<\/li>\n<li data-start=\"1827\" data-end=\"1881\">Imn\u00ed n\u00f3 br\u00f3n gan aon ch\u00fais fhisici\u00fail dealraitheach<\/li>\n<li data-start=\"1884\" data-end=\"1928\">Idirthr\u00e9imhs\u00ed le br\u00fa moth\u00fach\u00e1nach<\/li>\n<\/ul>\n","protected":false},"excerpt":{"rendered":"<p data-start=\"3010\" data-end=\"3145\">Measc\u00e1n cumhartheiripe milis a thaca\u00edonn le madra\u00ed agus cait i mbr\u00f3n, caillteanas agus pr\u00f3ise\u00e1il mhoth\u00fach\u00e1nach. Compordach, talamh agus suaimhneas. <\/p>\n","protected":false},"featured_media":12787,"comment_status":"open","ping_status":"closed","template":"","meta":{"wds_primary_product_brand":0,"wds_primary_product_cat":0,"wds_primary_merken":0},"product_brand":[],"product_cat":[1810],"product_tag":[],"merken":[],"class_list":{"0":"post-12784","1":"product","2":"type-product","3":"status-publish","4":"has-post-thumbnail","6":"product_cat-cumhartheiripe","7":"infinite-scroll-item","8":"sales-flash-overlay","9":"woocommerce-text-align-center","10":"woocommerce-image-align-center","11":"do-quantity-buttons","13":"first","14":"instock","15":"taxable","16":"shipping-taxable","17":"purchasable","18":"product-type-variable"},"_links":{"self":[{"href":"https:\/\/www.ngdcare.nl\/ga\/wp-json\/wp\/v2\/product\/12784","targetHints":{"allow":["GET"]}}],"collection":[{"href":"https:\/\/www.ngdcare.nl\/ga\/wp-json\/wp\/v2\/product"}],"about":[{"href":"https:\/\/www.ngdcare.nl\/ga\/wp-json\/wp\/v2\/types\/product"}],"replies":[{"embeddable":true,"href":"https:\/\/www.ngdcare.nl\/ga\/wp-json\/wp\/v2\/comments?post=12784"}],"wp:featuredmedia":[{"embeddable":true,"href":"https:\/\/www.ngdcare.nl\/ga\/wp-json\/wp\/v2\/media\/12787"}],"wp:attachment":[{"href":"https:\/\/www.ngdcare.nl\/ga\/wp-json\/wp\/v2\/media?parent=12784"}],"wp:term":[{"taxonomy":"product_brand","embeddable":true,"href":"https:\/\/www.ngdcare.nl\/ga\/wp-json\/wp\/v2\/product_brand?post=12784"},{"taxonomy":"product_cat","embeddable":true,"href":"https:\/\/www.ngdcare.nl\/ga\/wp-json\/wp\/v2\/product_cat?post=12784"},{"taxonomy":"product_tag","embeddable":true,"href":"https:\/\/www.ngdcare.nl\/ga\/wp-json\/wp\/v2\/product_tag?post=12784"},{"taxonomy":"merken","embeddable":true,"href":"https:\/\/www.ngdcare.nl\/ga\/wp-json\/wp\/v2\/merken?post=12784"}],"curies":[{"name":"wp","href":"https:\/\/api.w.org\/{rel}","templated":true}]}}