{"id":15018,"date":"2026-02-10T14:18:57","date_gmt":"2026-02-10T13:18:57","guid":{"rendered":"https:\/\/www.ngdcare.nl\/product\/uncategorized\/protacal-miocroib-intracellular\/"},"modified":"2026-05-02T15:47:29","modified_gmt":"2026-05-02T13:47:29","slug":"protacal-miocroib-intracellular","status":"publish","type":"product","link":"https:\/\/www.ngdcare.nl\/ga\/product\/veterinary-health\/protacail\/protacal-miocroib-intracellular\/","title":{"rendered":"Pr\u00f3tacal Miocr\u00f3ib Intracellular"},"content":{"rendered":"<p data-start=\"379\" data-end=\"631\"><strong data-start=\"637\" data-end=\"672\">Forbra\u00edodh an Pr\u00f3tacal Miocr\u00f3ib Intracellular<\/strong> do mhadra\u00ed agus do chait nach dt\u00e9ann go leor tar \u00e9is ionfhabhtuithe n\u00f3 a leanann de bheith ag fulaingt \u00f3 ghear\u00e1in ainsealacha, athraitheacha n\u00f3 gan mh\u00edni\u00fa. Is f\u00e9idir le roinnt miocrorg\u00e1naigh dul i bhfolach taobh istigh de chealla coirp, rud a fh\u00e1gann go bhfuil s\u00e9 deacair don ch\u00f3ras imdh\u00edonachta iad a bhaint amach. D&#8217;fh\u00e9adfadh comhartha\u00ed fadt\u00e9armacha n\u00f3 athfhillteacha a bheith mar thoradh air seo, fi\u00fa tar \u00e9is ionfhabht\u00fa a ch\u00f3ire\u00e1il de r\u00e9ir dealraimh. D\u00edr\u00edonn an pr\u00f3tacal n\u00ed amh\u00e1in ar an miocr\u00f3b, ach go h\u00e1irithe ar an gcorp at\u00e1 faoi bhr\u00fa le fada an l\u00e1.   <\/p>\n<p data-start=\"985\" data-end=\"1264\">Is miocrorg\u00e1naigh iad miocr\u00f3ib intracellular a thaisceann (go sealadach n\u00f3 go fadt\u00e9armach) i gcealla an choirp. I measc na sampla\u00ed t\u00e1 Borrelia, Ehrlichia, Anaplasma, Bartonella, Leishmania, Babesia, Toxoplasma agus ualach iarmharach iar-th\u00f3g\u00e1lach tar \u00e9is ionfhabhtuithe v\u00edreasacha. <\/p>\n<p data-start=\"1266\" data-end=\"1391\">Is f\u00e9idir leis an ualach seo gn\u00edomhacht\u00fa imdh\u00edonachta ainsealach, athlasadh \u00edseal-ghr\u00e1d agus cur isteach ar bhainist\u00edocht fuinnimh a bheith mar thoradh air.<\/p>\n<h4 data-start=\"1398\" data-end=\"1431\">C\u00e9n f\u00e1th cur chuige c\u00e9imnithe?<\/h4>\n<p data-start=\"1432\" data-end=\"1617\">Le lucht\u00fa intracellular fada, is minic a bh\u00edonn an corp &#8220;ar&#8221; go lean\u00fanach. Gan s\u00edoch\u00e1in agus cobhsa\u00edocht a chruth\u00fa ar dt\u00fas, is f\u00e9idir le tuilleadh taca\u00edochta a bheith mar thoradh ar mh\u00edrial\u00e1il n\u00f3 athfhilleadh a bheith mar thoradh air. <\/p>\n<p data-start=\"1619\" data-end=\"1789\">Sin \u00e9 an f\u00e1th go n-oibr\u00edonn Pr\u00f3tacal Miocr\u00f3ib Intracellular NGD Care le <strong data-start=\"1689\" data-end=\"1733\">cur chuige c\u00e9imnithe a th\u00f3gtar go c\u00faramach <\/strong>a thaca\u00edonn leis an gcomhlacht c\u00e9im ar ch\u00e9im sa t\u00e9arnamh. San ioml\u00e1n, maireann an pr\u00f3tacal seo 20 seachtaine. <\/p>\n<h4 data-start=\"1796\" data-end=\"1845\">Strucht\u00far an Phr\u00f3tacail Miocr\u00f3ib Intracellular<\/h4>\n<p><strong>C\u00e9im 1 \u2013 Cobhs\u00fa Imdh\u00edonachta &amp; Athlasadh<\/strong> (4 seachtaine)<\/p>\n<ul>\n<li>Sa ch\u00e9im seo, d\u00e9antar an corp a mhaol\u00fa agus a ullmh\u00fa do na ch\u00e9ad ch\u00e9imeanna eile.<\/li>\n<li>Taca\u00edocht le:\n<ul>\n<li><strong data-start=\"2017\" data-end=\"2033\">Lactoferrin<\/strong> \u2013 Taca\u00edonn s\u00e9 le cothroma\u00edocht imdh\u00edonachta agus feidhm macrophage agus cabhra\u00edonn s\u00e9 le freagairt\u00ed athlastacha iomarcacha a rial\u00e1il.<\/li>\n<li><strong data-start=\"2085\" data-end=\"2129\">Coimpl\u00e9asc Imdh\u00edonachta Myco (Measc\u00e1n Muisiri\u00fan 1<\/strong> ) \u2013 Gn\u00edomha\u00edonn s\u00e9 imdh\u00edon-mhodhn\u00fa agus cabhra\u00edonn s\u00e9 leis an gc\u00f3ras imdh\u00edonachta a chothrom\u00fa gan r\u00f3-spreagadh.<\/li>\n<li><strong data-start=\"2153\" data-end=\"2172\">Coimpl\u00e9asc PEA (PEA &amp; Boswellia)<\/strong> \u2013 Taca\u00edonn s\u00e9 leis an n\u00e9arch\u00f3ras agus t\u00e1 \u00e9ifeacht frith-athlastach aige ar ualach imdh\u00edonachta ainsealach agus strus.<\/li>\n<\/ul>\n<\/li>\n<\/ul>\n<p><span style=\"font-size: inherit;\"><strong>C\u00e9im 2 \u2013 Taca\u00edocht ualach miocr\u00f3bach rialaithe<\/strong> (8 seachtaine)<\/span><\/p>\n<ul>\n<li data-start=\"2323\" data-end=\"2441\">Nuair a bh\u00edonn an corp cobhsa\u00ed, taca\u00edtear leis ar bhealach rialaithe chun strus intracellular a laghd\u00fa.<\/li>\n<li>Taca\u00edocht le:\n<ul>\n<li data-start=\"2468\" data-end=\"2545\"><strong data-start=\"2468\" data-end=\"2487\">Para Athshocr\u00fa (NAC &amp; Berberine)<\/strong> \u2013 Taca\u00edonn s\u00e9 le t\u00e1irgeadh glutathione agus cabhra\u00edonn s\u00e9 le cur isteach ar strucht\u00fair chosanta timpeall miocr\u00f3ib.<\/li>\n<li data-start=\"2468\" data-end=\"2545\"><strong style=\"font-size: inherit;\" data-start=\"2548\" data-end=\"2584\">Bl\u00e1thola\u00ed Garda Miocr\u00f3ib<\/strong>\n<ul>\n<li data-start=\"2468\" data-end=\"2545\">Tac\u00fa le cothroma\u00edocht mhiocr\u00f3bach an choirp tr\u00ed dh\u00e1 mheicn\u00edocht ghn\u00edomha\u00edochta \u00e9ags\u00fala:\n<ul>\n<li data-start=\"2591\" data-end=\"2627\">\u00d3 bh\u00e9al: <span class=\"s1\">taca\u00edocht sist\u00e9amach d&#8217;\u00e9agothroime mhiocr\u00f3bach.<\/span><\/li>\n<li data-start=\"2591\" data-end=\"2627\">Diffuser: le haghaidh taca\u00edochta craicinn agus riospr\u00e1ide, gan br\u00fa a chur ar an ae agus ar an gc\u00f3ras d\u00edle\u00e1.<\/li>\n<\/ul>\n<\/li>\n<\/ul>\n<\/li>\n<li><strong data-start=\"2768\" data-end=\"2821\">Lactoferrin <\/strong>\u2013 Leanann s\u00e9 ag tac\u00fa le rial\u00e1il imdh\u00edonachta agus cabhra\u00edonn s\u00e9 le freagairt\u00ed athlastacha a rial\u00fa.<\/li>\n<li><strong data-start=\"2768\" data-end=\"2821\">Taca\u00edocht Imdh\u00edonachta Myco \u2013 <\/strong>Leanann s\u00e9 ag cur le freagairt imdh\u00edonachta chothrom le linn na c\u00e9ime seo.<\/li>\n<li><strong data-start=\"2768\" data-end=\"2821\">Coimpl\u00e9asc PEA <\/strong>\u2013 Leanann s\u00e9 ag tac\u00fa le cosc athlasadh agus rial\u00e1il struis chun athfhilleadh a chosc.<\/li>\n<li>Roghnach: <a href=\"https:\/\/www.natuurlijkgezondedieren.nl\/ozontherapie\/\"><strong>Teiripe \u00f3z\u00f3in<\/strong><\/a> n\u00f3 (i gcomhairle leis an tr\u00e9idlia) c\u00f3gais traidisi\u00fanta, leabaithe sa phr\u00f3tacal i gc\u00f3na\u00ed.<\/li>\n<\/ul>\n<\/li>\n<\/ul>\n<p><strong>C\u00e9im 3 \u2013 T\u00e9arnamh agus athl\u00e9imneacht<\/strong> (8 seachtaine)<\/p>\n<ul>\n<li data-start=\"3012\" data-end=\"3092\">D\u00edr\u00edonn an ch\u00e9im dheireanach ar fhuinneamh, athl\u00e9imneacht agus beocht a athbhun\u00fa.<\/li>\n<li data-start=\"3012\" data-end=\"3092\">Taca\u00edocht le:\n<ul>\n<li data-start=\"3119\" data-end=\"3159\"><strong data-start=\"3119\" data-end=\"3157\">Taca\u00edocht fad saoil <\/strong>(NAD \u207a \/ Resveratrol \/ Ergothioneine) \u2013 Taca\u00edonn s\u00e9 le feidhm mitochondrial agus t\u00e1irgeadh fuinnimh cheallach faoi ualach fada.<\/li>\n<li data-start=\"3162\" data-end=\"3178\"><strong data-start=\"3162\" data-end=\"3176\">Glutathione <\/strong>\u2013 Frithocsa\u00eddeoir t\u00e1bhachtach an chomhlachta f\u00e9in a chabhra\u00edonn le strus ocsa\u00eddi\u00fach\u00e1in a laghd\u00fa agus iarmhair a ghlanadh.<\/li>\n<li data-start=\"3181\" data-end=\"3197\"><strong data-start=\"3181\" data-end=\"3197\">Coenzyme Q10 <\/strong>\u2013 Taca\u00edonn s\u00e9 le t\u00e1irgeadh fuinnimh i mat\u00e1in agus org\u00e1in agus cuireann s\u00e9 le hathshl\u00e1n\u00fa beogacht agus athl\u00e9imneacht.<\/li>\n<\/ul>\n<\/li>\n<\/ul>\n<h4>C\u00e9 d\u00f3 a bhfuil an pr\u00f3tacal seo oiri\u00fanach?<\/h4>\n<ul>\n<li>Ainmhithe a bhfuil gear\u00e1in ainsealacha n\u00f3 \u00e9ags\u00fala orthu<\/li>\n<li>Ainmhithe nach dt\u00e9ann t\u00e9arnamh go leordh\u00f3thanach tar \u00e9is ionfhabhtuithe<\/li>\n<li>Madra\u00ed a iomp\u00f3rt\u00e1il le hair\u00edonna gan mh\u00edni\u00fa<\/li>\n<li>Ainmhithe a bhfuil diagn\u00f3is acu ar bhaict\u00e9ir intracellular n\u00f3 protozoa<\/li>\n<li>Ainmhithe a bhfuil diagn\u00f3is ionfhabht\u00fa v\u00edreasach ainsealach orthu<\/li>\n<\/ul>\n<p><strong>T\u00e1 forl\u00edonta\u00ed sa phac\u00e1iste at\u00e1 leordh\u00f3thanach ar feadh 20 seachtaine do mhadra\u00ed 10-30kg. San ioml\u00e1n gheobhaidh t\u00fa 3x lactoferrin, 3x taca\u00edocht imdh\u00edonachta myco, 3x coimpl\u00e9asc PEA, 2x para athshocraithe, 1x garda miocr\u00f3b inmhe\u00e1nach, 1x diffuser garda miocr\u00f3b, 2x taca\u00edocht fad saoil, 2x glutathione, 2x coenzyme Q10.   <\/strong><\/p>\n","protected":false},"excerpt":{"rendered":"<p data-start=\"540\" data-end=\"879\">Is pr\u00f3tacal aisghabh\u00e1la comhth\u00e1ite \u00e9 <strong data-start=\"544\" data-end=\"588\">Pr\u00f3tacal Miocr\u00f3ib Intracellular C\u00faram NGD do<\/strong> mhadra\u00ed agus do chait a bhfuil ionfhabhtuithe miocr\u00f3bach intracellular ainsealacha orthu. Taca\u00edonn an pr\u00f3tacal leis an gc\u00f3ras imdh\u00edonachta, laghda\u00edonn s\u00e9 athlasadh \u00edseal-ghr\u00e1d, agus cabhra\u00edonn s\u00e9 leis an gcomhlacht t\u00e9arnamh ag an leibh\u00e9al ceallach agus mitochondrial. <\/p>\n","protected":false},"featured_media":19117,"comment_status":"open","ping_status":"closed","template":"","meta":{"wds_primary_product_brand":0,"wds_primary_product_cat":0,"wds_primary_merken":0},"product_brand":[],"product_cat":[2881],"product_tag":[7395,7389,7392,7390,7387,7388,7386,7391,7397,2888,7394,7393,7396],"merken":[],"class_list":{"0":"post-15018","1":"product","2":"type-product","3":"status-publish","4":"has-post-thumbnail","6":"product_cat-protacail","7":"product_tag-aisghabhail-mitochondrial","8":"product_tag-anaplasma","9":"product_tag-babesia","10":"product_tag-bartonella","11":"product_tag-borrelia","12":"product_tag-ehrlichia","13":"product_tag-ionfhabhtuithe-intracellular","14":"product_tag-leishmania","15":"product_tag-madra-gearain-ainsealacha","16":"product_tag-paraisiti","17":"product_tag-protacal-aisghabhala","18":"product_tag-protacal-imdhionachta","19":"product_tag-teiripe-ozoin","20":"infinite-scroll-item","21":"sales-flash-overlay","22":"woocommerce-text-align-center","23":"woocommerce-image-align-center","24":"do-quantity-buttons","26":"first","27":"instock","28":"sale","29":"taxable","30":"shipping-taxable","31":"purchasable","32":"product-type-simple"},"_links":{"self":[{"href":"https:\/\/www.ngdcare.nl\/ga\/wp-json\/wp\/v2\/product\/15018","targetHints":{"allow":["GET"]}}],"collection":[{"href":"https:\/\/www.ngdcare.nl\/ga\/wp-json\/wp\/v2\/product"}],"about":[{"href":"https:\/\/www.ngdcare.nl\/ga\/wp-json\/wp\/v2\/types\/product"}],"replies":[{"embeddable":true,"href":"https:\/\/www.ngdcare.nl\/ga\/wp-json\/wp\/v2\/comments?post=15018"}],"wp:featuredmedia":[{"embeddable":true,"href":"https:\/\/www.ngdcare.nl\/ga\/wp-json\/wp\/v2\/media\/19117"}],"wp:attachment":[{"href":"https:\/\/www.ngdcare.nl\/ga\/wp-json\/wp\/v2\/media?parent=15018"}],"wp:term":[{"taxonomy":"product_brand","embeddable":true,"href":"https:\/\/www.ngdcare.nl\/ga\/wp-json\/wp\/v2\/product_brand?post=15018"},{"taxonomy":"product_cat","embeddable":true,"href":"https:\/\/www.ngdcare.nl\/ga\/wp-json\/wp\/v2\/product_cat?post=15018"},{"taxonomy":"product_tag","embeddable":true,"href":"https:\/\/www.ngdcare.nl\/ga\/wp-json\/wp\/v2\/product_tag?post=15018"},{"taxonomy":"merken","embeddable":true,"href":"https:\/\/www.ngdcare.nl\/ga\/wp-json\/wp\/v2\/merken?post=15018"}],"curies":[{"name":"wp","href":"https:\/\/api.w.org\/{rel}","templated":true}]}}