{"id":17380,"date":"2026-03-29T14:07:28","date_gmt":"2026-03-29T12:07:28","guid":{"rendered":"https:\/\/www.ngdcare.nl\/product\/uncategorized\/ola-riachtanach-ailiniu-istigh-chakra-1-4-agus-7\/"},"modified":"2026-03-29T14:07:28","modified_gmt":"2026-03-29T12:07:28","slug":"ola-riachtanach-ailiniu-istigh-chakra-1-4-agus-7","status":"publish","type":"product","link":"https:\/\/www.ngdcare.nl\/ga\/product\/veterinary-health\/cumhartheiripe\/ola-riachtanach-ailiniu-istigh-chakra-1-4-agus-7\/","title":{"rendered":"Ola riachtanach Ail\u00edni\u00fa istigh \u2013 Chakra 1, 4 agus 7"},"content":{"rendered":"<p style=\"font-weight: 400;\">Is measc\u00e1n de bl\u00e1thola\u00ed \u00e9 <strong>Ail\u00edni\u00fa Inmhe\u00e1nach<\/strong> do chakras 1, 4, agus 7 \u2013 na tr\u00ed ionad fuinnimh a chomhcheangla\u00edonn chun ionchorpr\u00fa, nasc gr\u00e1mhar, agus ail\u00edni\u00fa spiorad\u00e1lta a shol\u00e1thar. Cuid\u00edonn an ola seo leat teacht abhaile duit f\u00e9in, oscla\u00edonn s\u00e9 do chro\u00ed agus tugann s\u00e9 suaimhneas intinne. <\/p>\n<p style=\"font-weight: 400;\" data-start=\"1030\" data-end=\"1079\">Curtha le ch\u00e9ile go speisialta le bl\u00e1thola\u00ed at\u00e1:<\/p>\n<ul>\n<li data-start=\"1082\" data-end=\"1113\">Cosain i gc\u00e1s r\u00f3-spreagadh<\/li>\n<li data-start=\"1116\" data-end=\"1147\">cabhr\u00fa leat ligean agus sc\u00edth a ligean<\/li>\n<li data-start=\"1150\" data-end=\"1199\">An nasc idir an corp agus an t-anam a athbhun\u00fa<\/li>\n<\/ul>\n<p style=\"font-weight: 400;\" data-start=\"1201\" data-end=\"1295\">T\u00e1 an ola seo oiri\u00fanach go h\u00e1irithe do <strong data-start=\"1240\" data-end=\"1274\">dhaoine agus d&#8217;ainmhithe an-\u00edogair<\/strong>, mar shampla:<\/p>\n<ul>\n<li data-start=\"1298\" data-end=\"1327\">m\u00edshuaimhneas, strus, d\u00edcheangal<\/li>\n<li data-start=\"1330\" data-end=\"1347\">Br\u00f3in n\u00f3 caillteanas<\/li>\n<li data-start=\"1350\" data-end=\"1373\">Mearbhall spiorad\u00e1lta<\/li>\n<li data-start=\"1376\" data-end=\"1402\">R\u00f3-ualach moth\u00fach\u00e1nach<\/li>\n<li data-start=\"1405\" data-end=\"1440\">G\u00e1 le bun\u00fas n\u00f3 inspior\u00e1id<\/li>\n<\/ul>\n<p data-start=\"1442\" data-end=\"1587\"><strong>Comhdh\u00e9anamh. T\u00e1 bl\u00e1thola\u00ed \u00edon, n\u00e1d\u00fartha 100% i Ail\u00edni\u00fa Istigh \u00f3: <\/strong><\/p>\n<ul>\n<li><strong>Vetiver<\/strong>\u2013 bun\u00fas domhain, cobhsa\u00edocht, i gcoinne restlessness agus strus<\/li>\n<li><strong data-start=\"1720\" data-end=\"1733\">Cedarwood<\/strong> \u2013 nearta\u00edonn s\u00e9 s\u00e1bh\u00e1ilteacht agus sl\u00e1nd\u00e1il<\/li>\n<li><strong data-start=\"1777\" data-end=\"1792\">Ylang Ylang<\/strong> \u2013 oscla\u00edonn s\u00e9 an cro\u00ed agus relaxes moth\u00fach\u00e1in<\/li>\n<li><strong data-start=\"1834\" data-end=\"1846\">Lavender<\/strong> \u2013 soothing, calms n\u00e9arch\u00f3ras agus r\u00e1ta cro\u00ed, droichead idir cro\u00ed agus ceann<\/li>\n<li><strong data-start=\"1905\" data-end=\"1919\">Sandalwood<\/strong> \u2013 cuireann s\u00e9 tost inmhe\u00e1nach, bun\u00fas domhain agus nasc spiorad\u00e1lta chun cinn<\/li>\n<li><strong data-start=\"1978\" data-end=\"2004\">Frankincense<\/strong> \u2013 oscla\u00edonn an chakra cor\u00f3in agus nearta\u00edonn feasacht anam<\/li>\n<li data-start=\"1222\" data-end=\"1287\"><strong data-start=\"1222\" data-end=\"1257\">Bergamot<\/strong> \u2013 \u00e9adrom, \u00e1thas<\/li>\n<li class=\"p1\"><strong>Myrrh<\/strong> \u2013 Cuid\u00edonn s\u00e9 le pian d&#8217;aois a scaoileadh, cumhacht baininscneach domhain<\/li>\n<\/ul>\n<p><span class=\"s2\">Taca\u00edonn an measc\u00e1n seo le <\/span><b>sc\u00edth a ligean d\u00edrithe ar an gcorp<\/b><span class=\"s2\"> (chakra 1), <\/span><b>rial\u00e1il mhoth\u00fach\u00e1nach<\/b><span class=\"s2\"> (chakra 4) chomh maith le <\/span><b>scaoileadh meabhrach agus muin\u00edn<\/b><span class=\"s2\"> (chakra 7).<\/span><\/p>\n<p>Is f\u00e9idir an ola a chur i diffuser chun an chothroma\u00edocht a fh\u00e1il ar ais do dhaoine agus d&#8217;ainmhithe tar \u00e9is l\u00e1 gn\u00f3thach moth\u00fach\u00e1nach. Comhcheangla\u00edonn an ola go han-deas leis an cro\u00edl\u00e1r bl\u00e1thanna Ail\u00edni\u00fa Istigh. <\/p>\n","protected":false},"excerpt":{"rendered":"<div>\n<p>Measc\u00e1n ola soothing a nascann corp, cro\u00ed agus anam. Le cedarwood, vetiver, lavender, ylang ylang, sandalwood agus incense. Taca\u00edonn s\u00e9 le chakras 1, 4 agus 7 le haghaidh embodiment domhain, oscailt cro\u00ed agus nasc spiorad\u00e1lta.  <\/p>\n<\/div>\n","protected":false},"featured_media":0,"comment_status":"open","ping_status":"closed","template":"","meta":{"wds_primary_product_brand":0,"wds_primary_product_cat":0,"wds_primary_merken":0},"product_brand":[],"product_cat":[1810,6413],"product_tag":[3660,3662,7648,3665,2569,7646,7644,3663],"merken":[],"class_list":{"0":"post-17380","1":"product","2":"type-product","3":"status-publish","5":"product_cat-cumhartheiripe","6":"product_cat-blatholai","7":"product_tag-ailiniu-inmheanach","8":"product_tag-ceangal-spioradalta","9":"product_tag-chakra-croi","10":"product_tag-chakra-na-coronach","11":"product_tag-curam-ngd","12":"product_tag-ola-chakra","13":"product_tag-sorcoir-ola-riachtanach","14":"product_tag-talamh","15":"infinite-scroll-item","16":"sales-flash-overlay","17":"woocommerce-text-align-center","18":"woocommerce-image-align-center","19":"do-quantity-buttons","21":"first","22":"instock","23":"featured","24":"taxable","25":"shipping-taxable","26":"purchasable","27":"product-type-simple"},"_links":{"self":[{"href":"https:\/\/www.ngdcare.nl\/ga\/wp-json\/wp\/v2\/product\/17380","targetHints":{"allow":["GET"]}}],"collection":[{"href":"https:\/\/www.ngdcare.nl\/ga\/wp-json\/wp\/v2\/product"}],"about":[{"href":"https:\/\/www.ngdcare.nl\/ga\/wp-json\/wp\/v2\/types\/product"}],"replies":[{"embeddable":true,"href":"https:\/\/www.ngdcare.nl\/ga\/wp-json\/wp\/v2\/comments?post=17380"}],"wp:attachment":[{"href":"https:\/\/www.ngdcare.nl\/ga\/wp-json\/wp\/v2\/media?parent=17380"}],"wp:term":[{"taxonomy":"product_brand","embeddable":true,"href":"https:\/\/www.ngdcare.nl\/ga\/wp-json\/wp\/v2\/product_brand?post=17380"},{"taxonomy":"product_cat","embeddable":true,"href":"https:\/\/www.ngdcare.nl\/ga\/wp-json\/wp\/v2\/product_cat?post=17380"},{"taxonomy":"product_tag","embeddable":true,"href":"https:\/\/www.ngdcare.nl\/ga\/wp-json\/wp\/v2\/product_tag?post=17380"},{"taxonomy":"merken","embeddable":true,"href":"https:\/\/www.ngdcare.nl\/ga\/wp-json\/wp\/v2\/merken?post=17380"}],"curies":[{"name":"wp","href":"https:\/\/api.w.org\/{rel}","templated":true}]}}