{"id":19392,"date":"2026-05-07T22:23:44","date_gmt":"2026-05-07T20:23:44","guid":{"rendered":"https:\/\/www.ngdcare.nl\/product\/uncategorized\/l-glutamine\/"},"modified":"2026-05-07T22:23:44","modified_gmt":"2026-05-07T20:23:44","slug":"l-glutamine","status":"publish","type":"product","link":"https:\/\/www.ngdcare.nl\/ga\/product\/veterinary-health\/forliontai-ortomoilineach\/l-glutamine\/","title":{"rendered":"L-Glutamine"},"content":{"rendered":"<div>\n<div class=\"standard-markdown grid-cols-1 grid [&amp;_&gt;_*]:min-w-0 gap-3\">\n<p class=\"font-claude-response-body break-words whitespace-normal leading-[1.7]\">Is \u00e9 L-Glutamine an aim\u00ednaig\u00e9ad saor in aisce is fl\u00fairseach sa chorp. D\u00e9antar \u00e9 a th\u00e1irgeadh i bhf\u00edoch\u00e1n mat\u00e1in agus is gn\u00e1ch go mb\u00edonn s\u00e9 ar f\u00e1il i gcainn\u00edochta\u00ed leordh\u00f3thanacha. Mar sin f\u00e9in, i gc\u00e1s tinnis, gear\u00e1in intestinal ainsealacha, m\u00e1inliacht, ceimiteiripe n\u00f3 strus fadt\u00e9armach, laghda\u00edonn an ti\u00fachan glutamine plasma agus m\u00e9ada\u00edonn an t-\u00e9ileamh \u00f3n st\u00e9ig, \u00f3n ae agus \u00f3n gc\u00f3ras imdh\u00edonachta go g\u00e9ar. Ag an bpointe sin, t\u00e1 glutamine riachtanach go coinn\u00edollach agus n\u00ed thiteann coth\u00fa amh\u00e1in.   <\/p>\n<\/div>\n<\/div>\n<div>\n<div class=\"standard-markdown grid-cols-1 grid [&amp;_&gt;_*]:min-w-0 gap-3\">\n<p class=\"font-claude-response-body break-words whitespace-normal leading-[1.7]\">Is \u00e9 an balla intestinal an tomhalt\u00f3ir is m\u00f3 de glutamine sa chorp. D\u00e9anann enterocytes, na cealla a l\u00edne\u00e1lann an balla intestinal, iad f\u00e9in a athnuachan go hioml\u00e1n gach tr\u00ed go c\u00faig l\u00e1. Is \u00e9 Glutamine a bpr\u00edomh\u00e1bhar breosla agus t\u00f3g\u00e1la. In easnamh glutamine, laga\u00edonn l\u00e9iri\u00fa pr\u00f3it\u00e9in\u00ed acomhal daingean (claudine, occludin, SO-1), ag m\u00e9ad\u00fa tr\u00e9scaoilteacht intestinal agus ag sceitheadh tocsain\u00ed baict\u00e9aracha isteach sa sruth fola. Taispe\u00e1nann staid\u00e9ir chlinici\u00fala gur l\u00e9ir\u00edodh go bhfeabhsa\u00edonn forl\u00edonadh glutamine i ngear\u00e1in intestinal iar-th\u00f3g\u00e1lacha feidhm bhacainn.    <\/p>\n<\/div>\n<\/div>\n<div>\n<div class=\"standard-markdown grid-cols-1 grid [&amp;_&gt;_*]:min-w-0 gap-3\">\n<p class=\"font-claude-response-body break-words whitespace-normal leading-[1.7]\">Maidir leis an gc\u00f3ras imdh\u00edonachta, t\u00e1 glutamine chomh r\u00edth\u00e1bhachtach c\u00e9anna: m\u00e9ada\u00edonn limfic\u00edt\u00ed agus macrophages a n-\u00eddi\u00fa glutamine faoi cheathr\u00fa nuair a ghn\u00edomhachta\u00edtear iad. Is \u00e9 glutamine r\u00e9amhtheachta\u00ed glutathione freisin, an frithocsa\u00eddeoir endogenous is cumhachta\u00ed, agus d\u00e1 bhr\u00ed sin taca\u00edonn s\u00e9 go hind\u00edreach le d\u00edthocsaini\u00fa ae. I cachexia mar gheall ar ailse n\u00f3 galar ainsealach, cuireann glutamine teorainn le miondeal\u00fa mat\u00e1in agus cosna\u00edonn s\u00e9 an balla intestinal faoi ualach d\u00fabailte an ghalair agus na c\u00f3ire\u00e1la.  <\/p>\n<\/div>\n<\/div>\n<div>\n<div class=\"standard-markdown grid-cols-1 grid [&amp;_&gt;_*]:min-w-0 gap-3\">\n<p class=\"font-claude-response-body break-words whitespace-normal leading-[1.7]\">Is \u00e9 L-Glutamine cro\u00edl\u00e1r ch\u00e9im 2 den Phr\u00f3tacal Gut C\u00faram NGD (seachtain\u00ed 8 go 16), in \u00e9ineacht le shilajit n\u00f3 Taca\u00edocht Bacainn Gut agus Coimpl\u00e9asc Vitim\u00edn B Liposomal. Ach amh\u00e1in nuair a dh\u00e9antar an gut a leigheas tr\u00ed ch\u00e9im 1 is f\u00e9idir le glutamine a l\u00e1nacmhainneacht a bhaint amach. N\u00edos \u00e1bhartha i <a href=\"https:\/\/www.ngdcare.nl\/ga\/product\/curam-ngd-slainte-treidliachta\/protacail\/protacal-giardia\/\">bPr\u00f3tacal Giardia<\/a>, <a href=\"https:\/\/www.ngdcare.nl\/ga\/product\/curam-ngd-slainte-treidliachta\/protacail\/operatie-herstelpakket-kit-aisghabhala-mainliachta\/\">Pac\u00e1iste Aisghabh\u00e1la Oibr\u00edochta<\/a>, <a href=\"https:\/\/www.ngdcare.nl\/ga\/product\/curam-ngd-slainte-treidliachta\/protacail\/protacal-craicinn\/\">Pr\u00f3tacal Craicinn<\/a> agus i dtaca\u00edocht oinceola\u00edoch.  <\/p>\n<\/div>\n<\/div>\n<div>\n<div class=\"standard-markdown grid-cols-1 grid [&amp;_&gt;_*]:min-w-0 gap-3\">\n<p class=\"font-claude-response-body break-words whitespace-normal leading-[1.7]\">Ar mhaith leat n\u00edos m\u00f3 a fhoghlaim faoin eola\u00edocht at\u00e1 taobh thiar de L-Glutamine? L\u00e9igh an <a href=\"https:\/\/www.ngdcare.nl\/ga\/blag\/l-glutamine\/\">p\u00edosa c\u00falra fairsing<\/a> ar leathanach an bhlag. <\/p>\n<\/div>\n<\/div>\n","protected":false},"excerpt":{"rendered":"<p>Is \u00e9 L-Glutamine an aim\u00ednaig\u00e9ad is fl\u00fairseach i gcorp an duine agus an pr\u00edomhbhreosla do chealla balla intestinal agus cealla imdh\u00edonachta. T\u00e1 L-Glutamine \u00edon in\u00e1r caps\u00fail 450 mg i bhfoirm saor in aisce don ions\u00fa is fearr. Taca\u00edonn s\u00e9 le deisi\u00fa intestinal, friota\u00edocht agus cothabh\u00e1il muscle \u2013 do dhaoine agus d&#8217;ainmhithe.  <\/p>\n","protected":false},"featured_media":0,"comment_status":"closed","ping_status":"closed","template":"","meta":{"wds_primary_product_brand":0,"wds_primary_product_cat":0,"wds_primary_merken":0},"product_brand":[],"product_cat":[1890,8578],"product_tag":[2076,3011,2885,2083,8585,8583,8581,8586],"merken":[],"class_list":{"0":"post-19392","1":"product","2":"type-product","3":"status-publish","5":"product_cat-forliontai-ortomoilineach","6":"product_cat-veterinary-health","7":"product_tag-bputoga","8":"product_tag-craiceann","9":"product_tag-giardia-ga","10":"product_tag-gut-sceite","11":"product_tag-oibriocht","12":"product_tag-oinceolaiocht","13":"product_tag-seanaois","14":"product_tag-steig-hyperpermeable","15":"infinite-scroll-item","16":"sales-flash-overlay","17":"woocommerce-text-align-center","18":"woocommerce-image-align-center","19":"do-quantity-buttons","21":"first","22":"instock","23":"taxable","24":"shipping-taxable","25":"purchasable","26":"product-type-simple"},"_links":{"self":[{"href":"https:\/\/www.ngdcare.nl\/ga\/wp-json\/wp\/v2\/product\/19392","targetHints":{"allow":["GET"]}}],"collection":[{"href":"https:\/\/www.ngdcare.nl\/ga\/wp-json\/wp\/v2\/product"}],"about":[{"href":"https:\/\/www.ngdcare.nl\/ga\/wp-json\/wp\/v2\/types\/product"}],"replies":[{"embeddable":true,"href":"https:\/\/www.ngdcare.nl\/ga\/wp-json\/wp\/v2\/comments?post=19392"}],"wp:attachment":[{"href":"https:\/\/www.ngdcare.nl\/ga\/wp-json\/wp\/v2\/media?parent=19392"}],"wp:term":[{"taxonomy":"product_brand","embeddable":true,"href":"https:\/\/www.ngdcare.nl\/ga\/wp-json\/wp\/v2\/product_brand?post=19392"},{"taxonomy":"product_cat","embeddable":true,"href":"https:\/\/www.ngdcare.nl\/ga\/wp-json\/wp\/v2\/product_cat?post=19392"},{"taxonomy":"product_tag","embeddable":true,"href":"https:\/\/www.ngdcare.nl\/ga\/wp-json\/wp\/v2\/product_tag?post=19392"},{"taxonomy":"merken","embeddable":true,"href":"https:\/\/www.ngdcare.nl\/ga\/wp-json\/wp\/v2\/merken?post=19392"}],"curies":[{"name":"wp","href":"https:\/\/api.w.org\/{rel}","templated":true}]}}