{"id":19396,"date":"2026-05-07T22:44:34","date_gmt":"2026-05-07T20:44:34","guid":{"rendered":"https:\/\/www.ngdcare.nl\/product\/uncategorized\/shilait\/"},"modified":"2026-05-07T22:44:34","modified_gmt":"2026-05-07T20:44:34","slug":"shilait","status":"publish","type":"product","link":"https:\/\/www.ngdcare.nl\/ga\/veterinary-health\/supplementen-dier\/shilait\/shilait\/","title":{"rendered":"Shilait"},"content":{"rendered":"<p class=\"font-claude-response-body break-words whitespace-normal leading-[1.7]\">N\u00ed gn\u00e1thfhorl\u00edonadh \u00e9 Shilajit ach f\u00edteocomplex: maitr\u00eds saibhir \u00f3 thaobh na bitheola\u00edochta de na c\u00e9adta comhdh\u00faile, a fhoirm\u00edtear tr\u00ed thiont\u00fa \u00e1bhar planda\u00ed na m\u00edlte bliain ag miocrorg\u00e1naigh i scoilteanna carraige arda sl\u00e9ibhe. Is iad an d\u00e1 chod\u00e1n is \u00e1bhartha go clinici\u00fail n\u00e1 aig\u00e9ad fulvic (60 go 80% den sliocht) agus dibenzo-alfa-pyrones (DBPanna). <\/p>\n<p class=\"font-claude-response-body break-words whitespace-normal leading-[1.7]\">T\u00e1 me\u00e1chan m\u00f3il\u00edneach \u00edseal ag aig\u00e9ad fulvic a ligeann d\u00f3 dul tr\u00ed bhalla\u00ed cille gan str\u00f3. Feidhm\u00edonn s\u00e9 mar frithocsa\u00eddeoir tr\u00ed dheon\u00fa leictreon, mar iompr\u00f3ir mianra\u00ed le haghaidh iarann, since agus maign\u00e9isiam, mar inhibitor NF-kB le haghaidh athlasadh ainsealach agus mar spreagth\u00f3ir Akkermansia muciniphila don bhacainn intestinal. Is comhdh\u00faile uath\u00fala iad DBPanna nach bhfaightear \u00e1it ar bith eile sa n\u00e1d\u00far agus taca\u00edonn siad go d\u00edreach leis an slabhra iompair leictreon mitochondrial, go sineirg\u00edoch le CoQ10.  <\/p>\n<p class=\"font-claude-response-body break-words whitespace-normal leading-[1.7]\">Clinici\u00fail \u00e1bhartha: L\u00e9irigh triail rialaithe randamach gur mh\u00e9adaigh ocht seachtaine de shilajit go suntasach an marc\u00f3ir serum do shint\u00e9is collagen cine\u00e1l I. I madra\u00ed le airtr\u00edteas, l\u00e9irigh staid\u00e9ar breathn\u00f3ireachta 120 l\u00e1 laghduithe ar phian agus athlasadh. Dheimhnigh athbhreithni\u00fa 2025 a \u00e9ifeacht s\u00e1bh\u00e1ilteachta agus frith-athlastach i ndaoine.  <\/p>\n<p class=\"font-claude-response-body break-words whitespace-normal leading-[1.7]\">Is \u00e9 Shilajit an ch\u00e9ad rogha do dhaoine i gc\u00e9im 2 den Phr\u00f3tacal Bput\u00f3g C\u00faraim NGD. Maidir le hainmhithe, is \u00e9 Taca\u00edocht Bacainn Gut (aig\u00e9id fulvic agus humic) an leagan is fearr. Oibr\u00edonn an d\u00e1 cheann tr\u00ed na meicn\u00edochta\u00ed aig\u00e9ad fulvic c\u00e9anna. Is f\u00e9idir \u00e9 a \u00fas\u00e1id freisin sa Phr\u00f3tacal Seanaoise, sa Phr\u00f3tacal Comhph\u00e1irteach agus mar fhorl\u00edonadh ar leithligh le haghaidh athlasadh ainsealach agus tuirse.   <\/p>\n<p>L\u00e9igh \u00e1r mblag fairsing faoi <a href=\"https:\/\/www.ngdcare.nl\/ga\/blag\/shilait\/\">Shilait<\/a> anseo.<\/p>\n","protected":false},"excerpt":{"rendered":"<p>Is phytocomplex sl\u00e9ibhe ard \u00e9 Shilajit le measc\u00e1n uath\u00fail d&#8217;aig\u00e9ad fulvic, dibenzo-alfa-pyrons agus mianra\u00ed i bhfoirm ianach. Taca\u00edonn s\u00e9 le t\u00e1irgeadh fuinnimh mitochondrial, cuireann s\u00e9 cosc ar athlasadh ainsealach, feabhsa\u00edonn s\u00e9 ions\u00fa mianra\u00ed agus cabhra\u00edonn s\u00e9 leis an mbacainn intestinal a athbhun\u00fa tr\u00ed spreagadh Akkermansia muciniphila. An ch\u00e9ad rogha do dhaoine i gc\u00e9im 2 de Phr\u00f3tacal Bput\u00f3g C\u00faram NGD.  <\/p>\n","protected":false},"featured_media":0,"comment_status":"closed","ping_status":"closed","template":"","meta":{"wds_primary_product_brand":0,"wds_primary_product_cat":0,"wds_primary_merken":0},"product_brand":[],"product_cat":[187,4649],"product_tag":[2076,2083,6533],"merken":[],"class_list":{"0":"post-19396","1":"product","2":"type-product","3":"status-publish","5":"product_cat-supplementen-dier","6":"product_cat-veterinary-health","7":"product_tag-bputoga","8":"product_tag-gut-sceite","9":"product_tag-madra-protacal-intestinal","10":"infinite-scroll-item","11":"sales-flash-overlay","12":"woocommerce-text-align-center","13":"woocommerce-image-align-center","14":"do-quantity-buttons","16":"first","17":"instock","18":"taxable","19":"shipping-taxable","20":"purchasable","21":"product-type-simple"},"_links":{"self":[{"href":"https:\/\/www.ngdcare.nl\/ga\/wp-json\/wp\/v2\/product\/19396","targetHints":{"allow":["GET"]}}],"collection":[{"href":"https:\/\/www.ngdcare.nl\/ga\/wp-json\/wp\/v2\/product"}],"about":[{"href":"https:\/\/www.ngdcare.nl\/ga\/wp-json\/wp\/v2\/types\/product"}],"replies":[{"embeddable":true,"href":"https:\/\/www.ngdcare.nl\/ga\/wp-json\/wp\/v2\/comments?post=19396"}],"wp:attachment":[{"href":"https:\/\/www.ngdcare.nl\/ga\/wp-json\/wp\/v2\/media?parent=19396"}],"wp:term":[{"taxonomy":"product_brand","embeddable":true,"href":"https:\/\/www.ngdcare.nl\/ga\/wp-json\/wp\/v2\/product_brand?post=19396"},{"taxonomy":"product_cat","embeddable":true,"href":"https:\/\/www.ngdcare.nl\/ga\/wp-json\/wp\/v2\/product_cat?post=19396"},{"taxonomy":"product_tag","embeddable":true,"href":"https:\/\/www.ngdcare.nl\/ga\/wp-json\/wp\/v2\/product_tag?post=19396"},{"taxonomy":"merken","embeddable":true,"href":"https:\/\/www.ngdcare.nl\/ga\/wp-json\/wp\/v2\/merken?post=19396"}],"curies":[{"name":"wp","href":"https:\/\/api.w.org\/{rel}","templated":true}]}}