{"id":6377,"date":"2024-01-22T22:07:19","date_gmt":"2024-01-22T22:07:19","guid":{"rendered":"https:\/\/www.ngdcare.nl\/product\/uncategorized\/kefir-uisce-probiotics-coipthe\/"},"modified":"2026-04-09T21:28:36","modified_gmt":"2026-04-09T19:28:36","slug":"kefir-uisce-probiotics-coipthe","status":"publish","type":"product","link":"https:\/\/www.ngdcare.nl\/ga\/product\/veterinary-health\/forliontai-ortomoilineach\/kefir-uisce-probiotics-coipthe\/","title":{"rendered":"Probiotics coipthe"},"content":{"rendered":"<p style=\"font-weight: 400;\">C\u00faram NGD \u2013 Is kefir uisce coipthe reoite-triomaithe \u00e9 <strong>Probiotics Coipthe<\/strong>. T\u00e1 <strong>n\u00edos m\u00f3 n\u00e1 50 cine\u00e1l \u00e9ags\u00fala baict\u00e9ir agus giosta n\u00e1d\u00fartha<\/strong> san fhoirmle seo, lena n-\u00e1ir\u00edtear speicis \u00e9ags\u00fala <em>de Lactobacillus<\/em>, <em>Saccharomyces<\/em>, <em>Candida<\/em>, <em>Kluyveromyces<\/em> agus <em>Acetobacter<\/em>. F\u00e1gann s\u00e9 seo gur coimpl\u00e9asc probiotic leathan \u00e9 a thaca\u00edonn leis an microbiome ar leibh\u00e9il \u00e9ags\u00fala.  <\/p>\n<p style=\"font-weight: 400;\">T\u00e1 kefir uisce oiri\u00fanach go hid\u00e9alach d&#8217;ainmhithe a bhfuil fadhbanna intestinal acu, suaitheadh ar an bhfl\u00f3ra intestinal, n\u00f3 tar \u00e9is c\u00f3gais a riar, mar shampla antaibheathaigh, leigheas flea n\u00f3 deworming. Cuireann s\u00e9 leis an gcothroma\u00edocht mhiocr\u00f3bach a athbhun\u00fa agus nearta\u00edonn s\u00e9 feidhm bhacainn an bhalla intestinal. Ina theannta sin, t\u00e1 tionchar dearfach aige ar an gc\u00f3ras imdh\u00edonachta, ar chothroma\u00edocht fuinnimh agus ar fholl\u00e1ine ghinear\u00e1lta an ainmh\u00ed.  <\/p>\n<p style=\"font-weight: 400;\">Murab ionann agus t\u00e1irg\u00ed probiotic iarg\u00falta, cuireann kefir uisce t\u00e1irge l\u00e1nchoipthe ar f\u00e1il, a shol\u00e1thra\u00edonn symbiosis n\u00e1d\u00fartha de bhaict\u00e9ir agus giosta\u00ed. T\u00e1 an sineirg\u00edocht seo riachtanach do choil\u00edni\u00fa, \u00e9ags\u00falacht agus feidhmi\u00fa an mhicribhith\u00f3im gut. <\/p>\n","protected":false},"excerpt":{"rendered":"<p>T\u00e1 n\u00edos m\u00f3 n\u00e1 50 cine\u00e1l baict\u00e9ir agus giosta sa deoch uisce coipthe reo-triomaithe seo. Taca\u00edonn s\u00e9 le fl\u00f3ra intestinal, d\u00edle\u00e1 agus c\u00f3ras imdh\u00edonachta i madra\u00ed agus cait. Oiri\u00fanach tar \u00e9is antaibheathach n\u00f3 deworming.  <\/p>\n","protected":false},"featured_media":17828,"comment_status":"open","ping_status":"closed","template":"","meta":{"wds_primary_product_brand":0,"wds_primary_product_cat":16,"wds_primary_merken":0},"product_brand":[],"product_cat":[1809,1888,1890],"product_tag":[1896,1900,1894,1914,1904,1902,1916,1906,1915,1910,1892,1898,1912,1913,1908],"merken":[],"class_list":{"0":"post-6377","1":"product","2":"type-product","3":"status-publish","4":"has-post-thumbnail","6":"product_cat-coras-imdhionachta","7":"product_cat-dilea","8":"product_cat-forliontai-ortomoilineach","9":"product_tag-ainmhithe","10":"product_tag-cait","11":"product_tag-cat-ga","12":"product_tag-coipeadh","13":"product_tag-coras-imdhionachta","14":"product_tag-forlionadh","15":"product_tag-forliontai-curaim-ngd","16":"product_tag-iomlanaioch","17":"product_tag-kefir-ga","18":"product_tag-kefir-uisce","19":"product_tag-madra","20":"product_tag-madrai","21":"product_tag-micribhithom","22":"product_tag-probiotics-ga","23":"product_tag-slainte-gut","24":"infinite-scroll-item","25":"sales-flash-overlay","26":"woocommerce-text-align-center","27":"woocommerce-image-align-center","28":"do-quantity-buttons","30":"first","31":"instock","32":"taxable","33":"shipping-taxable","34":"purchasable","35":"product-type-simple"},"_links":{"self":[{"href":"https:\/\/www.ngdcare.nl\/ga\/wp-json\/wp\/v2\/product\/6377","targetHints":{"allow":["GET"]}}],"collection":[{"href":"https:\/\/www.ngdcare.nl\/ga\/wp-json\/wp\/v2\/product"}],"about":[{"href":"https:\/\/www.ngdcare.nl\/ga\/wp-json\/wp\/v2\/types\/product"}],"replies":[{"embeddable":true,"href":"https:\/\/www.ngdcare.nl\/ga\/wp-json\/wp\/v2\/comments?post=6377"}],"wp:featuredmedia":[{"embeddable":true,"href":"https:\/\/www.ngdcare.nl\/ga\/wp-json\/wp\/v2\/media\/17828"}],"wp:attachment":[{"href":"https:\/\/www.ngdcare.nl\/ga\/wp-json\/wp\/v2\/media?parent=6377"}],"wp:term":[{"taxonomy":"product_brand","embeddable":true,"href":"https:\/\/www.ngdcare.nl\/ga\/wp-json\/wp\/v2\/product_brand?post=6377"},{"taxonomy":"product_cat","embeddable":true,"href":"https:\/\/www.ngdcare.nl\/ga\/wp-json\/wp\/v2\/product_cat?post=6377"},{"taxonomy":"product_tag","embeddable":true,"href":"https:\/\/www.ngdcare.nl\/ga\/wp-json\/wp\/v2\/product_tag?post=6377"},{"taxonomy":"merken","embeddable":true,"href":"https:\/\/www.ngdcare.nl\/ga\/wp-json\/wp\/v2\/merken?post=6377"}],"curies":[{"name":"wp","href":"https:\/\/api.w.org\/{rel}","templated":true}]}}