{"id":6390,"date":"2024-01-22T21:26:27","date_gmt":"2024-01-22T21:26:27","guid":{"rendered":"https:\/\/www.ngdcare.nl\/product\/uncategorized\/pea-liposomal-agus-boswellia-coimpleasc-pea-liposomal\/"},"modified":"2026-04-07T16:15:09","modified_gmt":"2026-04-07T14:15:09","slug":"pea-liposomal-agus-boswellia-coimpleasc-pea-liposomal","status":"publish","type":"product","link":"https:\/\/www.ngdcare.nl\/ga\/product\/veterinary-health\/forliontai-ortomoilineach\/pea-liposomal-agus-boswellia-coimpleasc-pea-liposomal\/","title":{"rendered":"PEA Liposomal agus Boswellia \u2013 Coimpl\u00e9asc PEA Liposomal"},"content":{"rendered":"<p style=\"font-weight: 400;\">C\u00faram NGD \u2013 Is measc\u00e1n sineirgisteach \u00e9 <strong>coimpl\u00e9asc PEA Liposomal<\/strong> de <strong>Palmitoylethanolamide (PEA)<\/strong> agus <strong>Boswellia serrata<\/strong>, dh\u00e1 shubstaint n\u00e1d\u00fartha le h\u00e9ifeachta\u00ed cruthaithe i bpian ainsealach, athlasadh agus neamhoird n\u00e9ar\u00f3gacha. A bhu\u00edochas le teicneola\u00edocht liposomal, d\u00e9antar an d\u00e1 shubstaint ghn\u00edomhacha a ions\u00fa n\u00edos fearr i gcorp madra\u00ed agus cait agus a sheachadadh ar bhealach spriocdh\u00edrithe ag an leibh\u00e9al ceallach agus f\u00edoch\u00e1in. <\/p>\n<p style=\"font-weight: 400;\">Is \u00e9ard at\u00e1 i PEA n\u00e1 aim\u00edd aig\u00e9ad sailleach an chomhlachta f\u00e9in a bhfuil baint aige leis an gc\u00f3ras endocannabinoid. T\u00e1 r\u00f3l t\u00e1bhachtach aige maidir le cosc a chur ar phr\u00f3isis athlastacha agus spreagtha\u00ed pian tr\u00ed, i measc ruda\u00ed eile, idirghn\u00edomh\u00fa leis an receptor PPAR-\u03b1. T\u00e1 \u00e9ifeacht frith-athlastach, neuroprotective agus imdh\u00edonachta ag PEA. I measc na n-iarratas t\u00e1 osteoarthritis, airtr\u00edteas, pian n\u00e9ar\u00f3g, gear\u00e1in intestinal, gear\u00e1in craicinn agus glaucoma.   <\/p>\n<p style=\"font-weight: 400;\">Is sliocht rois\u00edn \u00e9 Boswellia serrata (frankincense Indiach) a bhfuil air\u00edonna frith-athlastacha cumhachtacha aige. Cuireann a chomhph\u00e1irteanna gn\u00edomhacha, mar shampla aig\u00e9id boswellic, bac ar eins\u00edm\u00ed cos\u00fail le 5-LOX a bhfuil baint acu le athlasadh ainsealach. \u00das\u00e1idtear Boswellia go traidisi\u00fanta le haghaidh pian comhph\u00e1irteach, galair autoimmune, galair riospr\u00e1ide agus gear\u00e1in bput\u00f3g irritable.  <\/p>\n<p style=\"font-weight: 400;\">Sol\u00e1thra\u00edonn an teaglaim de PEA agus Boswellia \u00e9ifeacht neartaithe (sineirgisteach): riala\u00edonn PEA seoladh n\u00e9ar\u00f3g agus freagairt athlastach, agus cuireann Boswellia na pr\u00f3isis seo faoi chois ar leibh\u00e9al bithcheimiceach. F\u00e1gann s\u00e9 seo go bhfuil an measc\u00e1n seo oiri\u00fanach mar rogha n\u00e1d\u00fartha n\u00f3 mar fhorl\u00edonadh do painkillers rialta (mar shampla NSAIDanna). <\/p>\n","protected":false},"excerpt":{"rendered":"<p style=\"font-weight: 400;\">Foirmle liposomal le PEA agus Boswellia chun tac\u00fa le pian ainsealach, athlasadh agus gear\u00e1in n\u00e9ar\u00f3g i madra\u00ed agus cait. Malartach n\u00e1d\u00fartha n\u00f3 forl\u00edonadh ar fhaoiseamh pian. <\/p>\n","protected":false},"featured_media":17900,"comment_status":"open","ping_status":"closed","template":"","meta":{"wds_primary_product_brand":0,"wds_primary_product_cat":187,"wds_primary_merken":0},"product_brand":[],"product_cat":[1890,2074,2072,2073],"product_tag":[1896,2089,2090,1900,2082,1916,2078,2087,2075,1898,2084,2086,2080,2088,2092],"merken":[],"class_list":{"0":"post-6390","1":"product","2":"type-product","3":"status-publish","4":"has-post-thumbnail","6":"product_cat-forliontai-ortomoilineach","7":"product_cat-frith-athlastach","8":"product_cat-hailt","9":"product_cat-liposomach","10":"product_tag-ainmhithe","11":"product_tag-airtrois","12":"product_tag-boswellia-ga","13":"product_tag-cait","14":"product_tag-endocannabinoid-ga","15":"product_tag-forliontai-curaim-ngd","16":"product_tag-frith-athlastach-nadurtha","17":"product_tag-glaucoma-ga","18":"product_tag-liposomach","19":"product_tag-madrai","20":"product_tag-neuralgia-ga","21":"product_tag-neuropathy-ga","22":"product_tag-painkiller-nadurtha","23":"product_tag-pea-ga","24":"product_tag-tacaiocht-chomhphairteach","25":"infinite-scroll-item","26":"sales-flash-overlay","27":"woocommerce-text-align-center","28":"woocommerce-image-align-center","29":"do-quantity-buttons","31":"first","32":"instock","33":"taxable","34":"shipping-taxable","35":"purchasable","36":"product-type-simple"},"_links":{"self":[{"href":"https:\/\/www.ngdcare.nl\/ga\/wp-json\/wp\/v2\/product\/6390","targetHints":{"allow":["GET"]}}],"collection":[{"href":"https:\/\/www.ngdcare.nl\/ga\/wp-json\/wp\/v2\/product"}],"about":[{"href":"https:\/\/www.ngdcare.nl\/ga\/wp-json\/wp\/v2\/types\/product"}],"replies":[{"embeddable":true,"href":"https:\/\/www.ngdcare.nl\/ga\/wp-json\/wp\/v2\/comments?post=6390"}],"wp:featuredmedia":[{"embeddable":true,"href":"https:\/\/www.ngdcare.nl\/ga\/wp-json\/wp\/v2\/media\/17900"}],"wp:attachment":[{"href":"https:\/\/www.ngdcare.nl\/ga\/wp-json\/wp\/v2\/media?parent=6390"}],"wp:term":[{"taxonomy":"product_brand","embeddable":true,"href":"https:\/\/www.ngdcare.nl\/ga\/wp-json\/wp\/v2\/product_brand?post=6390"},{"taxonomy":"product_cat","embeddable":true,"href":"https:\/\/www.ngdcare.nl\/ga\/wp-json\/wp\/v2\/product_cat?post=6390"},{"taxonomy":"product_tag","embeddable":true,"href":"https:\/\/www.ngdcare.nl\/ga\/wp-json\/wp\/v2\/product_tag?post=6390"},{"taxonomy":"merken","embeddable":true,"href":"https:\/\/www.ngdcare.nl\/ga\/wp-json\/wp\/v2\/merken?post=6390"}],"curies":[{"name":"wp","href":"https:\/\/api.w.org\/{rel}","templated":true}]}}