{"id":6391,"date":"2024-01-22T21:13:11","date_gmt":"2024-01-22T21:13:11","guid":{"rendered":"https:\/\/www.ngdcare.nl\/product\/uncategorized\/liposomal-fulvic-agus-aigead-humach-tacaiocht-bacainn-gut-liposomal\/"},"modified":"2026-04-09T22:44:38","modified_gmt":"2026-04-09T20:44:38","slug":"liposomal-fulvic-agus-aigead-humach-tacaiocht-bacainn-gut-liposomal","status":"publish","type":"product","link":"https:\/\/www.ngdcare.nl\/ga\/product\/cogaslann-peatai-nadurtha\/liposomach\/liposomal-fulvic-agus-aigead-humach-tacaiocht-bacainn-gut-liposomal\/","title":{"rendered":"Liposomal Fulvic agus aig\u00e9ad humach \u2013 Taca\u00edocht bacainn gut liposomal"},"content":{"rendered":"<p style=\"font-weight: 400;\">T\u00e1 measc\u00e1n <strong>d&#8217;aig\u00e9ad fulvic agus d&#8217;aig\u00e9ad humach<\/strong> i <strong> dtaca\u00edocht bacainn gut liposomal<\/strong> <strong>NGD Care<\/strong>, araon i bhfoirm liposomal le haghaidh ions\u00fa is fearr. Taca\u00edonn an forl\u00edonadh uath\u00fail seo le hathch\u00f3iri\u00fa an bhacainn intestinal, cuireann s\u00e9 d\u00edthocsaini\u00fa chun cinn agus cuireann s\u00e9 le hions\u00fa n\u00edos fearr cothaithigh agus riand\u00faile. <\/p>\n<p style=\"font-weight: 400;\">Is substaint me\u00e1chain mh\u00f3il\u00edneach \u00edseal \u00e9 aig\u00e9ad fulvic at\u00e1 in ann mianra\u00ed, vitim\u00edn\u00ed, riand\u00faile agus fi\u00fa tocsain\u00ed a cheangal agus iad a iompar chuig cealla coirp. T\u00e1 s\u00e9 ar eolas mar gheall ar a chumas miotail throma, mycotoxins, agus pataigin\u00ed a cheangal agus a bhaint as an gcorp. T\u00e1 \u00e9ifeacht frithocsa\u00eddeach ag aig\u00e9ad fulvic freisin agus is f\u00e9idir leis cur le fl\u00f3ra intestinal sl\u00e1inti\u00fail.  <\/p>\n<p style=\"font-weight: 400;\">T\u00e1 aig\u00e9ad humach ceangailte go n\u00e1d\u00fartha le miotail cheana f\u00e9in agus feidhm\u00edonn s\u00e9 mar fhoinse riand\u00faile riachtanacha. Taca\u00edonn s\u00e9 le hat\u00f3g\u00e1il an bhalla intestinal (acomhail daingean), spreagann s\u00e9 an ciseal membrane m\u00facasach agus cuireann s\u00e9 le haisghabh\u00e1il gut sceite. <\/p>\n<p style=\"font-weight: 400;\">Is f\u00e9idir leis an measc\u00e1n seo ions\u00fa agus cosaint cothaithigh sa st\u00e9ig a fheabhs\u00fa, agus substaint\u00ed d\u00edobh\u00e1lacha a bhaint.<\/p>\n","protected":false},"excerpt":{"rendered":"<div>\n<p class=\"p3\">Foirmle aig\u00e9ad fulvic agus humach liposomal chun tac\u00fa leis an mballa intestinal, d\u00edthocsaini\u00fa agus ions\u00fa cothaitheach. Oiri\u00fanach do mhadra\u00ed agus do chait. <\/p>\n<\/div>\n","protected":false},"featured_media":17913,"comment_status":"open","ping_status":"closed","template":"","meta":[],"product_brand":[],"product_cat":[1888,1890,2073],"product_tag":[2081,2077,1896,2076,1900,2085,2091,2093,1916,2083,2079,2075,1898,1912,1908],"merken":[],"class_list":{"0":"post-6391","1":"product","2":"type-product","3":"status-publish","4":"has-post-thumbnail","6":"product_cat-dilea","7":"product_cat-forliontai-ortomoilineach","8":"product_cat-liposomach","9":"product_tag-aigead-fulvic","10":"product_tag-aigead-humach","11":"product_tag-ainmhithe","12":"product_tag-bputoga","13":"product_tag-cait","14":"product_tag-dithocsainiu","15":"product_tag-forlionadh-ainmhithe","16":"product_tag-forliontai","17":"product_tag-forliontai-curaim-ngd","18":"product_tag-gut-sceite","19":"product_tag-humine-ga","20":"product_tag-liposomach","21":"product_tag-madrai","22":"product_tag-micribhithom","23":"product_tag-slainte-gut","24":"infinite-scroll-item","25":"sales-flash-overlay","26":"woocommerce-text-align-center","27":"woocommerce-image-align-center","28":"do-quantity-buttons","30":"first","31":"instock","32":"taxable","33":"shipping-taxable","34":"purchasable","35":"product-type-simple"},"_links":{"self":[{"href":"https:\/\/www.ngdcare.nl\/ga\/wp-json\/wp\/v2\/product\/6391","targetHints":{"allow":["GET"]}}],"collection":[{"href":"https:\/\/www.ngdcare.nl\/ga\/wp-json\/wp\/v2\/product"}],"about":[{"href":"https:\/\/www.ngdcare.nl\/ga\/wp-json\/wp\/v2\/types\/product"}],"replies":[{"embeddable":true,"href":"https:\/\/www.ngdcare.nl\/ga\/wp-json\/wp\/v2\/comments?post=6391"}],"wp:featuredmedia":[{"embeddable":true,"href":"https:\/\/www.ngdcare.nl\/ga\/wp-json\/wp\/v2\/media\/17913"}],"wp:attachment":[{"href":"https:\/\/www.ngdcare.nl\/ga\/wp-json\/wp\/v2\/media?parent=6391"}],"wp:term":[{"taxonomy":"product_brand","embeddable":true,"href":"https:\/\/www.ngdcare.nl\/ga\/wp-json\/wp\/v2\/product_brand?post=6391"},{"taxonomy":"product_cat","embeddable":true,"href":"https:\/\/www.ngdcare.nl\/ga\/wp-json\/wp\/v2\/product_cat?post=6391"},{"taxonomy":"product_tag","embeddable":true,"href":"https:\/\/www.ngdcare.nl\/ga\/wp-json\/wp\/v2\/product_tag?post=6391"},{"taxonomy":"merken","embeddable":true,"href":"https:\/\/www.ngdcare.nl\/ga\/wp-json\/wp\/v2\/merken?post=6391"}],"curies":[{"name":"wp","href":"https:\/\/api.w.org\/{rel}","templated":true}]}}