{"id":6409,"date":"2024-01-22T20:46:21","date_gmt":"2024-01-22T20:46:21","guid":{"rendered":"https:\/\/www.ngdcare.nl\/product\/uncategorized\/liposomale-vitimin-c-vitimin-c-liposomal\/"},"modified":"2026-05-04T21:21:05","modified_gmt":"2026-05-04T19:21:05","slug":"liposomale-vitimin-c-vitimin-c-liposomal","status":"publish","type":"product","link":"https:\/\/www.ngdcare.nl\/ga\/product\/veterinary-health\/forliontai-ortomoilineach\/liposomale-vitimin-c-vitimin-c-liposomal\/","title":{"rendered":"Vitim\u00edn C Liposomal"},"content":{"rendered":"<p class=\"font-claude-response-body break-words whitespace-normal leading-[1.7]\">C\u00faram NGD Liposomal Vitim\u00edn C: frithocsa\u00eddeoir\u00ed, taca\u00edocht imdh\u00edonachta agus collagen i madra\u00ed, cait agus daoine<\/p>\n<p class=\"font-claude-response-body break-words whitespace-normal leading-[1.7]\">Is vitim\u00edn intuaslagtha in uisce \u00e9 vitim\u00edn C (aig\u00e9ad ascorbic) le pr\u00f3if\u00edl gn\u00edomha\u00edochta thar a bheith leathan: is frithocsa\u00eddeoir cumhachtach \u00e9, cofactor riachtanach do shint\u00e9is collagen, taca\u00edonn s\u00e9 leis an bhfreagairt imdh\u00edonachta agus \u00e9asca\u00edonn s\u00e9 d\u00edthocsaini\u00fa c\u00e9im II san ae tr\u00ed chomhchuingi\u00fa tocsain\u00ed agus miotail throma. Is \u00e9 an rud a fh\u00e1gann go bhfuil vitim\u00edn C uath\u00fail i measc vitim\u00edn\u00ed n\u00e1 a r\u00f3l mar athghinead\u00f3ir frithocsa\u00eddeoir\u00ed eile: filleann ascorbate vitim\u00edn E ocsa\u00eddithe agus glutathione ar a bhfoirm ghn\u00edomhach, ag coinne\u00e1il an l\u00edonra frithocsa\u00eddeach ar fad go h\u00e9ifeachtach. <\/p>\n<p class=\"font-claude-response-body break-words whitespace-normal leading-[1.7]\">Is f\u00e9idir le madra\u00ed, cait agus capaill vitim\u00edn C a dh\u00e9anamh iad f\u00e9in tr\u00edd an ae \u00f3 ghl\u00fac\u00f3s, tr\u00edd an gcos\u00e1n gulonolactone oxidase. D\u00e9anann s\u00e9 seo idirdheal\u00fa idir iad agus daoine, nach bhfuil an eins\u00edm seo acu. Go praitici\u00fail, \u00e1fach, n\u00ed leor an t\u00e1irgeadh endogenous seo i gc\u00f3na\u00ed: le seanaois, galar ainsealach, fadhbanna ae, dianoili\u00faint, ionfhabhtuithe agus strus ainsealach, laghda\u00edonn sint\u00e9is vitim\u00edn C go suntasach, agus m\u00e9ada\u00edonn an riachtanas mar gheall ar ualach ocsa\u00eddi\u00fach\u00e1in m\u00e9adaithe. T\u00e1 forl\u00edonadh sna c\u00e1sanna seo bunaithe go meicni\u00fail.   <\/p>\n<p class=\"font-claude-response-body break-words whitespace-normal leading-[1.7]\">Is \u00e9 an d\u00fashl\u00e1n le vitim\u00edn C \u00f3 bh\u00e9al traidisi\u00fanta n\u00e1 an bhith-infhaighteacht theoranta ag d\u00e1ileoga n\u00edos airde: d\u00e9antar ions\u00fa tr\u00ed iompr\u00f3ir\u00ed s\u00f3idiam-sple\u00e1ch (SVCT1 agus SVCT2) a sh\u00e1ith\u00edonn ag thart ar 200 mg in aghaidh an d\u00e1ileog, agus ina dhiaidh sin eisfheartar ascorbate iomarcach tr\u00ed na du\u00e1in. Timpealla\u00edonn foirmli\u00fa liposomal NGD Care an fhadhb seo go p\u00e1irteach: cosna\u00edonn fosfailipid\u00ed ascorbate \u00f3 dh\u00edghr\u00e1d\u00fa ocsa\u00eddi\u00fach\u00e1in sa chonair gastrointestinal agus \u00e9asca\u00edonn siad ions\u00fa tr\u00ed endocytosis, ar leithligh \u00f3 na hiompr\u00f3ir\u00ed satiable. T\u00e1 ti\u00fachan plasma n\u00edos airde i gc\u00f3na\u00ed ag ullmh\u00f3id\u00ed liposomal n\u00e1 ullmh\u00f3id\u00ed b\u00e9il neamh-liposomal ag d\u00e1ileoga comhchos\u00fala.  <\/p>\n<p class=\"font-claude-response-body break-words whitespace-normal leading-[1.7]\">Is f\u00e9idir vitim\u00edn C a \u00fas\u00e1id i raon leathan t\u00e1sca: taca\u00edocht imdh\u00edonachta i ngalair th\u00f3g\u00e1lacha agus m\u00edfheidhm imdh\u00edonachta ainsealach, taca\u00edocht chomhph\u00e1irteach tr\u00ed shint\u00e9is collagen, sl\u00e1inte craicinn agus cneasaithe cr\u00e9achta, aisghabh\u00e1il iar-obr\u00e1ide, d\u00edthocsaini\u00fa ae i gc\u00e1s ualach tocsaineach agus mar chuid de Phr\u00f3tacal Gut C\u00faraim NGD i gc\u00e9im 1 le haghaidh cosaint frithocsa\u00eddeach i nd\u00edghr\u00e1d\u00fa bithscann\u00e1in.<\/p>\n<p class=\"font-claude-response-body break-words whitespace-normal leading-[1.7]\">Ar mhaith leat n\u00edos m\u00f3 a l\u00e9amh faoi ch\u00falra eola\u00edoch vitim\u00edn C, ions\u00fa liposomal agus a fheidhmeanna i madra\u00ed, cait agus daoine? L\u00e9igh an p\u00edosa c\u00falra fairsing: Vitim\u00edn C Liposomal: Ascorbate, L\u00edonra Frithocsa\u00eddeach agus Feidhm Imdh\u00edonachta M\u00ednithe. <\/p>\n","protected":false},"excerpt":{"rendered":"<p style=\"font-weight: 400;\">Vitim\u00edn C liposomal (aig\u00e9ad ascorbic) le haghaidh ions\u00fa is fearr. Taca\u00edonn s\u00e9 leis an gc\u00f3ras imdh\u00edonachta, t\u00e1irgeadh collagen agus d\u00edthocsaini\u00fa i madra\u00ed agus cait. Oiri\u00fanach le haghaidh strus, tinneas n\u00f3 dul in aois.  <\/p>\n","protected":false},"featured_media":18026,"comment_status":"open","ping_status":"closed","template":"","meta":{"wds_primary_product_brand":0,"wds_primary_product_cat":187,"wds_primary_merken":0},"product_brand":[],"product_cat":[1809,1888,1890,2074,2072,2073],"product_tag":[1896,2307,2141,1900,1904,2315,2305,2304,2308,2316,1902,2306,2311,2313,1906,2075,1898,2312,2309,2310,2314],"merken":[],"class_list":{"0":"post-6409","1":"product","2":"type-product","3":"status-publish","4":"has-post-thumbnail","6":"product_cat-coras-imdhionachta","7":"product_cat-dilea","8":"product_cat-forliontai-ortomoilineach","9":"product_cat-frith-athlastach","10":"product_cat-hailt","11":"product_cat-liposomach","12":"product_tag-ainmhithe","13":"product_tag-anailgeiseach","14":"product_tag-beocht","15":"product_tag-cait","16":"product_tag-coras-imdhionachta","17":"product_tag-cosaint-cille","18":"product_tag-curcuma-ga","19":"product_tag-curcumin-ga","20":"product_tag-dar-ndoigh","21":"product_tag-dithocsainiu-ga","22":"product_tag-forlionadh","23":"product_tag-frith-athlastach","24":"product_tag-frithocsaideoir","25":"product_tag-fuinneamh","26":"product_tag-iomlanaioch","27":"product_tag-liposomach","28":"product_tag-madrai","29":"product_tag-rithabhachtach","30":"product_tag-slainte","31":"product_tag-slainte-chomhphairteach","32":"product_tag-tairgeadh-collagen","33":"infinite-scroll-item","34":"sales-flash-overlay","35":"woocommerce-text-align-center","36":"woocommerce-image-align-center","37":"do-quantity-buttons","39":"first","40":"instock","41":"taxable","42":"shipping-taxable","43":"purchasable","44":"product-type-simple"},"_links":{"self":[{"href":"https:\/\/www.ngdcare.nl\/ga\/wp-json\/wp\/v2\/product\/6409","targetHints":{"allow":["GET"]}}],"collection":[{"href":"https:\/\/www.ngdcare.nl\/ga\/wp-json\/wp\/v2\/product"}],"about":[{"href":"https:\/\/www.ngdcare.nl\/ga\/wp-json\/wp\/v2\/types\/product"}],"replies":[{"embeddable":true,"href":"https:\/\/www.ngdcare.nl\/ga\/wp-json\/wp\/v2\/comments?post=6409"}],"wp:featuredmedia":[{"embeddable":true,"href":"https:\/\/www.ngdcare.nl\/ga\/wp-json\/wp\/v2\/media\/18026"}],"wp:attachment":[{"href":"https:\/\/www.ngdcare.nl\/ga\/wp-json\/wp\/v2\/media?parent=6409"}],"wp:term":[{"taxonomy":"product_brand","embeddable":true,"href":"https:\/\/www.ngdcare.nl\/ga\/wp-json\/wp\/v2\/product_brand?post=6409"},{"taxonomy":"product_cat","embeddable":true,"href":"https:\/\/www.ngdcare.nl\/ga\/wp-json\/wp\/v2\/product_cat?post=6409"},{"taxonomy":"product_tag","embeddable":true,"href":"https:\/\/www.ngdcare.nl\/ga\/wp-json\/wp\/v2\/product_tag?post=6409"},{"taxonomy":"merken","embeddable":true,"href":"https:\/\/www.ngdcare.nl\/ga\/wp-json\/wp\/v2\/merken?post=6409"}],"curies":[{"name":"wp","href":"https:\/\/api.w.org\/{rel}","templated":true}]}}