{"id":6422,"date":"2023-11-10T16:08:23","date_gmt":"2023-11-10T16:08:23","guid":{"rendered":"https:\/\/www.ngdcare.nl\/product\/uncategorized\/ashwagandha-liposomal-agus-rhodiola-coimpleasc-adaptogen-liposomal\/"},"modified":"2026-04-07T17:19:22","modified_gmt":"2026-04-07T15:19:22","slug":"ashwagandha-liposomal-agus-rhodiola-coimpleasc-adaptogen-liposomal","status":"publish","type":"product","link":"https:\/\/www.ngdcare.nl\/ga\/veterinary-health\/supplementen-dier\/ashwagandha-liposomal-agus-rhodiola-coimpleasc-adaptogen-liposomal\/ashwagandha-liposomal-agus-rhodiola-coimpleasc-adaptogen-liposomal\/","title":{"rendered":"Ashwagandha Liposomal agus Rhodiola \u2013 Coimpl\u00e9asc adaptogen liposomal"},"content":{"rendered":"<p style=\"font-weight: 400;\">Comhcheangla\u00edonn <strong>Coimpl\u00e9asc Adaptogen Liposomal<\/strong> le <strong>NGD Care<\/strong> dh\u00e1 cheann de na luibheanna adaptogenic is fearr a ndearnadh taighde orthu: <strong>Ashwagandha (Withania somnifera)<\/strong> agus <strong>Rhodiola (Rhodiola rosea),<\/strong> ionchorpraithe i maitr\u00eds liposomal le haghaidh bith-infhaighteacht is fearr. A bhu\u00edochas leis an bhfoirmli\u00fa seo, feabhsa\u00edtear ions\u00fa tr\u00edd an st\u00e9ig agus cillseicn\u00ed go m\u00f3r, fi\u00fa in ainmhithe a bhfuil fadhbanna d\u00edle\u00e1cha n\u00f3 strus ainsealach orthu. <\/p>\n<p style=\"font-weight: 400;\">Is substaint\u00ed n\u00e1d\u00fartha iad adaptogens a chabhra\u00edonn leis an gcomhlacht d\u00e9ile\u00e1il le strus fisiceach agus moth\u00fach\u00e1nach, tr\u00ed homeostasis a athbhun\u00fa. T\u00e1 \u00e9ifeacht rial\u00e1la ag an measc\u00e1n seo: laghda\u00edonn s\u00e9 strus nuair a bh\u00edonn an n\u00e9arch\u00f3ras r\u00f3ghn\u00edomhach, ach spreagann s\u00e9 fuinneamh agus athl\u00e9imneacht nuair a bh\u00edonn s\u00e9 \u00eddithe. <\/p>\n<p style=\"font-weight: 400;\">T\u00e1 Ashwagandha ar eolas mar gheall ar a \u00e9ifeachta\u00ed frith-imn\u00ed, sc\u00edth a ligean agus imdh\u00edonachta, agus t\u00e1 Rhodiola \u00e9ifeachtach go h\u00e1irithe le haghaidh tuirse meabhrach agus fisiceach, laghd\u00fa feidhm\u00edochta, agus t\u00e9arnamh tar \u00e9is breoiteachta n\u00f3 acla\u00edochta. Le ch\u00e9ile, taca\u00edonn siad leis an gc\u00f3ras horm\u00f3nach (ais HPA), cuireann siad cosc ar strus ocsa\u00eddi\u00fach\u00e1in agus cuireann siad le hathnuachan cille agus athl\u00e9imneacht struis. <\/p>\n","protected":false},"excerpt":{"rendered":"<div>\n<p class=\"p3\">Adaptogens liposomal cumhachtach Ashwagandha agus Rhodiola do mhadra\u00ed agus cait. Taca\u00edonn s\u00e9 le strus, tuirse agus t\u00e9arnamh. Ions\u00fa ard mar gheall ar fhoirmli\u00fa liposomal.  <\/p>\n<\/div>\n","protected":false},"featured_media":17965,"comment_status":"open","ping_status":"closed","template":"","meta":{"wds_primary_product_brand":0,"wds_primary_product_cat":187,"wds_primary_merken":0},"product_brand":[],"product_cat":[16,187,22,87],"product_tag":[2136,1896,2477,2141,2482,1894,1904,2481,2487,2486,2484,2488,2485,2480,1916,2313,1906,2476,2479,2075,1892,2478,2483],"merken":[],"class_list":{"0":"post-6422","1":"product","2":"type-product","3":"status-publish","4":"has-post-thumbnail","6":"product_cat-spijsvertering","7":"product_cat-supplementen-dier","8":"product_cat-gedrag","9":"product_cat-liposomaal","10":"product_tag-adaptogen-ga","11":"product_tag-ainmhithe","12":"product_tag-ashwagandha-ga","13":"product_tag-beocht","14":"product_tag-caitheamh-aimsire","15":"product_tag-cat-ga","16":"product_tag-coras-imdhionachta","17":"product_tag-cothromaiocht-hormonach","18":"product_tag-cothromaiocht-mhothuchanach","19":"product_tag-deisiuchan","20":"product_tag-dilea-codlata","21":"product_tag-faireoga-adrenal","22":"product_tag-focas-agus-tiuchan","23":"product_tag-forlionadh-nadurtha","24":"product_tag-forliontai-curaim-ngd","25":"product_tag-fuinneamh","26":"product_tag-iomlanaioch","27":"product_tag-iompar","28":"product_tag-laghdu-struis","29":"product_tag-liposomach","30":"product_tag-madra","31":"product_tag-rhodiola-ga","32":"product_tag-scith-a-ligean","33":"infinite-scroll-item","34":"sales-flash-overlay","35":"woocommerce-text-align-center","36":"woocommerce-image-align-center","37":"do-quantity-buttons","39":"first","40":"instock","41":"taxable","42":"shipping-taxable","43":"purchasable","44":"product-type-simple"},"_links":{"self":[{"href":"https:\/\/www.ngdcare.nl\/ga\/wp-json\/wp\/v2\/product\/6422","targetHints":{"allow":["GET"]}}],"collection":[{"href":"https:\/\/www.ngdcare.nl\/ga\/wp-json\/wp\/v2\/product"}],"about":[{"href":"https:\/\/www.ngdcare.nl\/ga\/wp-json\/wp\/v2\/types\/product"}],"replies":[{"embeddable":true,"href":"https:\/\/www.ngdcare.nl\/ga\/wp-json\/wp\/v2\/comments?post=6422"}],"wp:featuredmedia":[{"embeddable":true,"href":"https:\/\/www.ngdcare.nl\/ga\/wp-json\/wp\/v2\/media\/17965"}],"wp:attachment":[{"href":"https:\/\/www.ngdcare.nl\/ga\/wp-json\/wp\/v2\/media?parent=6422"}],"wp:term":[{"taxonomy":"product_brand","embeddable":true,"href":"https:\/\/www.ngdcare.nl\/ga\/wp-json\/wp\/v2\/product_brand?post=6422"},{"taxonomy":"product_cat","embeddable":true,"href":"https:\/\/www.ngdcare.nl\/ga\/wp-json\/wp\/v2\/product_cat?post=6422"},{"taxonomy":"product_tag","embeddable":true,"href":"https:\/\/www.ngdcare.nl\/ga\/wp-json\/wp\/v2\/product_tag?post=6422"},{"taxonomy":"merken","embeddable":true,"href":"https:\/\/www.ngdcare.nl\/ga\/wp-json\/wp\/v2\/merken?post=6422"}],"curies":[{"name":"wp","href":"https:\/\/api.w.org\/{rel}","templated":true}]}}