{"id":6572,"date":"2025-05-30T00:18:10","date_gmt":"2025-05-29T22:18:10","guid":{"rendered":"https:\/\/www.ngdcare.nl\/product\/uncategorized\/kale\/"},"modified":"2025-10-04T14:10:53","modified_gmt":"2025-10-04T12:10:53","slug":"kale","status":"publish","type":"product","link":"https:\/\/www.ngdcare.nl\/ga\/product\/veterinary-health\/saibhriu\/toppings-bia\/kale\/","title":{"rendered":"Kale"},"content":{"rendered":"<p class=\"p1\">Is p\u00fadar <strong>org\u00e1nach<\/strong> \u00edon 100% \u00e9 <span class=\"s1\"><br \/>\n  <b>P\u00fadar Kale NGD Care<\/b><br \/>\n<\/span> a dh\u00e9antar as duilleoga c\u00e1l glasa triomaithe \u2013 ceann de na superfoods glasra\u00ed is cumhachta\u00ed ar domhan.<\/p>\n<p class=\"p1\">T\u00e1 leibh\u00e9il thar a bheith ard vitim\u00edn\u00ed (mar shampla A, C, K, agus an coimpl\u00e9asc B ar fad) agus mianra\u00ed (lena n-\u00e1ir\u00edtear cailciam, iarann, maign\u00e9isiam, potaisiam, iarann, agus mangain\u00e9is). Ina theannta sin, t\u00e1 s\u00e9 saibhir i cl\u00f3raifill agus frithocsa\u00eddeoir\u00ed a chuireann le cosaint cille, d\u00edthocsaini\u00fa agus c\u00f3ras imdh\u00edonachta sl\u00e1inti\u00fail. <\/p>\n<p class=\"p1\">A bhu\u00edochas d\u00e1 blas \u00e9adrom agus dl\u00fas ard cothaitheach, t\u00e1 an p\u00fadar seo foirfe mar bhreis laeth\u00fail ar aiste bia madra agus cat araon. F\u00edor-uile-rounder le haghaidh n\u00edos m\u00f3 beogachta \u00f3n taobh istigh. <\/p>\n","protected":false},"excerpt":{"rendered":"<p class=\"p1\">P\u00fadar c\u00e1l org\u00e1nach pac\u00e1ilte le vitim\u00edn\u00ed, mianra\u00ed, cl\u00f3raifill agus frithocsa\u00eddeoir\u00ed. D\u00edthocsainithe, cothaitheach agus foirfe mar shaibhri\u00fa n\u00e1d\u00fartha d&#8217;aon bh\u00e9ile. <\/p>\n","protected":false},"featured_media":11308,"comment_status":"open","ping_status":"closed","template":"","meta":{"wds_primary_product_brand":0,"wds_primary_product_cat":0,"wds_primary_merken":0},"product_brand":[],"product_cat":[2522,2523],"product_tag":[],"merken":[],"class_list":{"0":"post-6572","1":"product","2":"type-product","3":"status-publish","4":"has-post-thumbnail","6":"product_cat-saibhriu","7":"product_cat-toppings-bia","8":"infinite-scroll-item","9":"sales-flash-overlay","10":"woocommerce-text-align-center","11":"woocommerce-image-align-center","12":"do-quantity-buttons","14":"first","15":"instock","16":"taxable","17":"shipping-taxable","18":"purchasable","19":"product-type-simple"},"_links":{"self":[{"href":"https:\/\/www.ngdcare.nl\/ga\/wp-json\/wp\/v2\/product\/6572","targetHints":{"allow":["GET"]}}],"collection":[{"href":"https:\/\/www.ngdcare.nl\/ga\/wp-json\/wp\/v2\/product"}],"about":[{"href":"https:\/\/www.ngdcare.nl\/ga\/wp-json\/wp\/v2\/types\/product"}],"replies":[{"embeddable":true,"href":"https:\/\/www.ngdcare.nl\/ga\/wp-json\/wp\/v2\/comments?post=6572"}],"wp:featuredmedia":[{"embeddable":true,"href":"https:\/\/www.ngdcare.nl\/ga\/wp-json\/wp\/v2\/media\/11308"}],"wp:attachment":[{"href":"https:\/\/www.ngdcare.nl\/ga\/wp-json\/wp\/v2\/media?parent=6572"}],"wp:term":[{"taxonomy":"product_brand","embeddable":true,"href":"https:\/\/www.ngdcare.nl\/ga\/wp-json\/wp\/v2\/product_brand?post=6572"},{"taxonomy":"product_cat","embeddable":true,"href":"https:\/\/www.ngdcare.nl\/ga\/wp-json\/wp\/v2\/product_cat?post=6572"},{"taxonomy":"product_tag","embeddable":true,"href":"https:\/\/www.ngdcare.nl\/ga\/wp-json\/wp\/v2\/product_tag?post=6572"},{"taxonomy":"merken","embeddable":true,"href":"https:\/\/www.ngdcare.nl\/ga\/wp-json\/wp\/v2\/merken?post=6572"}],"curies":[{"name":"wp","href":"https:\/\/api.w.org\/{rel}","templated":true}]}}