{"id":6633,"date":"2025-10-01T13:11:35","date_gmt":"2025-10-01T11:11:35","guid":{"rendered":"https:\/\/www.ngdcare.nl\/product\/uncategorized\/tae-an-fhomhair-imdhionachta-socair\/"},"modified":"2025-10-03T21:18:37","modified_gmt":"2025-10-03T19:18:37","slug":"tae-an-fhomhair-imdhionachta-socair","status":"publish","type":"product","link":"https:\/\/www.ngdcare.nl\/ga\/product\/saibhriu\/tae\/tae-an-fhomhair-imdhionachta-socair\/","title":{"rendered":"Tae an Fh\u00f3mhair \u2013 Imdh\u00edonachta &amp; Socair"},"content":{"rendered":"<p class=\"p1\">Is measc\u00e1n comhchu\u00ed de luibheanna t\u00e9imh agus <span class=\"s1\"><br \/>\n  <b>suaimhneach \u00e9 Tae an Fh\u00f3mhair NGD Care \u2013 Immune &amp; Calm<\/b><br \/>\n<\/span> a mheaitse\u00e1lann go foirfe le fuinneamh an fh\u00f3mhair. Tugann an measc\u00e1n seo le ch\u00e9ile \u00faire rosehip le bog bl\u00e1thanna linden agus chamomile, comhl\u00e1naithe ag elderflower le haghaidh friota\u00edocht agus leid sins\u00e9ar le haghaidh teas caolch\u00faiseach. D\u00e9anann p\u00edosa\u00ed \u00fall triomaithe an tae cruinn agus bog milis, rud a fh\u00e1gann go bhfuil s\u00e9 n\u00ed hamh\u00e1in feidhmi\u00fail, ach freisin blasta le h\u00f3l go laeth\u00fail.  <\/p>\n<ul>\n<li class=\"p1\"><span class=\"s1\"><br \/>\n  <b>Comhdh\u00e9anamh sineirgisteach<\/b><br \/>\n<\/span>: cothroma\u00edocht idir friota\u00edocht, aerbheala\u00ed, d\u00edle\u00e1 agus sc\u00edth a ligean<\/li>\n<li class=\"p1\"><span class=\"s1\"><br \/>\n  <b>Blas bog<\/b><br \/>\n<\/span>: fruity, bl\u00e1thanna agus beag\u00e1n t\u00e9amh<\/li>\n<li class=\"p1\"><span class=\"s1\"><br \/>\n  <b>Cairdi\u00fail do leana\u00ed agus d&#8217;ainmhithe<\/b><br \/>\n<\/span>: luibheanna roghnaithe go h\u00e9adrom, oiri\u00fanach freisin do bholg \u00edogair<\/li>\n<li class=\"p1\"><span class=\"s1\"><br \/>\n  <b>S\u00e9as\u00faracht n\u00e1d\u00fartha<\/b><br \/>\n<\/span>: taca\u00edonn s\u00e9 leis an aistri\u00fa go laethanta n\u00edos fuaire<\/li>\n<li class=\"p1\"><span class=\"s1\"><br \/>\n  <b>N\u00f3im\u00e9ad laeth\u00fail taitneamh a bhaint as duit f\u00e9in agus do do pheata<\/b><br \/>\n<\/span>: \u00edon, 100% n\u00e1d\u00fartha agus saor \u00f3 chaif\u00e9in<\/li>\n<\/ul>\n<p>Tagann Tae an Fh\u00f3mhair i m\u00e1la in-athsh\u00e9alaithe de <span class=\"s1\"><br \/>\n  <b>50 gram<\/b><br \/>\n<\/span> de luibheanna scaoilte, go maith le haghaidh thart ar 25-30 cup\u00e1n tae<\/p>\n","protected":false},"excerpt":{"rendered":"<p class=\"p1\">Tae luibhe bog agus t\u00e9amh le \u00fall, rosehip, elderberry agus bl\u00e1thanna linden, chamomile agus leid sins\u00e9ar. Curtha le ch\u00e9ile go speisialta chun tac\u00fa leis an gcomhlacht agus leis an intinn san fh\u00f3mhar, le haird ar fhriota\u00edocht, aerbheala\u00ed agus cothroma\u00edocht istigh. <\/p>\n","protected":false},"featured_media":17679,"comment_status":"open","ping_status":"closed","template":"","meta":[],"product_brand":[],"product_cat":[2522,2562],"product_tag":[],"merken":[],"class_list":{"0":"post-6633","1":"product","2":"type-product","3":"status-publish","4":"has-post-thumbnail","6":"product_cat-saibhriu","7":"product_cat-tae","8":"infinite-scroll-item","9":"sales-flash-overlay","10":"woocommerce-text-align-center","11":"woocommerce-image-align-center","12":"do-quantity-buttons","14":"first","15":"instock","16":"taxable","17":"shipping-taxable","18":"purchasable","19":"product-type-simple"},"_links":{"self":[{"href":"https:\/\/www.ngdcare.nl\/ga\/wp-json\/wp\/v2\/product\/6633","targetHints":{"allow":["GET"]}}],"collection":[{"href":"https:\/\/www.ngdcare.nl\/ga\/wp-json\/wp\/v2\/product"}],"about":[{"href":"https:\/\/www.ngdcare.nl\/ga\/wp-json\/wp\/v2\/types\/product"}],"replies":[{"embeddable":true,"href":"https:\/\/www.ngdcare.nl\/ga\/wp-json\/wp\/v2\/comments?post=6633"}],"wp:featuredmedia":[{"embeddable":true,"href":"https:\/\/www.ngdcare.nl\/ga\/wp-json\/wp\/v2\/media\/17679"}],"wp:attachment":[{"href":"https:\/\/www.ngdcare.nl\/ga\/wp-json\/wp\/v2\/media?parent=6633"}],"wp:term":[{"taxonomy":"product_brand","embeddable":true,"href":"https:\/\/www.ngdcare.nl\/ga\/wp-json\/wp\/v2\/product_brand?post=6633"},{"taxonomy":"product_cat","embeddable":true,"href":"https:\/\/www.ngdcare.nl\/ga\/wp-json\/wp\/v2\/product_cat?post=6633"},{"taxonomy":"product_tag","embeddable":true,"href":"https:\/\/www.ngdcare.nl\/ga\/wp-json\/wp\/v2\/product_tag?post=6633"},{"taxonomy":"merken","embeddable":true,"href":"https:\/\/www.ngdcare.nl\/ga\/wp-json\/wp\/v2\/merken?post=6633"}],"curies":[{"name":"wp","href":"https:\/\/api.w.org\/{rel}","templated":true}]}}