{"id":6786,"date":"2025-04-01T16:24:29","date_gmt":"2025-04-01T14:24:29","guid":{"rendered":"https:\/\/www.ngdcare.nl\/product\/uncategorized\/protacal-giardia\/"},"modified":"2026-04-19T19:35:21","modified_gmt":"2026-04-19T17:35:21","slug":"protacal-giardia","status":"publish","type":"product","link":"https:\/\/www.ngdcare.nl\/ga\/product\/veterinary-health\/protacail\/protacal-giardia\/","title":{"rendered":"Pr\u00f3tacal Giardia"},"content":{"rendered":"<p style=\"font-weight: 400;\">Is sead\u00e1n intestinal \u00e9 Giardia a d&#8217;fh\u00e9adfadh a bheith ina ch\u00fais le hair\u00edonna cos\u00fail le buinneach, st\u00f3il luaineacha agus emaciation. Cuireann Pr\u00f3tacal Giardia C\u00faram NGD r\u00e9iteach n\u00e1d\u00fartha ar f\u00e1il agus oiri\u00fanach d&#8217;ionfhabht\u00fa g\u00e9armh\u00edochaine n\u00f3 ainsealach.  Chomh maith le hionfhabht\u00fa giardia, is f\u00e9idir an pr\u00f3tacal a \u00fas\u00e1id le haghaidh parais\u00edt\u00ed intestinal eile.<\/p>\n<div><strong>Plean Teiripe Giardia G\u00e9armh\u00edochaine<\/strong><\/div>\n<div>\n<ul>\n<li><strong>NAC\/berberine<\/strong>. Baineann NAC an bithscann\u00e1n sead\u00e1nacha le giardia. B\u00e1s Berberine Giardia.  <\/li>\n<li><strong>Taca\u00edocht p\u00e9isteanna<\/strong>. Bl\u00e1thola\u00ed a mhara\u00edonn an Giardia. <\/li>\n<li class=\"O3\"><strong>Prebiotics<\/strong>. T\u00e1 prebiotics iolracha agus <em>Sacharomyces Boulardii<\/em> ann. Spreagann s\u00e9 an microbiome agus crutha\u00edonn s\u00e9 symbiosis.  <\/li>\n<li class=\"O3\"><strong>Probiotics<\/strong>. T\u00e1 50 cine\u00e1l baict\u00e9arach agus giosta \u00e9ags\u00fala sa kefir uisce agus cinnt\u00edonn s\u00e9 go spreagtar an microbiome gut n\u00edos m\u00f3 f\u00f3s. <\/li>\n<\/ul>\n<div><strong>Plean Teiripe Giardia Ainsealach<\/strong><\/div>\n<div><\/div>\n<div>I gc\u00e1s ionfhabht\u00fa Giardia ainsealach n\u00f3 athfhillteach, molaimid an giardia a ch\u00f3ire\u00e1il ar feadh tr\u00e9imhse n\u00edos faide agus iarmhairt\u00ed an giardia a ch\u00f3ire\u00e1il. D\u00e9anaimid \u00e9 seo len\u00e1r bPr\u00f3tacal Bput\u00f3g. Is leor pac\u00e1iste den phr\u00f3tacal fairsing seo le haghaidh 4 seachtaine de ch\u00e9im 1 agus 4 seachtaine de ch\u00e9im 2 do mhadra 10-30kg. M\u00e1 t\u00e1 do mhadra n\u00edos troime n\u00f3 m\u00e1 theasta\u00edonn uait c\u00f3ire\u00e1il a dh\u00e9anamh ar feadh 8 seachtaine in aghaidh na c\u00e9ime, beidh n\u00edos m\u00f3 pac\u00e1ist\u00ed ag teast\u00e1il uait.   <\/div>\n<div><\/div>\n<div>\n<ul>\n<li>\n<\/li>\n<\/ul>\n<\/div>\n<\/div>\n","protected":false},"excerpt":{"rendered":"<p style=\"font-weight: 400;\">Taca\u00edonn Pr\u00f3tacal Giardia C\u00faraim NGD le hionfhabht\u00fa sead\u00e1nacha lean\u00fanach n\u00f3 ionfhabht\u00fa Giardia agus gear\u00e1in st\u00e9igeacha lean\u00fanacha cos\u00fail le buinneach, flatulence agus ions\u00fa cothaitheach laghdaithe. D\u00edr\u00edonn an pr\u00f3tacal ar lucht\u00fa sead\u00e1nacha a chosc, an fl\u00f3ra intestinal a athbhun\u00fa agus an balla intestinal a neart\u00fa i gcl\u00e1r 2 mh\u00ed a t\u00f3gadh go c\u00faramach. <\/p>\n","protected":false},"featured_media":12082,"comment_status":"open","ping_status":"closed","template":"","meta":{"wds_primary_product_brand":0,"wds_primary_product_cat":0,"wds_primary_merken":0},"product_brand":[],"product_cat":[2881],"product_tag":[2891,2893,2882,1894,2896,2892,2885,1892,2883,2888,2886,2895,2894,1908],"merken":[],"class_list":{"0":"post-6786","1":"product","2":"type-product","3":"status-publish","4":"has-post-thumbnail","6":"product_cat-protacail","7":"product_tag-berberine-ga","8":"product_tag-bithscannan","9":"product_tag-buinneach","10":"product_tag-cat-ga","11":"product_tag-coireail-nadurtha","12":"product_tag-deisiuchan-bputog","13":"product_tag-giardia-ga","14":"product_tag-madra","15":"product_tag-nac-ga","16":"product_tag-paraisiti","17":"product_tag-peisteanna","18":"product_tag-protacal-curaim-ngd","19":"product_tag-protacal-giardia","20":"product_tag-slainte-gut","21":"infinite-scroll-item","22":"sales-flash-overlay","23":"woocommerce-text-align-center","24":"woocommerce-image-align-center","25":"do-quantity-buttons","27":"first","28":"instock","29":"sale","30":"taxable","31":"shipping-taxable","32":"purchasable","33":"product-type-simple"},"_links":{"self":[{"href":"https:\/\/www.ngdcare.nl\/ga\/wp-json\/wp\/v2\/product\/6786","targetHints":{"allow":["GET"]}}],"collection":[{"href":"https:\/\/www.ngdcare.nl\/ga\/wp-json\/wp\/v2\/product"}],"about":[{"href":"https:\/\/www.ngdcare.nl\/ga\/wp-json\/wp\/v2\/types\/product"}],"replies":[{"embeddable":true,"href":"https:\/\/www.ngdcare.nl\/ga\/wp-json\/wp\/v2\/comments?post=6786"}],"wp:featuredmedia":[{"embeddable":true,"href":"https:\/\/www.ngdcare.nl\/ga\/wp-json\/wp\/v2\/media\/12082"}],"wp:attachment":[{"href":"https:\/\/www.ngdcare.nl\/ga\/wp-json\/wp\/v2\/media?parent=6786"}],"wp:term":[{"taxonomy":"product_brand","embeddable":true,"href":"https:\/\/www.ngdcare.nl\/ga\/wp-json\/wp\/v2\/product_brand?post=6786"},{"taxonomy":"product_cat","embeddable":true,"href":"https:\/\/www.ngdcare.nl\/ga\/wp-json\/wp\/v2\/product_cat?post=6786"},{"taxonomy":"product_tag","embeddable":true,"href":"https:\/\/www.ngdcare.nl\/ga\/wp-json\/wp\/v2\/product_tag?post=6786"},{"taxonomy":"merken","embeddable":true,"href":"https:\/\/www.ngdcare.nl\/ga\/wp-json\/wp\/v2\/merken?post=6786"}],"curies":[{"name":"wp","href":"https:\/\/api.w.org\/{rel}","templated":true}]}}