{"id":6796,"date":"2025-01-29T14:25:22","date_gmt":"2025-01-29T13:25:22","guid":{"rendered":"https:\/\/www.ngdcare.nl\/product\/uncategorized\/prebiotics-snaithin-prebiotic\/"},"modified":"2026-04-29T21:54:23","modified_gmt":"2026-04-29T19:54:23","slug":"prebiotics-snaithin-prebiotic","status":"publish","type":"product","link":"https:\/\/www.ngdcare.nl\/ga\/product\/cogaslann-peatai-nadurtha\/beocht-ghinearalta\/prebiotics-snaithin-prebiotic\/","title":{"rendered":"Sn\u00e1ith\u00edn prebiotic"},"content":{"rendered":"<p class=\"font-claude-response-body break-words whitespace-normal leading-[1.7]\">Sn\u00e1ith\u00edn\u00ed Prebiotic C\u00faram NGD: prebiotics speictrim leathan le haghaidh microbiome \u00e9ags\u00fail agus athl\u00e9imneach i madra\u00ed, cait agus daoine<\/p>\n<p class=\"font-claude-response-body break-words whitespace-normal leading-[1.7]\">Is sn\u00e1ith\u00edn\u00ed coipthe iad prebiotics a fheidhm\u00edonn mar bhia do bhaict\u00e9ir gut tairbhi\u00fala. Murab ionann agus probiotics, a chuireann baict\u00e9ir bheo leis, spreagann prebiotics f\u00e1s agus gn\u00edomha\u00edocht na mbaict\u00e9ar at\u00e1 i l\u00e1thair cheana f\u00e9in sa mhiocr\u00f3m gut. D\u00e1 mh\u00e9ad \u00e9ags\u00fail an sol\u00e1thar prebiotic, is m\u00f3 tr\u00e9ithchine\u00e1lacha baict\u00e9aracha \u00e9ags\u00fala a chotha\u00edtear agus is l\u00e1idre an microbiome a thagann chun cinn.  <\/p>\n<p class=\"font-claude-response-body break-words whitespace-normal leading-[1.7]\">T\u00e1 na c\u00faig phr\u00edomhghr\u00fapa prebiotic in aon fhoirmle amh\u00e1in ag NGD Care Prebiotic Fibers. Spreagann inulin agus FOS (fructooligosaccharides) \u00f3 fhr\u00e9amh siocaire speicis Bifidobacterium agus Lactobacillus go pr\u00edomha agus is iad na sn\u00e1ith\u00edn\u00ed prebiotic is fearr a ndearnadh taighde orthu le haghaidh t\u00f3g\u00e1il microbiome. Beatha\u00edonn arabinogalactans \u00f3 shn\u00e1ith\u00edn\u00ed acacia speictream n\u00edos leithne baict\u00e9ir, lena n-\u00e1ir\u00edtear speicis a th\u00e1irgeann butyrate at\u00e1 riachtanach don bhacainn intestinal agus don ch\u00f3ras imdh\u00edonachta \u00e1iti\u00fail. T\u00e1 \u00e9ifeacht dh\u00edreach frithmhiocr\u00f3bach ag MOS (mannan-oligosaccharides) \u00f3 Saccharomyces boulardii tr\u00ed cheangal le baict\u00e9ir phataigineacha agus bac a chur ar a ggreamaitheacht leis an mballa intestinal, agus ag an am c\u00e9anna baict\u00e9ir thairbhi\u00fala a spreagadh go roghnach. Is polaisi\u00faicr\u00edd\u00ed iad b\u00e9ite-ghl\u00fac\u00e1in \u00f3n muisiri\u00fan Agaricus blazei le hair\u00edonna prebiotic agus imdh\u00edonachta-mhodhn\u00fa tr\u00ed mhacraif agus cealla marfacha n\u00e1d\u00fartha a ghn\u00edomhacht\u00fa.    <\/p>\n<p class=\"font-claude-response-body break-words whitespace-normal leading-[1.7]\">T\u00e1 an teaglaim de na ceithre amh\u00e1bhar seo curtha le ch\u00e9ile d&#8217;aon ghn\u00f3 chun an speictream is leithne is f\u00e9idir de chine\u00e1lacha baict\u00e9aracha a bheath\u00fa. Spreagann sn\u00e1ith\u00edn prebiotic amh\u00e1in cuid den mhiocr\u00f3m i gc\u00f3na\u00ed; N\u00ed thugann ach measc\u00e1n prebiotic \u00e9ags\u00fail microbiome \u00e9ags\u00fail, agus is \u00e9 sin go d\u00edreach an rud a chinneann athl\u00e9imneacht, cumhacht d\u00edle\u00e1, agus sl\u00e1inte ioml\u00e1n. <\/p>\n<p class=\"font-claude-response-body break-words whitespace-normal leading-[1.7]\">Is \u00e9 butyrate, an t-aig\u00e9ad sailleach gearr-slabhra a th\u00e1irgtear le linn coipeadh sn\u00e1ith\u00edn\u00ed prebiotic, an phr\u00edomhfhoinse fuinnimh do colonocytes agus modhn\u00f3ir d\u00edreach de l\u00e9iri\u00fa acomhal daingean agus feidhm imdh\u00edonachta intestinal. T\u00e1 bacainn gut n\u00edos l\u00e1idre ag microbiome a th\u00e1irgeann go leor butyrate, athlasadh n\u00edos l\u00fa sist\u00e9amach, agus freagra n\u00edos fearr ar antaigin\u00ed aiste bia. <\/p>\n<p class=\"font-claude-response-body break-words whitespace-normal leading-[1.7]\">Is f\u00e9idir Sn\u00e1ith\u00edn\u00ed Prebiotic a \u00fas\u00e1id go forleathan mar thaca\u00edocht mhiocr\u00f3bach laeth\u00fail, mar aisghabh\u00e1il tar \u00e9is antaibheathach, deworming n\u00f3 buinneach, mar chuid de <a href=\"https:\/\/www.ngdcare.nl\/ga\/product\/protacail\/protacal-giardia\/\">Phr\u00f3tacal Giardia<\/a> agus mar chomhph\u00e1irt riachtanach de <a href=\"https:\/\/www.ngdcare.nl\/ga\/product\/dilea\/protacal-bputog\/\">Phr\u00f3tacal Gut<\/a> C\u00faraim NGD.<\/p>\n<p class=\"font-claude-response-body break-words whitespace-normal leading-[1.7]\">Ar mhaith leat n\u00edos m\u00f3 a l\u00e9amh faoi \u00e9ifeacht prebiotics, c\u00falra eola\u00edoch an mhiocr\u00f3im agus r\u00f3l aig\u00e9id shailleacha gearr-slabhra? L\u00e9igh an p\u00edosa c\u00falra fairsing: Prebiotics i madra\u00ed agus cait: microbiome, butyrate agus bacainn intestinal m\u00ednithe [nasc chuig leathanach blag]. <\/p>\n","protected":false},"excerpt":{"rendered":"<p style=\"font-weight: 400;\">Foirmle prebiotic leathan le inulin, FOS, MOS, arabinogalactans agus b\u00e9ite-glucans. Taca\u00edonn s\u00e9 leis an micribhitheach, le feidhm intestinal agus le sl\u00e1inte fhorioml\u00e1n madra\u00ed agus cait. <\/p>\n","protected":false},"featured_media":17733,"comment_status":"open","ping_status":"closed","template":"","meta":{"wds_primary_product_brand":0,"wds_primary_product_cat":0,"wds_primary_merken":0},"product_brand":[],"product_cat":[2129,1809,1888,1890],"product_tag":[1894,2649,2920,2921,1916,1892,1912,2916,1908,2919],"merken":[],"class_list":{"0":"post-6796","1":"product","2":"type-product","3":"status-publish","4":"has-post-thumbnail","6":"product_cat-beocht-ghinearalta","7":"product_cat-coras-imdhionachta","8":"product_cat-dilea","9":"product_cat-forliontai-ortomoilineach","10":"product_tag-cat-ga","11":"product_tag-dilea","12":"product_tag-excrement-ga","13":"product_tag-flora-intestinal","14":"product_tag-forliontai-curaim-ngd","15":"product_tag-madra","16":"product_tag-micribhithom","17":"product_tag-prebiotics-ga","18":"product_tag-slainte-gut","19":"product_tag-snaithin","20":"infinite-scroll-item","21":"sales-flash-overlay","22":"woocommerce-text-align-center","23":"woocommerce-image-align-center","24":"do-quantity-buttons","26":"first","27":"instock","28":"taxable","29":"shipping-taxable","30":"purchasable","31":"product-type-simple"},"_links":{"self":[{"href":"https:\/\/www.ngdcare.nl\/ga\/wp-json\/wp\/v2\/product\/6796","targetHints":{"allow":["GET"]}}],"collection":[{"href":"https:\/\/www.ngdcare.nl\/ga\/wp-json\/wp\/v2\/product"}],"about":[{"href":"https:\/\/www.ngdcare.nl\/ga\/wp-json\/wp\/v2\/types\/product"}],"replies":[{"embeddable":true,"href":"https:\/\/www.ngdcare.nl\/ga\/wp-json\/wp\/v2\/comments?post=6796"}],"wp:featuredmedia":[{"embeddable":true,"href":"https:\/\/www.ngdcare.nl\/ga\/wp-json\/wp\/v2\/media\/17733"}],"wp:attachment":[{"href":"https:\/\/www.ngdcare.nl\/ga\/wp-json\/wp\/v2\/media?parent=6796"}],"wp:term":[{"taxonomy":"product_brand","embeddable":true,"href":"https:\/\/www.ngdcare.nl\/ga\/wp-json\/wp\/v2\/product_brand?post=6796"},{"taxonomy":"product_cat","embeddable":true,"href":"https:\/\/www.ngdcare.nl\/ga\/wp-json\/wp\/v2\/product_cat?post=6796"},{"taxonomy":"product_tag","embeddable":true,"href":"https:\/\/www.ngdcare.nl\/ga\/wp-json\/wp\/v2\/product_tag?post=6796"},{"taxonomy":"merken","embeddable":true,"href":"https:\/\/www.ngdcare.nl\/ga\/wp-json\/wp\/v2\/merken?post=6796"}],"curies":[{"name":"wp","href":"https:\/\/api.w.org\/{rel}","templated":true}]}}