{"id":6816,"date":"2025-04-06T23:44:30","date_gmt":"2025-04-06T21:44:30","guid":{"rendered":"https:\/\/www.ngdcare.nl\/product\/uncategorized\/protacal-craicinn\/"},"modified":"2026-05-03T15:24:43","modified_gmt":"2026-05-03T13:24:43","slug":"protacal-craicinn","status":"publish","type":"product","link":"https:\/\/www.ngdcare.nl\/ga\/product\/veterinary-health\/protacail\/protacal-craicinn\/","title":{"rendered":"Pr\u00f3tacal craicinn"},"content":{"rendered":"<p class=\"font-claude-response-body break-words whitespace-normal leading-[1.7]\">Pr\u00f3tacal Craicinn C\u00faraim NGD: taca\u00edocht chomhth\u00e1ite do ghear\u00e1in chraicinn, itching agus aill\u00e9irg\u00ed i madra\u00ed agus cait<\/p>\n<p class=\"font-claude-response-body break-words whitespace-normal leading-[1.7]\">Is annamh a bh\u00edonn fadhbanna craicinn i madra\u00ed agus cait go h\u00e1iti\u00fail. Taobh thiar de itching athfhillteach, eczema, caillteanas gruaige n\u00f3 athlasadh craicinn, t\u00e1 \u00e9agothroime sist\u00e9amach beagnach i gc\u00f3na\u00ed sa ch\u00f3ras imdh\u00edonachta, sa mhiocr\u00f3m gut, sa rial\u00e1il athlasadh n\u00f3 sa fhreagairt struis. T\u00e1 Pr\u00f3tacal Craicinn C\u00faram NGD curtha in oiri\u00faint d\u00f3 seo: ceithre fhorl\u00edonadh comhl\u00e1ntach, gach ceann acu a thugann aghaidh ar nasc difri\u00fail sa ch\u00f3ras seo.  <\/p>\n<p class=\"font-claude-response-body break-words whitespace-normal leading-[1.7]\">Is iad MSM agus quercetin (Histamine Balance) bun\u00fas antihistamine agus frith-athlastach an phr\u00f3tacail. Sol\u00e1thra\u00edonn Methylsulfonylmethane (MSM) sulfar bith-infhaighte le haghaidh sint\u00e9is collagen agus t\u00e1irgeadh keratin agus t\u00e1 air\u00edonna frith-athlastacha agus antipruritic d\u00edreacha aige tr\u00ed chosc a chur ar NF-\u03baB. Is flavonoid \u00e9 Quercetin le gn\u00edomh antihistamine at\u00e1 \u00e1bhartha go clinici\u00fail tr\u00ed chosc a chur ar dh\u00edghr\u00e1n\u00fa cranncheall, an truicear l\u00e1rnach in imoibrithe aill\u00e9irgeacha craicinn. Le ch\u00e9ile, tugann siad aghaidh ar an bhfreagairt g\u00e9armh\u00edochaine histamine agus ar an bhfreagairt athlastach bun\u00fasach.   <\/p>\n<p class=\"font-claude-response-body break-words whitespace-normal leading-[1.7]\">Modhna\u00edonn an Coimpl\u00e9asc PEA \/ Boswellia an freagra athlastach n\u00edos doimhne tr\u00ed ghn\u00edomhacht\u00fa PPAR-alfa agus cosc 5-lipoxygenase. F\u00e1gann s\u00e9 seo go bhfuil s\u00e9 oiri\u00fanach le h\u00fas\u00e1id go fadt\u00e9armach le haghaidh fadhbanna craicinn ainsealacha, gan fo-iarsma\u00ed corticosteroid\u00ed n\u00f3 NSAIDanna at\u00e1 ina fhadhb d\u00e1ir\u00edre le h\u00fas\u00e1id fhadt\u00e9armach. <\/p>\n<p class=\"font-claude-response-body break-words whitespace-normal leading-[1.7]\">Taca\u00edonn Coimpl\u00e9asc Imdh\u00edonachta Myco (measc\u00e1n muisiri\u00fan 1) leis an gcothroma\u00edocht imdh\u00edonachta tr\u00ed bh\u00e9ite-ghl\u00fac\u00e1in \u00f3 bheac\u00e1in \u00edocshl\u00e1nacha. I ngalar craicinn aill\u00e9irgeach, is \u00e9 an cur isteach imdh\u00edoneola\u00edoch l\u00e1rnach freagra ceannasach Th2. Spreagann b\u00e9ite-ghl\u00fac\u00e1in l\u00e1mh Th1 an ch\u00f3rais imdh\u00edonachta agus cabhra\u00edonn siad leis an gcothroma\u00edocht Th1 \/ Th2 a athbhun\u00fa. Ar an mbealach seo, n\u00ed thugann siad aghaidh ar na hair\u00edonna ach ar bhunch\u00fais imdh\u00edoneola\u00edoch an r\u00f3-imoibri\u00fa aill\u00e9irgeach.   <\/p>\n<p class=\"font-claude-response-body break-words whitespace-normal leading-[1.7]\">Sol\u00e1thra\u00edonn ola Calanus aig\u00e9id shailleacha omega-3 ardchaighde\u00e1in (EPA, DHA, agus an t-aig\u00e9ad stearidonic uath\u00fail) in \u00e9ineacht le astaxanthin. Nearta\u00edonn aig\u00e9id shailleacha Omega-3 feidhm bhacainn craicinn agus modhna\u00edonn siad an cos\u00e1n aig\u00e9ad arachidonic le glan\u00e9ifeacht frith-athlastach. Cosna\u00edonn Astaxanthin cealla craicinn \u00f3 dham\u00e1iste ocsa\u00eddi\u00fach\u00e1in in athlasadh ainsealach.  <\/p>\n<p class=\"font-claude-response-body break-words whitespace-normal leading-[1.7]\">I gc\u00e1s itching a bhaineann le strus, is f\u00e9idir <a href=\"https:\/\/www.ngdcare.nl\/product\/natuurdierenapotheek\/algemene-vitaliteit\/liposomal-myco-adaptogen-complex\/\">Coimpl\u00e9asc Adaptogen Myco<\/a> breise (measc\u00e1n muisiri\u00fan 2) n\u00f3 <a href=\"https:\/\/www.ngdcare.nl\/product\/natuurdierenapotheek\/liposomaal\/liposomal-cbd-oil\/\">ola CBD<\/a> a \u00fas\u00e1id. Maidir le paist\u00ed eczema g\u00e9armh\u00edochaine, moltar <a href=\"https:\/\/www.ngdcare.nl\/product\/natuurdierenapotheek-2\/ozonproducten-dier\/ozoncare\/\">uachtar \u00f3z\u00f3in<\/a> n\u00f3 sprae\u00e1la airgid-since coll\u00f3ideach mar fhorl\u00edonadh tr\u00e1th\u00fail. <\/p>\n<p class=\"font-claude-response-body break-words whitespace-normal leading-[1.7]\">I gc\u00e1s gear\u00e1in chraicinn ainsealacha n\u00f3 athfhillteacha, is f\u00e9idir an Pr\u00f3tacal Craicinn a chomhcheangal i gc\u00f3na\u00ed le <a href=\"https:\/\/www.ngdcare.nl\/product\/natuurdierenapotheek-2\/protocollen-dier\/darmprotocol\/\">Pr\u00f3tacal Bput\u00f3g C\u00faraim NGD<\/a>. Is pointe aird \u00e1bhartha \u00e9 an ais gut-craiceann beagnach i gc\u00f3na\u00ed i bhfadhbanna craicinn ainsealacha. Oibr\u00edonn an Pr\u00f3tacal Gut in dh\u00e1 ch\u00e9im: D\u00edr\u00edonn C\u00e9im 1 (seachtain\u00ed 1 go 8) ar dh\u00edghr\u00e1d\u00fa bithscann\u00e1in, cosc a chur ar athlasadh \u00edseal-ghr\u00e1d agus d\u00edthocsaini\u00fa tr\u00ed Mheasc\u00e1n Eins\u00edm 2, Curcumin Liposomal agus Chlorella-Spirulina-Alfalfa, arna fhorl\u00edonadh le bonn cothaitheach de thart ar 80% beatha \u00far n\u00f3 fliuch. D\u00edr\u00edonn C\u00e9im 2 (seachtain\u00ed 8 go 16) ar dheisi\u00fa balla intestinal, t\u00f3g\u00e1il microbiome agus taca\u00edocht d\u00edle\u00e1 eins\u00edmeach. Gan cothroma\u00edocht bhacainn gut agus microbiome a athbhun\u00fa, leanann gach pr\u00f3tacal craicinn ag obair go siompt\u00f3mach seachas aghaidh a thabhairt ar an \u00e9agothroime bun\u00fasach.    <\/p>\n<p class=\"font-claude-response-body break-words whitespace-normal leading-[1.7]\">Ar mhaith leat n\u00edos m\u00f3 a l\u00e9amh faoin ais gut-craiceann agus bun\u00fas eola\u00edoch an phr\u00f3tacail seo? L\u00e9igh an p\u00edosa c\u00falra fairsing: Fadhbanna craicinn i madra\u00ed agus cait: an ais gut-craiceann agus an pr\u00f3tacal comhth\u00e1ite [nasc chuig leathanach blag]. <\/p>\n","protected":false},"excerpt":{"rendered":"<p style=\"font-weight: 400;\">Taca\u00edonn Pr\u00f3tacal Craicinn C\u00faraim NGD le fadhbanna g\u00e9armh\u00edochaine agus ainsealacha craicinn cos\u00fail le itching, eczema, hotspots agus aill\u00e9irg\u00ed. Comhcheangla\u00edonn s\u00e9 cosc athlasadh, cothroma\u00edocht imdh\u00edonachta agus deisi\u00fa craicinn i bpr\u00f3tacal praitici\u00fail 4 seachtaine amh\u00e1in. <\/p>\n","protected":false},"featured_media":12218,"comment_status":"open","ping_status":"closed","template":"","meta":{"wds_primary_product_brand":0,"wds_primary_product_cat":0,"wds_primary_merken":0},"product_brand":[],"product_cat":[2881],"product_tag":[3013,3017,3019,3014,3020,1894,3011,3018,3012,1892,3009,3007,3008,2088,3015,2895,3010,3016],"merken":[],"class_list":{"0":"post-6816","1":"product","2":"type-product","3":"status-publish","4":"has-post-thumbnail","6":"product_cat-protacail","7":"product_tag-ailleirge","8":"product_tag-ailleirgi","9":"product_tag-athlasadh","10":"product_tag-beacain","11":"product_tag-bowswellia-ga","12":"product_tag-cat-ga","13":"product_tag-craiceann","14":"product_tag-deisiuchan-craicinn","15":"product_tag-itch-ga","16":"product_tag-madra","17":"product_tag-msm-ga","18":"product_tag-ola-calanus","19":"product_tag-omega-3-ga","20":"product_tag-pea-ga","21":"product_tag-protacal-craicinn","22":"product_tag-protacal-curaim-ngd","23":"product_tag-quercetin-ga","24":"product_tag-slainte-an-chraicinn","25":"infinite-scroll-item","26":"sales-flash-overlay","27":"woocommerce-text-align-center","28":"woocommerce-image-align-center","29":"do-quantity-buttons","31":"first","32":"instock","33":"sale","34":"taxable","35":"shipping-taxable","36":"purchasable","37":"product-type-simple"},"_links":{"self":[{"href":"https:\/\/www.ngdcare.nl\/ga\/wp-json\/wp\/v2\/product\/6816","targetHints":{"allow":["GET"]}}],"collection":[{"href":"https:\/\/www.ngdcare.nl\/ga\/wp-json\/wp\/v2\/product"}],"about":[{"href":"https:\/\/www.ngdcare.nl\/ga\/wp-json\/wp\/v2\/types\/product"}],"replies":[{"embeddable":true,"href":"https:\/\/www.ngdcare.nl\/ga\/wp-json\/wp\/v2\/comments?post=6816"}],"wp:featuredmedia":[{"embeddable":true,"href":"https:\/\/www.ngdcare.nl\/ga\/wp-json\/wp\/v2\/media\/12218"}],"wp:attachment":[{"href":"https:\/\/www.ngdcare.nl\/ga\/wp-json\/wp\/v2\/media?parent=6816"}],"wp:term":[{"taxonomy":"product_brand","embeddable":true,"href":"https:\/\/www.ngdcare.nl\/ga\/wp-json\/wp\/v2\/product_brand?post=6816"},{"taxonomy":"product_cat","embeddable":true,"href":"https:\/\/www.ngdcare.nl\/ga\/wp-json\/wp\/v2\/product_cat?post=6816"},{"taxonomy":"product_tag","embeddable":true,"href":"https:\/\/www.ngdcare.nl\/ga\/wp-json\/wp\/v2\/product_tag?post=6816"},{"taxonomy":"merken","embeddable":true,"href":"https:\/\/www.ngdcare.nl\/ga\/wp-json\/wp\/v2\/merken?post=6816"}],"curies":[{"name":"wp","href":"https:\/\/api.w.org\/{rel}","templated":true}]}}